{"id":100,"date":"2018-02-16T11:55:40","date_gmt":"2018-02-16T10:55:40","guid":{"rendered":"http:\/\/www.esoz-projekty.cz\/?page_id=100"},"modified":"2018-02-22T11:56:16","modified_gmt":"2018-02-22T10:56:16","slug":"where-i-live","status":"publish","type":"page","link":"https:\/\/www.esoz-projekty.cz\/?page_id=100","title":{"rendered":"Where I Live"},"content":{"rendered":"<h1><img loading=\"lazy\" class=\"alignnone wp-image-111\" src=\"http:\/\/www.esoz-projekty.cz\/wp-content\/uploads\/2018\/02\/Erasmus-300x65.jpg\" alt=\"\" width=\"347\" height=\"75\" srcset=\"https:\/\/www.esoz-projekty.cz\/wp-content\/uploads\/2018\/02\/Erasmus-300x65.jpg 300w, https:\/\/www.esoz-projekty.cz\/wp-content\/uploads\/2018\/02\/Erasmus-768x166.jpg 768w, https:\/\/www.esoz-projekty.cz\/wp-content\/uploads\/2018\/02\/Erasmus.jpg 800w\" sizes=\"(max-width: 347px) 100vw, 347px\" \/>\u00a0 \u00a0<img loading=\"lazy\" class=\"alignnone wp-image-65\" src=\"http:\/\/www.esoz-projekty.cz\/wp-content\/uploads\/2018\/02\/WIL_Logo-1-300x125.png\" alt=\"\" width=\"240\" height=\"100\" srcset=\"https:\/\/www.esoz-projekty.cz\/wp-content\/uploads\/2018\/02\/WIL_Logo-1-300x125.png 300w, https:\/\/www.esoz-projekty.cz\/wp-content\/uploads\/2018\/02\/WIL_Logo-1-768x320.png 768w, https:\/\/www.esoz-projekty.cz\/wp-content\/uploads\/2018\/02\/WIL_Logo-1-1024x427.png 1024w, https:\/\/www.esoz-projekty.cz\/wp-content\/uploads\/2018\/02\/WIL_Logo-1.png 1200w\" sizes=\"(max-width: 240px) 100vw, 240px\" \/><\/h1>\n<p><strong>\u010c\u00edslo projektu<\/strong>: 2017-1-CZ01-KA219-035537<\/p>\n<p><strong>Realizace projektu:<\/strong>\u00a001.09.2017 &#8211;\u00a031-07-2020<\/p>\n<p><strong><img loading=\"lazy\" class=\"alignleft wp-image-141 size-medium\" src=\"http:\/\/www.esoz-projekty.cz\/wp-content\/uploads\/2018\/02\/logo-szko\u0142y-300x132.jpg\" alt=\"\" width=\"300\" height=\"132\" srcset=\"https:\/\/www.esoz-projekty.cz\/wp-content\/uploads\/2018\/02\/logo-szko\u0142y-300x132.jpg 300w, https:\/\/www.esoz-projekty.cz\/wp-content\/uploads\/2018\/02\/logo-szko\u0142y-768x337.jpg 768w, https:\/\/www.esoz-projekty.cz\/wp-content\/uploads\/2018\/02\/logo-szko\u0142y.jpg 933w\" sizes=\"(max-width: 300px) 100vw, 300px\" \/>Partner:<\/strong> <a href=\"http:\/\/www.zsl-13.pl\/\">Zespol Szkol Licealnych w Mor\u0105gu<\/a> (Polsko)<\/p>\n<p>Projekt v&nbsp;partnerstv\u00ed mezi \u0161kolami pod\u00e1van\u00fd s&nbsp;partnerskou \u0161kolou v&nbsp;Polsku (Mor\u0105g). Ka\u017edoro\u010dn\u011b budou organizov\u00e1ny 2 pobyty z\u00e1stupc\u016f \u017e\u00e1k\u016f a u\u010ditel\u016f \u0161kol (v\u017edy 6 \u017e\u00e1k\u016f a 2 u\u010ditel\u00e9 za 1 \u0161kolu) u jedn\u00e9 partnersk\u00e9 \u0161koly.<\/p>\n<p>\u0160koly se postupn\u011b prost\u0159\u00eddaj\u00ed tak, \u017ee ka\u017ed\u00e1 bude hostitelskou organizac\u00ed dvakr\u00e1t v&nbsp;pr\u016fb\u011bhu projektu. P\u0159ed t\u011bmito v\u00fdjezdy budou zpracov\u00e1ny prezentace p\u0159ed v\u00fdjezdem a po jeho ukon\u010den\u00ed p\u0159enos informac\u00ed na \u017e\u00e1ky a ve\u0159ejnost v&nbsp;organizac\u00edch. A to p\u0159edev\u0161\u00edm formou projektov\u00fdch dn\u00ed a v\u00fdstav.<\/p>\n<p><strong>Hlavn\u00ed p\u0159\u00ednos:<\/strong> Zv\u00fd\u0161en\u00ed kompetenc\u00ed pr\u00e1ce v&nbsp;mezin\u00e1rodn\u00edm t\u00fdmu, vyu\u017eit\u00ed ciz\u00edho jazyka v&nbsp;praxi.<\/p>\n<p>Tento projekt je postaven na \u00fazk\u00e9 mezin\u00e1rodn\u00ed spolupr\u00e1ci v\u0161ech t\u0159\u00ed zapojen\u00fdch \u0161kol. Reaguje na st\u00e1le vzr\u016fstaj\u00edc\u00ed spot\u0159ebu a pot\u0159ebu soun\u00e1le\u017eitosti s&nbsp;p\u0159\u00edrodou. V&nbsp;glob\u00e1ln\u00ed spole\u010dnosti je pot\u0159eba um\u011bt pracovat v&nbsp;mezin\u00e1rodn\u00edch t\u00fdmech, vyu\u017e\u00edvat nov\u00fdch technologi\u00ed.<\/p>\n<h3>C\u00edle<\/h3>\n<p>C\u00edlem projektu je podpora rozvoje a z\u00edsk\u00e1v\u00e1n\u00ed dovednost\u00ed a kompetenc\u00ed pro \u017e\u00e1ky, u\u010ditele i nepedagogick\u00e9 pracovn\u00edky. Pro \u017e\u00e1ky to bude p\u0159edev\u0161\u00edm praktick\u00fd p\u0159\u00edklad t\u00fdmov\u00e9 pr\u00e1ce a to jak na n\u00e1rodn\u00ed, tak mezin\u00e1rodn\u00ed \u00farovni. Osvoj\u00ed si prezenta\u010dn\u00ed dovednosti v&nbsp;angli\u010dtin\u011b, p\u0159edev\u0161\u00edm v&nbsp;oblasti zam\u011b\u0159en\u00e9 na oblasti, kde \u017eij\u00ed a \u017eivotn\u00ed prost\u0159ed\u00ed. U\u010ditel\u00e9 budou v&nbsp;roli mentor\u016f, ne u\u010ditel\u016f, co\u017e bude pro n\u011b nov\u00e1 v\u00fdzva. V\u0161ichni budou pracovat v&nbsp;mezin\u00e1rodn\u00edch t\u00fdmech a povedou workshopy.<\/p>\n<p>Je t\u0159eba pochopit problematiku \u017eivotn\u00edho prost\u0159ed\u00ed v&nbsp;\u0161ir\u0161\u00edm m\u011b\u0159\u00edtku, a to nejen v&nbsp;oblasti m\u00edstn\u00edch nebo n\u00e1rodn\u00edch z\u00e1jm\u016f. V&nbsp;kontextu \u0161koln\u00edho vzd\u011bl\u00e1v\u00e1n\u00ed nen\u00ed k&nbsp;dispozici dostatek prostoru pro tyto t\u00e9mata a neexistuje mo\u017enost aktivn\u00ed komunikace v&nbsp;problematice z&nbsp;pohledu lid\u00ed s&nbsp;odli\u0161n\u00fdm kulturn\u00edm, geografick\u00fdm a soci\u00e1ln\u00edm z\u00e1zem\u00edm.<\/p>\n<h3>Dopady<\/h3>\n<p>Dopad na \u00fa\u010dastn\u00edky<br \/>\nHlavn\u00ed dopad na \u00fa\u010dastn\u00edky projektu bude v&nbsp;zlep\u0161en\u00ed jazykov\u00fdch dovednost\u00ed, p\u0159edev\u0161\u00edm vyu\u017e\u00edv\u00e1n\u00ed praktick\u00e9ho jazyka. Velk\u00fd p\u0159\u00ednos vid\u00edme tak\u00e9 v&nbsp;osobnostn\u00edm a person\u00e1ln\u00edm rozvoji a to p\u0159edev\u0161\u00edm: schopnost pr\u00e1ce v&nbsp;t\u00fdmu (jak lok\u00e1ln\u00edm, tak mezin\u00e1rodn\u00edm), z\u00edsk\u00e1n\u00ed v\u0161eobecn\u00e9ho rozhledu, zv\u00fd\u0161en\u00ed prezenta\u010dn\u00edch dovednost\u00ed a vyu\u017e\u00edv\u00e1n\u00ed modern\u00edch zp\u016fsob\u016f komunikace i v&nbsp;r\u00e1mci &#8222;\u0161koln\u00edch a pracovn\u00edch&#8220;, nejen osobn\u00edch.<\/p>\n<p><strong>Dopad na zapojen\u00e9 organizace:<\/strong><br \/>\nZv\u00fd\u0161en\u00ed uplatnitelnosti \u017e\u00e1k\u016f na evropsk\u00e9m trhu pr\u00e1ce. Zv\u00fd\u0161en\u00ed motivace k&nbsp;u\u010den\u00ed jazyk\u016f jak u \u017e\u00e1k\u016f \u0161koly, tak i pedagogick\u00e9ho sboru. Mo\u017enost srovn\u00e1n\u00ed p\u0159\u00edstup\u016f ve v\u00fduce pr\u016f\u0159ezov\u00fdch t\u00e9ma \u2013 ekologie, podpora podnikavosti, podpora projektov\u00e9ho vzd\u011bl\u00e1v\u00e1n\u00ed. Znalosti a zku\u0161enosti z&nbsp;projekt\u016f jsou a budou c\u00edlen\u011b p\u0159en\u00e1\u0161eny nejen na \u017e\u00e1ky \u0161koly, ale tak\u00e9 do spolupr\u00e1ce se z\u00e1kladn\u00edmi \u0161kolami s&nbsp;c\u00edlem zajistit lep\u0161\u00ed prostupnost a udr\u017eitelnost vzd\u011bl\u00e1v\u00e1n\u00ed.<\/p>\n<p><strong>Dopad na m\u00edstn\u00ed komunitu:<\/strong><br \/>\nZpracov\u00e1n\u00edm a propagac\u00ed vznikl\u00fdch v\u00fdstup\u016f a mobilit dojde k&nbsp;zv\u00fd\u0161en\u00ed pov\u011bdom\u00ed o spolupracuj\u00edc\u00edch st\u00e1tech i v&nbsp;m\u00edstn\u00ed komunit\u011b. Takto p\u0159enesen\u00e9 <a href=\"http:\/\/www.esoz-projekty.cz\/wp-includes\/theme-oute\/\">repliques de omega<\/a> informace budou m\u00edt vy\u0161\u0161\u00ed vypov\u00eddaj\u00edc\u00ed hodnotu ne\u017e jen zprost\u0159edkovan\u00e9 televiz\u00ed a dal\u0161\u00edmi m\u00e9dii, bez osobn\u00ed \u00fa\u010dasti n\u011bkoho z&nbsp;regionu.<\/p>\n<p><strong>Ostatn\u00ed aktivity<\/strong><br \/>\nV\u0161ichni partne\u0159i uspo\u0159\u00e1daj\u00ed lok\u00e1ln\u00ed konference k&nbsp;projektu. Poskytnou ve\u0161ker\u00e9 v\u00fdstupy projektu pro pot\u0159eby dal\u0161\u00edch organizac\u00ed.<\/p>\n<p>V tomto technick\u00e9m v\u011bku se st\u00e1le v\u00edce vzdalujeme od \u017eivota, kter\u00fd byl zalo\u017een na p\u0159irozen\u00e9m sou\u017eit\u00ed s&nbsp;p\u0159\u00edrodou. Pro svou pot\u0159ebu vyu\u017e\u00edv\u00e1me celosv\u011btov\u00fdch zdroj\u016f potravin, materi\u00e1l\u016f a mnohdy n\u00e1m za\u010d\u00edn\u00e1 ut\u00edkat d\u016fle\u017eitost p\u0159\u00edrodn\u00edho bohatstv\u00ed kolem n\u00e1s a historie. Mnoho v\u011bdeck\u00fdch pokus\u016f je zalo\u017eeno na d\u016fkladn\u00e9m zkoum\u00e1n\u00ed p\u0159\u00edrody a jej\u00edch z\u00e1konitost\u00ed. Proto je d\u016fle\u017eit\u00e9 opakovan\u011b nab\u00edzet ucelen\u00e9 informace o t\u011bchto skute\u010dnostech a p\u0159edkl\u00e1dat je v&nbsp;kombinovan\u00e9 form\u011b \u2013 osobn\u00edm p\u0159\u00edstupu, s&nbsp;vyu\u017eit\u00edm modern\u00edch metod a internetu, a v&nbsp;neposledn\u00ed \u0159ad\u011b p\u0159\u00edm\u00fdm pobytem v&nbsp;p\u0159\u00edrod\u011b a t\u00edm z\u00e1\u017eitkovou formou a vlastn\u00edm b\u00e1d\u00e1n\u00edm.<\/p>\n","protected":false},"excerpt":{"rendered":"<p>\u00a0 \u00a0 \u010c\u00edslo projektu: 2017-1-CZ01-KA219-035537 Realizace projektu:\u00a001.09.2017 &#8211;\u00a031-07-2020 Partner: Zespol Szkol Licealnych w Mor\u0105gu (Polsko) Projekt v&nbsp;partnerstv\u00ed mezi \u0161kolami pod\u00e1van\u00fd s&nbsp;partnerskou \u0161kolou v&nbsp;Polsku (Mor\u0105g). Ka\u017edoro\u010dn\u011b budou organizov\u00e1ny 2 pobyty z\u00e1stupc\u016f \u017e\u00e1k\u016f a u\u010ditel\u016f \u0161kol (v\u017edy 6 \u017e\u00e1k\u016f a 2 u\u010ditel\u00e9 za 1 \u0161kolu) u jedn\u00e9 partnersk\u00e9 \u0161koly. \u0160koly se postupn\u011b prost\u0159\u00eddaj\u00ed tak, \u017ee ka\u017ed\u00e1 bude&hellip; <br \/> <a class=\"read-more\" href=\"https:\/\/www.esoz-projekty.cz\/?page_id=100\">V\u00edce<\/a><\/p>\n","protected":false},"author":2,"featured_media":0,"parent":0,"menu_order":0,"comment_status":"closed","ping_status":"closed","template":"","meta":[],"_links":{"self":[{"href":"https:\/\/www.esoz-projekty.cz\/index.php?rest_route=\/wp\/v2\/pages\/100"}],"collection":[{"href":"https:\/\/www.esoz-projekty.cz\/index.php?rest_route=\/wp\/v2\/pages"}],"about":[{"href":"https:\/\/www.esoz-projekty.cz\/index.php?rest_route=\/wp\/v2\/types\/page"}],"author":[{"embeddable":true,"href":"https:\/\/www.esoz-projekty.cz\/index.php?rest_route=\/wp\/v2\/users\/2"}],"replies":[{"embeddable":true,"href":"https:\/\/www.esoz-projekty.cz\/index.php?rest_route=%2Fwp%2Fv2%2Fcomments&post=100"}],"version-history":[{"count":10,"href":"https:\/\/www.esoz-projekty.cz\/index.php?rest_route=\/wp\/v2\/pages\/100\/revisions"}],"predecessor-version":[{"id":455,"href":"https:\/\/www.esoz-projekty.cz\/index.php?rest_route=\/wp\/v2\/pages\/100\/revisions\/455"}],"wp:attachment":[{"href":"https:\/\/www.esoz-projekty.cz\/index.php?rest_route=%2Fwp%2Fv2%2Fmedia&parent=100"}],"curies":[{"name":"wp","href":"https:\/\/api.w.org\/{rel}","templated":true}]}}