{"id":1117,"date":"2021-06-17T07:05:10","date_gmt":"2021-06-17T09:05:10","guid":{"rendered":"https:\/\/www.esoz-projekty.cz\/?page_id=1117"},"modified":"2021-09-10T11:54:01","modified_gmt":"2021-09-10T13:54:01","slug":"technicke-kluby","status":"publish","type":"page","link":"https:\/\/www.esoz-projekty.cz\/?page_id=1117","title":{"rendered":"Technick\u00e9 kluby"},"content":{"rendered":"\n<figure class=\"wp-block-image size-large\"><img loading=\"lazy\" width=\"1024\" height=\"227\" src=\"https:\/\/www.esoz-projekty.cz\/wp-content\/uploads\/2021\/06\/Logolink_OP_VVV_hor_barva_cz-1024x227.jpg\" alt=\"\" class=\"wp-image-1146\" srcset=\"https:\/\/www.esoz-projekty.cz\/wp-content\/uploads\/2021\/06\/Logolink_OP_VVV_hor_barva_cz-1024x227.jpg 1024w, https:\/\/www.esoz-projekty.cz\/wp-content\/uploads\/2021\/06\/Logolink_OP_VVV_hor_barva_cz-300x67.jpg 300w, https:\/\/www.esoz-projekty.cz\/wp-content\/uploads\/2021\/06\/Logolink_OP_VVV_hor_barva_cz-768x170.jpg 768w, https:\/\/www.esoz-projekty.cz\/wp-content\/uploads\/2021\/06\/Logolink_OP_VVV_hor_barva_cz-1536x341.jpg 1536w, https:\/\/www.esoz-projekty.cz\/wp-content\/uploads\/2021\/06\/Logolink_OP_VVV_hor_barva_cz.jpg 1559w\" sizes=\"(max-width: 1024px) 100vw, 1024px\" \/><\/figure>\n\n\n\n<p>\u00dasteck\u00fd kraj &nbsp;aktivn\u011b podporuje zvy\u0161ov\u00e1n\u00ed kvality v\u00fduky ve v\u0161ech \u00farovn\u00edch \u0161kolstv\u00ed. V&nbsp;roce 2020 byla zah\u00e1jena realizace projektu s&nbsp;n\u00e1zvem<strong>&nbsp;\u201ePodpora polytechnick\u00e9ho vzd\u011bl\u00e1v\u00e1n\u00ed a gramotnost\u00ed v&nbsp;\u00daK\u201c<\/strong> &#8211; CZ.02.3.68\/0.0\/0.0\/19_078\/0017377<\/p>\n\n\n\n<p>Jak s\u00e1m n\u00e1zev napov\u00edd\u00e1, bude se jednat o takzvan\u00e9&nbsp;<strong>\u201eTechnick\u00e9 kluby\u201c<\/strong>, kter\u00e9 by m\u011bly nen\u00e1silnou formou sezn\u00e1mit d\u011bti s&nbsp;polytechnikou. Tato jedine\u010dn\u00e1 aktivita bude realizov\u00e1na v&nbsp;17 obc\u00edch \u00dasteck\u00e9ho kraje. Kluby budou zam\u011b\u0159eny na robotiku a programov\u00e1n\u00ed, \u0159emeslo a kreativitu a na podporu logick\u00e9ho a technick\u00e9ho my\u0161len\u00ed.<\/p>\n\n\n\n<p>C\u00edlem projektu je zv\u00fd\u0161en\u00ed z\u00e1jmu d\u011bt\u00ed a&nbsp;\u017e\u00e1k\u016f o&nbsp;studium technick\u00fdch a&nbsp;p\u0159\u00edrodov\u011bdn\u00fdch obor\u016f, pos\u00edlit manu\u00e1ln\u00ed zru\u010dnost a&nbsp;vztah k&nbsp;p\u0159\u00edrod\u011b a&nbsp;technice u\u017e i u p\u0159ed\u0161koln\u00edch d\u011bt\u00ed. V&nbsp;r\u00e1mci tohoto projektu tedy budeme spolupracovat jak se z\u00e1kladn\u00edmi&nbsp; tak i s&nbsp;mate\u0159sk\u00fdmi \u0161kolami.<\/p>\n","protected":false},"excerpt":{"rendered":"<p>\u00dasteck\u00fd kraj &nbsp;aktivn\u011b podporuje zvy\u0161ov\u00e1n\u00ed kvality v\u00fduky ve v\u0161ech \u00farovn\u00edch \u0161kolstv\u00ed. V&nbsp;roce 2020 byla zah\u00e1jena realizace projektu s&nbsp;n\u00e1zvem&nbsp;\u201ePodpora polytechnick\u00e9ho vzd\u011bl\u00e1v\u00e1n\u00ed a gramotnost\u00ed v&nbsp;\u00daK\u201c &#8211; CZ.02.3.68\/0.0\/0.0\/19_078\/0017377 Jak s\u00e1m n\u00e1zev napov\u00edd\u00e1, bude se jednat o takzvan\u00e9&nbsp;\u201eTechnick\u00e9 kluby\u201c, kter\u00e9 by m\u011bly nen\u00e1silnou formou sezn\u00e1mit d\u011bti s&nbsp;polytechnikou. Tato jedine\u010dn\u00e1 aktivita bude realizov\u00e1na v&nbsp;17 obc\u00edch \u00dasteck\u00e9ho kraje. Kluby budou zam\u011b\u0159eny&hellip; <br \/> <a class=\"read-more\" href=\"https:\/\/www.esoz-projekty.cz\/?page_id=1117\">V\u00edce<\/a><\/p>\n","protected":false},"author":3,"featured_media":0,"parent":0,"menu_order":0,"comment_status":"closed","ping_status":"closed","template":"","meta":[],"_links":{"self":[{"href":"https:\/\/www.esoz-projekty.cz\/index.php?rest_route=\/wp\/v2\/pages\/1117"}],"collection":[{"href":"https:\/\/www.esoz-projekty.cz\/index.php?rest_route=\/wp\/v2\/pages"}],"about":[{"href":"https:\/\/www.esoz-projekty.cz\/index.php?rest_route=\/wp\/v2\/types\/page"}],"author":[{"embeddable":true,"href":"https:\/\/www.esoz-projekty.cz\/index.php?rest_route=\/wp\/v2\/users\/3"}],"replies":[{"embeddable":true,"href":"https:\/\/www.esoz-projekty.cz\/index.php?rest_route=%2Fwp%2Fv2%2Fcomments&post=1117"}],"version-history":[{"count":8,"href":"https:\/\/www.esoz-projekty.cz\/index.php?rest_route=\/wp\/v2\/pages\/1117\/revisions"}],"predecessor-version":[{"id":1165,"href":"https:\/\/www.esoz-projekty.cz\/index.php?rest_route=\/wp\/v2\/pages\/1117\/revisions\/1165"}],"wp:attachment":[{"href":"https:\/\/www.esoz-projekty.cz\/index.php?rest_route=%2Fwp%2Fv2%2Fmedia&parent=1117"}],"curies":[{"name":"wp","href":"https:\/\/api.w.org\/{rel}","templated":true}]}}