{"id":1131,"date":"2021-06-17T08:25:49","date_gmt":"2021-06-17T10:25:49","guid":{"rendered":"https:\/\/www.esoz-projekty.cz\/?page_id=1131"},"modified":"2021-09-29T01:42:03","modified_gmt":"2021-09-29T03:42:03","slug":"skolni-rok-2021-2022","status":"publish","type":"page","link":"https:\/\/www.esoz-projekty.cz\/?page_id=1131","title":{"rendered":"\u0160koln\u00ed rok 2021\/2022"},"content":{"rendered":"\n<p class=\"has-text-align-center\"><strong><span class=\"has-inline-color has-vivid-red-color\">N\u00e1bor do Technick\u00e9ho klubu \u201eKOMPAS\u201c pokra\u010duje<\/span><\/strong><\/p>\n\n\n\n<p class=\"has-text-align-center\">&#8222;<strong><span class=\"has-inline-color has-vivid-cyan-blue-color\">p\u0159ij\u010f, vyrob si, odnes si, <\/span><\/strong><span class=\"has-inline-color has-vivid-cyan-blue-color\"><strong>u\u017e\u00edvej si<\/strong><\/span>&#8222;<\/p>\n\n\n\n<p><strong>Na v\u00fdb\u011br m\u00e1te z&nbsp;n\u00e1sleduj\u00edc\u00edch krou\u017ek\u016f:<\/strong><\/p>\n\n\n\n<p><strong>N\u00e1zev krou\u017eku:<\/strong> <strong>Krajsk\u00fd mistr<\/strong><br>N\u00e1pl\u0148: pr\u00e1ce se d\u0159evem, pr\u00e1ce s&nbsp;kovem<br>M\u00edsto: Chomutov, \u010cernovick\u00e1 5831 \u2013 truhl\u00e1rna<br>Kdy: \u00fater\u00fd 15:00 \u2013 17:00<br>Vhodn\u00e9 pro: \u017e\u00e1ky 2.&nbsp;stupn\u011b Z\u0160, \u017e\u00e1ky S\u0160<br>Zah\u00e1jen\u00ed: 7.&nbsp;9.&nbsp;2021<\/p>\n\n\n\n<p><\/p>\n\n\n\n<p><strong>N\u00e1zev krou\u017eku: \u0158emesln\u00fd krou\u017eek CRAFT<\/strong><br>N\u00e1pl\u0148: pr\u00e1ce se d\u0159evem, pr\u00e1ce s&nbsp;kovem<br>M\u00edsto: Chomutov, Na Mor\u00e1ni 4803 + dal\u0161\u00ed pracovi\u0161t\u011b<br>Kdy: \u010dtvrtek 15:30 \u2013 17:30<br>Vhodn\u00e9 pro: \u017e\u00e1ky 2.&nbsp;stupn\u011b Z\u0160, \u017e\u00e1ky S\u0160<\/p>\n\n\n\n<p><\/p>\n\n\n\n<p><strong>N\u00e1zev krou\u017eku: Hrou ke vzd\u011bl\u00e1v\u00e1n\u00ed<\/strong><br>N\u00e1pl\u0148: 3D tisky, robotika<br>M\u00edsto: Chomutov, Na Pr\u016fhon\u011b 4800<br>Kdy: st\u0159eda 15:00 \u2013 17:00<br>Vhodn\u00e9 pro: \u017e\u00e1ky 2.&nbsp;stupn\u011b Z\u0160, \u017e\u00e1ky S\u0160<br><\/p>\n\n\n\n<p><strong>N\u00e1zev krou\u017eku: Robot\u00edk<\/strong><br>N\u00e1pl\u0148: programov\u00e1n\u00ed, robotika<br>M\u00edsto: Chomutov, Na Pr\u016fhon\u011b 4800<br>Kdy: \u00fater\u00fd 15:00 \u2013 17:00<br>Vhodn\u00e9 pro: \u017e\u00e1ky 2.&nbsp;stupn\u011b Z\u0160, \u017e\u00e1ky S\u0160<\/p>\n\n\n\n<p><\/p>\n\n\n\n<p><strong>N\u00e1zev krou\u017eku: Elektronika hrav\u011b<\/strong><br>N\u00e1pl\u0148: stavby model\u016f dom\u016f, hr\u00e1tky s&nbsp;elektro stavebnicemi<br>M\u00edsto: Chomutov, Na Mor\u00e1ni 4803<br>Kdy: pond\u011bl\u00ed 15:00 \u2013 17:00<br>Vhodn\u00e9 pro: \u017e\u00e1ky 1.&nbsp;stupn\u011b Z\u0160<\/p>\n\n\n\n<p><\/p>\n\n\n\n<p><strong>N\u00e1zev krou\u017eku: D\u00edlni\u010dka mal\u00fdch kreativc\u016f<\/strong><br>N\u00e1pl\u0148: stavby model\u016f dom\u016f, hr\u00e1tky s&nbsp;elektro stavebnicemi<br>M\u00edsto: Chomutov, Na Pr\u016fhon\u011b 4800<br>Kdy: \u010dtvrtek 16:00 \u2013 18:00<br>Vhodn\u00e9 pro: d\u011bti M\u0160 s&nbsp;doprovodem rodi\u010d\u016f<\/p>\n\n\n\n<p><\/p>\n\n\n\n<p>Projekt: \u201ePodpora polytechnick\u00e9ho vzd\u011bl\u00e1v\u00e1n\u00ed a gramotnost\u00ed v&nbsp;\u00daK (IKAP 2A)\u201c, \u010d. projektu CZ.02.3.68\/0.0\/0.0\/19_078\/0017377<\/p>\n\n\n\n<p><strong><span class=\"has-inline-color has-vivid-red-color\">Aktivity realizovan\u00e9 v&nbsp;tomto klubu jsou pro \u00fa\u010dastn\u00edky bezplatn\u00e9<\/span><\/strong><\/p>\n\n\n\n<p><a href=\"https:\/\/forms.office.com\/r\/a3XiEgSbZM\" target=\"_blank\" rel=\"noreferrer noopener\">Elektronick\u00e1 p\u0159ihl\u00e1\u0161ka<\/a><\/p>\n\n\n\n<div class=\"wp-block-file\"><a href=\"https:\/\/www.esoz-projekty.cz\/wp-content\/uploads\/2021\/09\/tk_kompas_prihlaska_2021_2022.docx\">tk_kompas_prihlaska_2021_2022<\/a><a href=\"https:\/\/www.esoz-projekty.cz\/wp-content\/uploads\/2021\/09\/tk_kompas_prihlaska_2021_2022.docx\" class=\"wp-block-file__button\" download>St\u00e1hnout<\/a><\/div>\n\n\n\n<figure class=\"wp-block-gallery columns-0 is-cropped\"><ul class=\"blocks-gallery-grid\"><\/ul><\/figure>\n\n\n\n<figure class=\"wp-block-image size-large\"><img loading=\"lazy\" width=\"732\" height=\"1024\" src=\"https:\/\/www.esoz-projekty.cz\/wp-content\/uploads\/2021\/06\/TK11_plaka\u0301t-A3_KOMPAS_vystavy_nabory-page-001-732x1024.jpg\" alt=\"\" class=\"wp-image-1119\" srcset=\"https:\/\/www.esoz-projekty.cz\/wp-content\/uploads\/2021\/06\/TK11_plaka\u0301t-A3_KOMPAS_vystavy_nabory-page-001-732x1024.jpg 732w, https:\/\/www.esoz-projekty.cz\/wp-content\/uploads\/2021\/06\/TK11_plaka\u0301t-A3_KOMPAS_vystavy_nabory-page-001-215x300.jpg 215w, https:\/\/www.esoz-projekty.cz\/wp-content\/uploads\/2021\/06\/TK11_plaka\u0301t-A3_KOMPAS_vystavy_nabory-page-001-768x1074.jpg 768w, https:\/\/www.esoz-projekty.cz\/wp-content\/uploads\/2021\/06\/TK11_plaka\u0301t-A3_KOMPAS_vystavy_nabory-page-001-1099x1536.jpg 1099w, https:\/\/www.esoz-projekty.cz\/wp-content\/uploads\/2021\/06\/TK11_plaka\u0301t-A3_KOMPAS_vystavy_nabory-page-001-1465x2048.jpg 1465w, https:\/\/www.esoz-projekty.cz\/wp-content\/uploads\/2021\/06\/TK11_plaka\u0301t-A3_KOMPAS_vystavy_nabory-page-001-1024x1432.jpg 1024w, https:\/\/www.esoz-projekty.cz\/wp-content\/uploads\/2021\/06\/TK11_plaka\u0301t-A3_KOMPAS_vystavy_nabory-page-001-772x1080.jpg 772w, https:\/\/www.esoz-projekty.cz\/wp-content\/uploads\/2021\/06\/TK11_plaka\u0301t-A3_KOMPAS_vystavy_nabory-page-001.jpg 1828w\" sizes=\"(max-width: 732px) 100vw, 732px\" \/><\/figure>\n","protected":false},"excerpt":{"rendered":"<p>N\u00e1bor do Technick\u00e9ho klubu \u201eKOMPAS\u201c pokra\u010duje &#8222;p\u0159ij\u010f, vyrob si, odnes si, u\u017e\u00edvej si&#8222; Na v\u00fdb\u011br m\u00e1te z&nbsp;n\u00e1sleduj\u00edc\u00edch krou\u017ek\u016f: N\u00e1zev krou\u017eku: Krajsk\u00fd mistrN\u00e1pl\u0148: pr\u00e1ce se d\u0159evem, pr\u00e1ce s&nbsp;kovemM\u00edsto: Chomutov, \u010cernovick\u00e1 5831 \u2013 truhl\u00e1rnaKdy: \u00fater\u00fd 15:00 \u2013 17:00Vhodn\u00e9 pro: \u017e\u00e1ky 2.&nbsp;stupn\u011b Z\u0160, \u017e\u00e1ky S\u0160Zah\u00e1jen\u00ed: 7.&nbsp;9.&nbsp;2021 N\u00e1zev krou\u017eku: \u0158emesln\u00fd krou\u017eek CRAFTN\u00e1pl\u0148: pr\u00e1ce se d\u0159evem, pr\u00e1ce s&nbsp;kovemM\u00edsto: Chomutov, Na&hellip; <br \/> <a class=\"read-more\" href=\"https:\/\/www.esoz-projekty.cz\/?page_id=1131\">V\u00edce<\/a><\/p>\n","protected":false},"author":3,"featured_media":0,"parent":0,"menu_order":0,"comment_status":"closed","ping_status":"closed","template":"","meta":[],"_links":{"self":[{"href":"https:\/\/www.esoz-projekty.cz\/index.php?rest_route=\/wp\/v2\/pages\/1131"}],"collection":[{"href":"https:\/\/www.esoz-projekty.cz\/index.php?rest_route=\/wp\/v2\/pages"}],"about":[{"href":"https:\/\/www.esoz-projekty.cz\/index.php?rest_route=\/wp\/v2\/types\/page"}],"author":[{"embeddable":true,"href":"https:\/\/www.esoz-projekty.cz\/index.php?rest_route=\/wp\/v2\/users\/3"}],"replies":[{"embeddable":true,"href":"https:\/\/www.esoz-projekty.cz\/index.php?rest_route=%2Fwp%2Fv2%2Fcomments&post=1131"}],"version-history":[{"count":6,"href":"https:\/\/www.esoz-projekty.cz\/index.php?rest_route=\/wp\/v2\/pages\/1131\/revisions"}],"predecessor-version":[{"id":1174,"href":"https:\/\/www.esoz-projekty.cz\/index.php?rest_route=\/wp\/v2\/pages\/1131\/revisions\/1174"}],"wp:attachment":[{"href":"https:\/\/www.esoz-projekty.cz\/index.php?rest_route=%2Fwp%2Fv2%2Fmedia&parent=1131"}],"curies":[{"name":"wp","href":"https:\/\/api.w.org\/{rel}","templated":true}]}}