{"id":1191,"date":"2021-11-03T09:24:26","date_gmt":"2021-11-03T11:24:26","guid":{"rendered":"https:\/\/www.esoz-projekty.cz\/?page_id=1191"},"modified":"2024-07-10T05:47:28","modified_gmt":"2024-07-10T07:47:28","slug":"spolu-po-covidu","status":"publish","type":"page","link":"https:\/\/www.esoz-projekty.cz\/?page_id=1191","title":{"rendered":"Spolu po COVIDu"},"content":{"rendered":"\n<p>N\u00e1zev projektu: <strong>Cesta je v\u00edc ne\u017e c\u00edl<\/strong><\/p>\n\n\n\n<p>Realizace: 1.&nbsp;9.&nbsp;2021 \u2013 30.&nbsp;11.&nbsp;2021<\/p>\n\n\n\n<p>Realizace programu Spolu po COVIDu byla podpo\u0159ena Ministerstvem \u0161kolstv\u00ed, ml\u00e1de\u017ee a t\u011blov\u00fdchovy.<\/p>\n\n\n\n<p>V r\u00e1mci podm\u00ednek v\u00fdzvy Spolu po Covidu zrealizujeme 5 program\u016f pro \u017e\u00e1ky obor\u016f H \u2013 elektrik\u00e1\u0159i, z\u00e1me\u010dn\u00edci, truhl\u00e1\u0159i, tesa\u0159i, zedn\u00edci, instalat\u00e9\u0159i. Krit\u00e9riem pro v\u00fdb\u011br \u017e\u00e1k\u016f bude individu\u00e1ln\u00ed pot\u0159ebnost.<\/p>\n\n\n\n<p>Programy budou po obsahov\u00e9 str\u00e1nce rozd\u011bleny na t\u0159i \u010d\u00e1sti:<\/p>\n\n\n\n<p>a) Prim\u00e1rn\u00ed prevence v&nbsp;rozsahu 11 hodin s&nbsp;t\u00e9maty: podpora spolupracuj\u00edc\u00edho t\u0159\u00eddn\u00edho kolektivu, zaji\u0161t\u011bn\u00ed bezpe\u010dn\u00e9ho prost\u0159ed\u00ed ve \u0161kole p\u0159i setk\u00e1v\u00e1n\u00ed tv\u00e1\u0159\u00ed v&nbsp;tv\u00e1\u0159, rozvoj komunika\u010dn\u00edch dovednost\u00ed s&nbsp;c\u00edlem vytvo\u0159it pozitivn\u00ed vazby mezi \u017e\u00e1ky, mezi \u017e\u00e1ky a u\u010diteli, podporovat vz\u00e1jemnou d\u016fv\u011bru a \u00factu, z\u00e1klady spole\u010densk\u00e9ho chov\u00e1n\u00ed s&nbsp;d\u016frazem na mor\u00e1ln\u00ed hodnoty a kulturu \u0161koly, pravidla vz\u00e1jemn\u00e9ho chov\u00e1n\u00ed v&nbsp;t\u0159\u00eddn\u00edm kolektivu, pozn\u00e1v\u00e1n\u00ed t\u00fdmov\u00fdch rol\u00ed, podpora vz\u00e1jemn\u00e9 pomoci, rozvoj schopnosti u\u010dit se, Time Management, pl\u00e1nov\u00e1n\u00ed pos\u00edlen\u00ed emo\u010dn\u00ed stability a n\u00e1cvik dovednost\u00ed \u0159e\u0161en\u00ed konflikt\u016f a odol\u00e1v\u00e1n\u00ed stresu, psychohygiena.<\/p>\n\n\n\n<p>b) Glob\u00e1ln\u00ed rozvojov\u00e9 vzd\u011bl\u00e1v\u00e1n\u00ed pro \u017e\u00e1ky v&nbsp;rozsahu 5 hodin s&nbsp;t\u00e9maty: stratifikace spole\u010dnosti, p\u0159ij\u00edm\u00e1n\u00ed kulturn\u00ed a soci\u00e1ln\u00ed jinakosti, pomoc druh\u00fdm, odpov\u011bdnost za \u017eivot v&nbsp;lok\u00e1ln\u00edm prost\u0159ed\u00ed, kultura \u0161koly, program DofE, kter\u00fd je zam\u011b\u0159en na rozvoj fyzick\u00e9 zdatnosti, podporuje soun\u00e1le\u017eitost se spole\u010dnost\u00ed a dobrovolnictv\u00ed.<\/p>\n\n\n\n<p>c) Glob\u00e1ln\u00ed rozvojov\u00e9 vzd\u011bl\u00e1v\u00e1n\u00ed pro pedagogy v&nbsp;rozsahu 3 hodin s&nbsp;t\u00e9maty: sezn\u00e1men\u00ed s&nbsp;p\u0159\u00edklady v\u00fdukov\u00fdch materi\u00e1l\u016f spole\u010densk\u00fdch t\u00e9mat, metodick\u00fdmi listy pro pedagogy a pracovn\u00edmi listy pro \u017e\u00e1ky, filmov\u00fdmi dokumenty, (Chudoba a nerovnost, N\u00edzk\u00e1 m\u00edra vzd\u011blanosti, rovn\u00e9 p\u0159\u00edle\u017eitosti).<\/p>\n\n\n\n<p>\u010casov\u00e1 rozvr\u017een\u00ed pro \u017e\u00e1ky: Prvn\u00ed den \u2013 4 hodiny, druh\u00fd den: 8 hodin, t\u0159et\u00ed den 4 hodiny, celkem 16<\/p>\n\n\n\n<p>\u010casov\u00e1 rozvr\u017een\u00ed pro pedagogy: Druh\u00fd den 2 hodiny a t\u0159et\u00ed den 1 hodina<\/p>\n\n\n\n<p>Doprovodn\u00e9 aktivity: sportovn\u00ed a skupinov\u00e9 \u010dinnosti podporuj\u00edc\u00ed socializaci, hled\u00e1n\u00ed sv\u00e9ho m\u00edsta v&nbsp;kolektivu, posilov\u00e1n\u00ed zdrav\u00e9ho sebehodnocen\u00ed, t\u00fdmov\u00e9 hry, kritick\u00e9 my\u0161len\u00ed \u2013 dezinformace a Hoax.<\/p>\n\n\n\n<p>Program bude realizov\u00e1n podle pravidel \u0161koln\u00ed pobytov\u00e9 akce mimo m\u00edsto \u017eadatele. Ka\u017ed\u00e9ho programu se p\u0159\u00edmo \u00fa\u010dastn\u00ed 2 pedagogi\u010dt\u00ed pracovn\u00edci \u0161koly a extern\u00ed lekto\u0159i.<\/p>\n\n\n\n<figure class=\"wp-block-image size-full\"><img loading=\"lazy\" width=\"682\" height=\"887\" src=\"https:\/\/www.esoz-projekty.cz\/wp-content\/uploads\/2021\/11\/spolecne_po_covidu.jpg\" alt=\"\" class=\"wp-image-1196\" srcset=\"https:\/\/www.esoz-projekty.cz\/wp-content\/uploads\/2021\/11\/spolecne_po_covidu.jpg 682w, https:\/\/www.esoz-projekty.cz\/wp-content\/uploads\/2021\/11\/spolecne_po_covidu-231x300.jpg 231w\" sizes=\"(max-width: 682px) 100vw, 682px\" \/><\/figure>\n","protected":false},"excerpt":{"rendered":"<p>N\u00e1zev projektu: Cesta je v\u00edc ne\u017e c\u00edl Realizace: 1.&nbsp;9.&nbsp;2021 \u2013 30.&nbsp;11.&nbsp;2021 Realizace programu Spolu po COVIDu byla podpo\u0159ena Ministerstvem \u0161kolstv\u00ed, ml\u00e1de\u017ee a t\u011blov\u00fdchovy. V&nbsp;r\u00e1mci podm\u00ednek v\u00fdzvy Spolu po Covidu zrealizujeme 5 program\u016f pro \u017e\u00e1ky obor\u016f H \u2013 elektrik\u00e1\u0159i, z\u00e1me\u010dn\u00edci, truhl\u00e1\u0159i, tesa\u0159i, zedn\u00edci, instalat\u00e9\u0159i. Krit\u00e9riem pro v\u00fdb\u011br \u017e\u00e1k\u016f bude individu\u00e1ln\u00ed pot\u0159ebnost. Programy budou po obsahov\u00e9&hellip; <br \/> <a class=\"read-more\" href=\"https:\/\/www.esoz-projekty.cz\/?page_id=1191\">V\u00edce<\/a><\/p>\n","protected":false},"author":1,"featured_media":0,"parent":18,"menu_order":0,"comment_status":"closed","ping_status":"closed","template":"","meta":[],"_links":{"self":[{"href":"https:\/\/www.esoz-projekty.cz\/index.php?rest_route=\/wp\/v2\/pages\/1191"}],"collection":[{"href":"https:\/\/www.esoz-projekty.cz\/index.php?rest_route=\/wp\/v2\/pages"}],"about":[{"href":"https:\/\/www.esoz-projekty.cz\/index.php?rest_route=\/wp\/v2\/types\/page"}],"author":[{"embeddable":true,"href":"https:\/\/www.esoz-projekty.cz\/index.php?rest_route=\/wp\/v2\/users\/1"}],"replies":[{"embeddable":true,"href":"https:\/\/www.esoz-projekty.cz\/index.php?rest_route=%2Fwp%2Fv2%2Fcomments&post=1191"}],"version-history":[{"count":4,"href":"https:\/\/www.esoz-projekty.cz\/index.php?rest_route=\/wp\/v2\/pages\/1191\/revisions"}],"predecessor-version":[{"id":1334,"href":"https:\/\/www.esoz-projekty.cz\/index.php?rest_route=\/wp\/v2\/pages\/1191\/revisions\/1334"}],"up":[{"embeddable":true,"href":"https:\/\/www.esoz-projekty.cz\/index.php?rest_route=\/wp\/v2\/pages\/18"}],"wp:attachment":[{"href":"https:\/\/www.esoz-projekty.cz\/index.php?rest_route=%2Fwp%2Fv2%2Fmedia&parent=1191"}],"curies":[{"name":"wp","href":"https:\/\/api.w.org\/{rel}","templated":true}]}}