{"id":1233,"date":"2022-01-17T09:53:38","date_gmt":"2022-01-17T11:53:38","guid":{"rendered":"https:\/\/www.esoz-projekty.cz\/?page_id=1233"},"modified":"2022-01-17T09:58:50","modified_gmt":"2022-01-17T11:58:50","slug":"podpora-uspesnosti-ve-vzdelavani-v-usteckem-kraji-uk-ikap-b2-reg-cislo-cz-02-3-68-0-0-0-0-19_078-0017431","status":"publish","type":"page","link":"https:\/\/www.esoz-projekty.cz\/?page_id=1233","title":{"rendered":"Podpora \u00fasp\u011b\u0161nosti ve vzd\u011bl\u00e1v\u00e1n\u00ed"},"content":{"rendered":"\n<figure class=\"wp-block-gallery columns-1 is-cropped\"><ul class=\"blocks-gallery-grid\"><li class=\"blocks-gallery-item\"><figure><img loading=\"lazy\" width=\"1024\" height=\"227\" src=\"https:\/\/www.esoz-projekty.cz\/wp-content\/uploads\/2022\/01\/Logolink_OP_VVV_hor_barva_cz-1024x227.jpg\" alt=\"\" data-id=\"1235\" data-full-url=\"https:\/\/www.esoz-projekty.cz\/wp-content\/uploads\/2022\/01\/Logolink_OP_VVV_hor_barva_cz.jpg\" data-link=\"https:\/\/www.esoz-projekty.cz\/?attachment_id=1235\" class=\"wp-image-1235\" srcset=\"https:\/\/www.esoz-projekty.cz\/wp-content\/uploads\/2022\/01\/Logolink_OP_VVV_hor_barva_cz-1024x227.jpg 1024w, https:\/\/www.esoz-projekty.cz\/wp-content\/uploads\/2022\/01\/Logolink_OP_VVV_hor_barva_cz-300x67.jpg 300w, https:\/\/www.esoz-projekty.cz\/wp-content\/uploads\/2022\/01\/Logolink_OP_VVV_hor_barva_cz-768x170.jpg 768w, https:\/\/www.esoz-projekty.cz\/wp-content\/uploads\/2022\/01\/Logolink_OP_VVV_hor_barva_cz-1536x341.jpg 1536w, https:\/\/www.esoz-projekty.cz\/wp-content\/uploads\/2022\/01\/Logolink_OP_VVV_hor_barva_cz.jpg 1559w\" sizes=\"(max-width: 1024px) 100vw, 1024px\" \/><\/figure><\/li><\/ul><\/figure>\n\n\n\n<p>Podpora \u00fasp\u011b\u0161nosti ve vzd\u011bl\u00e1v\u00e1n\u00ed v\u00a0\u00dasteck\u00e9m kraji (\u00daK IKAP B2), reg. \u010d\u00edslo CZ.02.3.68\/0.0\/0.0\/19_078\/0017431<\/p>\n\n\n\n<p><strong>Tento projekt je spolufinancov\u00e1n Evropskou uni\u00ed v\u00a0r\u00e1mci Opera\u010dn\u00edho programu V\u00fdzkum, v\u00fdvoj a vzd\u011bl\u00e1v\u00e1n\u00ed<\/strong><\/p>\n\n\n\n<p>Projekt je zam\u011b\u0159en na realizaci opat\u0159en\u00ed v&nbsp;n\u00e1vaznosti na Krajsk\u00fd ak\u010dn\u00ed pl\u00e1n 2 a na schv\u00e1lenou \u0160kolskou inkluzivn\u00ed koncepci \u00dasteck\u00e9ho kraje s&nbsp;c\u00edlem zv\u00fd\u0161it kvalitu vzd\u011bl\u00e1v\u00e1n\u00ed v&nbsp;kraji s&nbsp;d\u016frazem na \u0161koly vzd\u011bl\u00e1vaj\u00edc\u00ed vy\u0161\u0161\u00ed pod\u00edl \u017e\u00e1k\u016f se SVP v\u010d. \u017e\u00e1k\u016f nadan\u00fdch.<\/p>\n\n\n\n<p>Projekt \u0159e\u0161\u00ed problematiku p\u0159ed\u010dasn\u00fdch odchod\u016f \u017e\u00e1k\u016f ze vzd\u011bl\u00e1v\u00e1n\u00ed, kter\u00e9 jsou vzhledem ke struktu\u0159e obyvatelstva a po\u010dtu soci\u00e1ln\u011b vylou\u010den\u00fdch lokalit v&nbsp;\u00dasteck\u00e9m kraji zna\u010dn\u00fdm probl\u00e9mem. Soust\u0159e\u010fuje se na problematiku spole\u010dn\u00e9ho vzd\u011bl\u00e1v\u00e1n\u00ed, tak aby doch\u00e1zelo nejen k&nbsp;rozvoji \u017e\u00e1k\u016f se speci\u00e1ln\u00edmi vzd\u011bl\u00e1vac\u00edmi pot\u0159ebami (SVP) v\u010d. \u017e\u00e1k\u016f nadan\u00fdch a jejich za\u010dlen\u011bn\u00ed do \u0161koln\u00edho prost\u0159ed\u00ed, ale z\u00e1rove\u0148 chce podpo\u0159it i pedagogick\u00e9 pracovn\u00edky v&nbsp;jejich odbornosti a metodick\u00e9m veden\u00ed jak \u017e\u00e1k\u016f se SVP, tak i nadan\u00fdch \u017e\u00e1k\u016f.<\/p>\n\n\n\n<p>C\u00edlem projektu je podpo\u0159it pedagogick\u00e9 pracovn\u00edky v&nbsp;rozvoji v\u011bdomost\u00ed, znalost\u00ed a kompetenc\u00ed zam\u011b\u0159en\u00fdch na spole\u010dn\u00e9 vzd\u011bl\u00e1v\u00e1n\u00ed, zv\u00fd\u0161it kvalitu vzd\u011bl\u00e1v\u00e1n\u00ed v&nbsp;kraji s&nbsp;d\u016frazem na \u0161koly vzd\u011bl\u00e1vaj\u00edc\u00ed vy\u0161\u0161\u00ed pod\u00edl d\u011bt\u00ed a \u017e\u00e1k\u016f se SVP v\u010d. \u017e\u00e1k\u016f nadan\u00fdch, podpo\u0159it \u017e\u00e1ky se SVP v&nbsp;komunika\u010dn\u00edch dovednostech. D\u00e1le projekt c\u00edl\u00ed na propojen\u00ed vzd\u011bl\u00e1v\u00e1n\u00ed s&nbsp;prov\u00e1zanost\u00ed na trh pr\u00e1ce (oblast kari\u00e9rov\u00e9ho poradenstv\u00ed), zmonitorov\u00e1n\u00ed hlavn\u00edch p\u0159\u00ed\u010diny p\u0159ed\u010dasn\u00fdch odchod\u016f ze vzd\u011bl\u00e1v\u00e1n\u00ed a sn\u00ed\u017een\u00ed jejich mno\u017estv\u00ed. C\u00edlem projektu je tak\u00e9 zv\u00fd\u0161en\u00ed kvality vzd\u011bl\u00e1v\u00e1n\u00ed formou podpory vybran\u00fdch aktivit \u0161kol jednotkov\u00fdmi n\u00e1klady napl\u0148uj\u00edc\u00edch opat\u0159en\u00ed definovan\u00e1 v&nbsp;krajsk\u00e9m ak\u010dn\u00edm pl\u00e1nu a \u0161koln\u00edm ak\u010dn\u00edm pl\u00e1nu.<\/p>\n\n\n\n<p>&nbsp;Aktivity projektu:<\/p>\n\n\n\n<p>&#8211; \u0158\u00edzen\u00ed projektu<br>&#8211; Rozvoj kari\u00e9rov\u00e9ho poradenstv\u00ed<br>&#8211; Prevence p\u0159ed\u010dasn\u00fdch odchod\u016f ze vzd\u011bl\u00e1v\u00e1n\u00ed<br>&#8211; Podpora rovn\u00fdch p\u0159\u00edle\u017eitost\u00ed ve vzd\u011bl\u00e1v\u00e1n\u00ed<br>&#8211; \u0160ablony S\u0160 a VO\u0160 III (Podpora \u0161kol formou jednotkov\u00fdch n\u00e1klad\u016f)<\/p>\n\n\n\n<p>Podrobn\u00e9 informace o projektu a jednotliv\u00fdch kl\u00ed\u010dov\u00fdch aktivit\u00e1ch v\u010detn\u011b realizovan\u00fdch a pl\u00e1novan\u00fdch akc\u00ed naleznete zde: <a href=\"https:\/\/rskuk.cz\/podpora-uspesnosti-ve-vzdelavani-v-usteckem-kraji-uk-ikap-b2\">https:\/\/rskuk.cz\/podpora-uspesnosti-ve-vzdelavani-v-usteckem-kraji-uk-ikap-b2<\/a><\/p>\n","protected":false},"excerpt":{"rendered":"<p>Podpora \u00fasp\u011b\u0161nosti ve vzd\u011bl\u00e1v\u00e1n\u00ed v\u00a0\u00dasteck\u00e9m kraji (\u00daK IKAP B2), reg. \u010d\u00edslo CZ.02.3.68\/0.0\/0.0\/19_078\/0017431 Tento projekt je spolufinancov\u00e1n Evropskou uni\u00ed v\u00a0r\u00e1mci Opera\u010dn\u00edho programu V\u00fdzkum, v\u00fdvoj a vzd\u011bl\u00e1v\u00e1n\u00ed Projekt je zam\u011b\u0159en na realizaci opat\u0159en\u00ed v&nbsp;n\u00e1vaznosti na Krajsk\u00fd ak\u010dn\u00ed pl\u00e1n 2 a na schv\u00e1lenou \u0160kolskou inkluzivn\u00ed koncepci \u00dasteck\u00e9ho kraje s&nbsp;c\u00edlem zv\u00fd\u0161it kvalitu vzd\u011bl\u00e1v\u00e1n\u00ed v&nbsp;kraji s&nbsp;d\u016frazem na \u0161koly vzd\u011bl\u00e1vaj\u00edc\u00ed vy\u0161\u0161\u00ed&hellip; <br \/> <a class=\"read-more\" href=\"https:\/\/www.esoz-projekty.cz\/?page_id=1233\">V\u00edce<\/a><\/p>\n","protected":false},"author":3,"featured_media":0,"parent":0,"menu_order":0,"comment_status":"closed","ping_status":"closed","template":"","meta":[],"_links":{"self":[{"href":"https:\/\/www.esoz-projekty.cz\/index.php?rest_route=\/wp\/v2\/pages\/1233"}],"collection":[{"href":"https:\/\/www.esoz-projekty.cz\/index.php?rest_route=\/wp\/v2\/pages"}],"about":[{"href":"https:\/\/www.esoz-projekty.cz\/index.php?rest_route=\/wp\/v2\/types\/page"}],"author":[{"embeddable":true,"href":"https:\/\/www.esoz-projekty.cz\/index.php?rest_route=\/wp\/v2\/users\/3"}],"replies":[{"embeddable":true,"href":"https:\/\/www.esoz-projekty.cz\/index.php?rest_route=%2Fwp%2Fv2%2Fcomments&post=1233"}],"version-history":[{"count":3,"href":"https:\/\/www.esoz-projekty.cz\/index.php?rest_route=\/wp\/v2\/pages\/1233\/revisions"}],"predecessor-version":[{"id":1239,"href":"https:\/\/www.esoz-projekty.cz\/index.php?rest_route=\/wp\/v2\/pages\/1233\/revisions\/1239"}],"wp:attachment":[{"href":"https:\/\/www.esoz-projekty.cz\/index.php?rest_route=%2Fwp%2Fv2%2Fmedia&parent=1233"}],"curies":[{"name":"wp","href":"https:\/\/api.w.org\/{rel}","templated":true}]}}