{"id":1268,"date":"2024-07-09T08:34:15","date_gmt":"2024-07-09T10:34:15","guid":{"rendered":"https:\/\/www.esoz-projekty.cz\/?page_id=1268"},"modified":"2024-07-10T08:30:29","modified_gmt":"2024-07-10T10:30:29","slug":"ehta-2","status":"publish","type":"page","link":"https:\/\/www.esoz-projekty.cz\/?page_id=1268","title":{"rendered":"EHTA 2"},"content":{"rendered":"\n<figure class=\"wp-block-image size-full is-resized\"><img loading=\"lazy\" src=\"https:\/\/www.esoz-projekty.cz\/wp-content\/uploads\/2024\/07\/logo.jpg\" alt=\"\" class=\"wp-image-1366\" width=\"344\" height=\"72\" srcset=\"https:\/\/www.esoz-projekty.cz\/wp-content\/uploads\/2024\/07\/logo.jpg 576w, https:\/\/www.esoz-projekty.cz\/wp-content\/uploads\/2024\/07\/logo-300x63.jpg 300w\" sizes=\"(max-width: 344px) 100vw, 344px\" \/><\/figure>\n\n\n\n<figure class=\"wp-block-image size-full is-resized\"><img loading=\"lazy\" src=\"https:\/\/www.esoz-projekty.cz\/wp-content\/uploads\/2024\/07\/logo2.png\" alt=\"\" class=\"wp-image-1272\" width=\"274\" height=\"96\" srcset=\"https:\/\/www.esoz-projekty.cz\/wp-content\/uploads\/2024\/07\/logo2.png 446w, https:\/\/www.esoz-projekty.cz\/wp-content\/uploads\/2024\/07\/logo2-300x105.png 300w\" sizes=\"(max-width: 274px) 100vw, 274px\" \/><\/figure>\n\n\n\n<p><strong>Education in Hydrogen Technologies Area 2 (EHTA2<\/strong>)<br>2023-1-CZ01-KA220-VET-000161714<br><strong>Erasmus+ priorities:<\/strong> Environment and climate change<br><strong>Additional priorities:<\/strong> Adapting vocational education and training to labour market needs<br>Contributing to innovation in VET<br><\/p>\n\n\n\n<p><strong>Objective of the project:<\/strong><br>\u2022 To include the topic of hydrogen in the education of existing fields of education in vocational<br>schools, by increasing the knowledge of teachers.<br>\u2022 Training for teachers in the regions of the involved partners.<br>\u2022 Develop modern online education (creation of a platform with 2D game).<br>\u2022 Developing the didactic units using the CLIL method and digital tools.<br><\/p>\n\n\n\n<p><strong>Activities:<\/strong><br>\u2022 Training and excursions for teachers involved in the project so that they can develop the<br>Hydrogen themes + train other teachers within the project.<br>\u2022 Develop modern online education (creation of a platform) that will contain not only didactic<br>units, but above all a 2D game that will allow students to acquire knowledge in an attractive<br>form.<br>\u2022 Developing the didactic units using CLIL and digital tools, based on the level of language skills<br>in the relevant fields of education.<br>\u2022 Inclusion of the topics in the education, pilot testing, consultation for teachers who have<br>received training, dissemination.<br>Date of realization: <strong>1.12.2023 \u2013 30.11.2026<\/strong><br><\/p>\n\n\n\n<p><strong>Project coordinator:<\/strong><br>St\u0159edn\u00ed odborn\u00e1 \u0161kola \u2013 Centrum odborn\u00e9 p\u0159\u00edpravy a Gymn\u00e1zium<br>Pod\u011bbradsk\u00e1 179\/1, PS\u010c: 190&nbsp;00 Praha 9 (Czech Republic)<br><\/p>\n\n\n\n<p><strong>Project partners<\/strong>:<\/p>\n\n\n\n<ol><li>St\u0159edn\u00ed odborn\u00e1 \u0161kola energetick\u00e1 a stavebn\u00ed, Obchodn\u00ed akademie a St\u0159edn\u00ed zdravotnick\u00e1<br>\u0161kola, Chomutov, p\u0159\u00edsp\u011bvkov\u00e1 organizace (Czech Republic)<\/li><li>TIBOR Gesellschaft f\u00fcr Bildung, Beratung und Vermittlung mbH (Germany)<\/li><li>IES LA MERCED (Spain)<\/li><li>SC PREDICT CSD CONSULTING SRL (Romania)<\/li><li>St\u0159edn\u00ed \u0161kola elektrotechnick\u00e1 a energetick\u00e1 Sokolnice, p\u0159\u00edsp\u011bvkov\u00e1 organizace (Czech<br>Republic)<\/li><\/ol>\n","protected":false},"excerpt":{"rendered":"<p>Education in Hydrogen Technologies Area 2 (EHTA2)2023-1-CZ01-KA220-VET-000161714Erasmus+ priorities: Environment and climate changeAdditional priorities: Adapting vocational education and training to labour market needsContributing to innovation in VET Objective of the project:\u2022 To include the topic of hydrogen in the education of existing fields of education in vocationalschools, by increasing the knowledge of teachers.\u2022 Training for teachers&hellip; <br \/> <a class=\"read-more\" href=\"https:\/\/www.esoz-projekty.cz\/?page_id=1268\">V\u00edce<\/a><\/p>\n","protected":false},"author":3,"featured_media":0,"parent":0,"menu_order":0,"comment_status":"closed","ping_status":"closed","template":"","meta":[],"_links":{"self":[{"href":"https:\/\/www.esoz-projekty.cz\/index.php?rest_route=\/wp\/v2\/pages\/1268"}],"collection":[{"href":"https:\/\/www.esoz-projekty.cz\/index.php?rest_route=\/wp\/v2\/pages"}],"about":[{"href":"https:\/\/www.esoz-projekty.cz\/index.php?rest_route=\/wp\/v2\/types\/page"}],"author":[{"embeddable":true,"href":"https:\/\/www.esoz-projekty.cz\/index.php?rest_route=\/wp\/v2\/users\/3"}],"replies":[{"embeddable":true,"href":"https:\/\/www.esoz-projekty.cz\/index.php?rest_route=%2Fwp%2Fv2%2Fcomments&post=1268"}],"version-history":[{"count":4,"href":"https:\/\/www.esoz-projekty.cz\/index.php?rest_route=\/wp\/v2\/pages\/1268\/revisions"}],"predecessor-version":[{"id":1371,"href":"https:\/\/www.esoz-projekty.cz\/index.php?rest_route=\/wp\/v2\/pages\/1268\/revisions\/1371"}],"wp:attachment":[{"href":"https:\/\/www.esoz-projekty.cz\/index.php?rest_route=%2Fwp%2Fv2%2Fmedia&parent=1268"}],"curies":[{"name":"wp","href":"https:\/\/api.w.org\/{rel}","templated":true}]}}