{"id":1311,"date":"2024-07-10T05:10:06","date_gmt":"2024-07-10T07:10:06","guid":{"rendered":"https:\/\/www.esoz-projekty.cz\/?page_id=1311"},"modified":"2024-07-10T05:15:54","modified_gmt":"2024-07-10T07:15:54","slug":"tyden-odbornych-dovednosti","status":"publish","type":"page","link":"https:\/\/www.esoz-projekty.cz\/?page_id=1311","title":{"rendered":"T\u00fdden odborn\u00fdch dovednost\u00ed"},"content":{"rendered":"\n<p class=\"has-vivid-cyan-blue-color has-text-color\"><strong>2023<\/strong><\/p>\n\n\n\n<p>V t\u00fddnu od 9.\u00a010.\u00a0do 13.\u00a010.\u00a02023 prob\u00edh\u00e1 na na\u0161\u00ed \u0161kole\u00a0<strong>T\u00fdden odborn\u00fdch dovednost\u00ed<\/strong>.\u00a0 \u017d\u00e1ci ze z\u00e1kladn\u00edch \u0161kol z\u00a0Chomutov a Jirkova maj\u00ed mo\u017enost se sezn\u00e1mit s\u00a0obory na\u0161\u00ed \u0161koly a v\u0161e si na\u017eivo osahat.\u00a0 V\u011b\u0159\u00edme, \u017ee tato zku\u0161enost jim pom\u016f\u017ee p\u0159i v\u00fdb\u011bru oboru, kter\u00fd by cht\u011bli po ukon\u010den\u00ed dev\u00e1t\u00e9 t\u0159\u00eddy studovat. \u010cekali na n\u011b na\u0161i \u017e\u00e1ci, kte\u0159\u00ed je provedli po jednotliv\u00fdch stanovi\u0161t\u00edch, kde se m\u011bli mo\u017enost obl\u00e9knout postroj pot\u0159ebn\u00fd na sla\u0148ov\u00e1n\u00ed hasi\u010d\u016f, zast\u0159\u00edlet si z\u00a0laserov\u00e9 pistole, nechat si odebrat a odn\u00e9st si s\u00a0sebou sv\u016fj daktyloskopick\u00fd otisk. V\u00a0u\u010debn\u011b fyziky na n\u011b \u010dekali ji\u017e na\u0161i pedagogov\u00e9, kte\u0159\u00ed se jim sna\u017eili uk\u00e1zat, \u017ee i fyzika a chemie m\u016f\u017ee b\u00fdti z\u00e1bavn\u00e1 a v\u00a0u\u010debn\u011b m\u011b\u0159en\u00ed si mohli vyzkou\u0161et virtu\u00e1ln\u00ed realitu.<\/p>\n\n\n\n<figure class=\"wp-block-gallery has-nested-images columns-default is-cropped\">\n<figure class=\"wp-block-image size-large\"><img loading=\"lazy\" width=\"1024\" height=\"576\" data-id=\"1316\"  src=\"https:\/\/www.esoz-projekty.cz\/wp-content\/uploads\/2024\/07\/76640105_2697730783582766_3166365098813947904_n-1024x576.jpg\" alt=\"\" class=\"wp-image-1316\" srcset=\"https:\/\/www.esoz-projekty.cz\/wp-content\/uploads\/2024\/07\/76640105_2697730783582766_3166365098813947904_n-1024x576.jpg 1024w, https:\/\/www.esoz-projekty.cz\/wp-content\/uploads\/2024\/07\/76640105_2697730783582766_3166365098813947904_n-300x169.jpg 300w, https:\/\/www.esoz-projekty.cz\/wp-content\/uploads\/2024\/07\/76640105_2697730783582766_3166365098813947904_n-768x432.jpg 768w, https:\/\/www.esoz-projekty.cz\/wp-content\/uploads\/2024\/07\/76640105_2697730783582766_3166365098813947904_n-1536x864.jpg 1536w, https:\/\/www.esoz-projekty.cz\/wp-content\/uploads\/2024\/07\/76640105_2697730783582766_3166365098813947904_n.jpg 1600w\" sizes=\"(max-width: 1024px) 100vw, 1024px\" \/><\/figure>\n\n\n\n<figure class=\"wp-block-image size-large\"><img loading=\"lazy\" width=\"576\" height=\"1024\" data-id=\"1317\"  src=\"https:\/\/www.esoz-projekty.cz\/wp-content\/uploads\/2024\/07\/70906843_427756301451310_4399205018402553856_n-576x1024.jpg\" alt=\"\" class=\"wp-image-1317\" srcset=\"https:\/\/www.esoz-projekty.cz\/wp-content\/uploads\/2024\/07\/70906843_427756301451310_4399205018402553856_n-576x1024.jpg 576w, https:\/\/www.esoz-projekty.cz\/wp-content\/uploads\/2024\/07\/70906843_427756301451310_4399205018402553856_n-169x300.jpg 169w, https:\/\/www.esoz-projekty.cz\/wp-content\/uploads\/2024\/07\/70906843_427756301451310_4399205018402553856_n-768x1365.jpg 768w, https:\/\/www.esoz-projekty.cz\/wp-content\/uploads\/2024\/07\/70906843_427756301451310_4399205018402553856_n-864x1536.jpg 864w, https:\/\/www.esoz-projekty.cz\/wp-content\/uploads\/2024\/07\/70906843_427756301451310_4399205018402553856_n-608x1080.jpg 608w, https:\/\/www.esoz-projekty.cz\/wp-content\/uploads\/2024\/07\/70906843_427756301451310_4399205018402553856_n.jpg 900w\" sizes=\"(max-width: 576px) 100vw, 576px\" \/><\/figure>\n\n\n\n<figure class=\"wp-block-image size-large\"><img loading=\"lazy\" width=\"1024\" height=\"578\" data-id=\"1318\"  src=\"https:\/\/www.esoz-projekty.cz\/wp-content\/uploads\/2024\/07\/IMG_20191113_085530_resized_20191113_120620212-1024x578.jpg\" alt=\"\" class=\"wp-image-1318\" srcset=\"https:\/\/www.esoz-projekty.cz\/wp-content\/uploads\/2024\/07\/IMG_20191113_085530_resized_20191113_120620212-1024x578.jpg 1024w, https:\/\/www.esoz-projekty.cz\/wp-content\/uploads\/2024\/07\/IMG_20191113_085530_resized_20191113_120620212-300x169.jpg 300w, https:\/\/www.esoz-projekty.cz\/wp-content\/uploads\/2024\/07\/IMG_20191113_085530_resized_20191113_120620212-768x434.jpg 768w, https:\/\/www.esoz-projekty.cz\/wp-content\/uploads\/2024\/07\/IMG_20191113_085530_resized_20191113_120620212-1536x867.jpg 1536w, https:\/\/www.esoz-projekty.cz\/wp-content\/uploads\/2024\/07\/IMG_20191113_085530_resized_20191113_120620212-2048x1156.jpg 2048w, https:\/\/www.esoz-projekty.cz\/wp-content\/uploads\/2024\/07\/IMG_20191113_085530_resized_20191113_120620212-1913x1080.jpg 1913w\" sizes=\"(max-width: 1024px) 100vw, 1024px\" \/><\/figure>\n\n\n\n<figure class=\"wp-block-image size-large\"><img loading=\"lazy\" width=\"1024\" height=\"461\" data-id=\"1319\"  src=\"https:\/\/www.esoz-projekty.cz\/wp-content\/uploads\/2024\/07\/pro-fk5rx8pj-1024x461.jpeg\" alt=\"\" class=\"wp-image-1319\" srcset=\"https:\/\/www.esoz-projekty.cz\/wp-content\/uploads\/2024\/07\/pro-fk5rx8pj-1024x461.jpeg 1024w, https:\/\/www.esoz-projekty.cz\/wp-content\/uploads\/2024\/07\/pro-fk5rx8pj-300x135.jpeg 300w, https:\/\/www.esoz-projekty.cz\/wp-content\/uploads\/2024\/07\/pro-fk5rx8pj-768x346.jpeg 768w, https:\/\/www.esoz-projekty.cz\/wp-content\/uploads\/2024\/07\/pro-fk5rx8pj-1536x691.jpeg 1536w, https:\/\/www.esoz-projekty.cz\/wp-content\/uploads\/2024\/07\/pro-fk5rx8pj-2048x922.jpeg 2048w, https:\/\/www.esoz-projekty.cz\/wp-content\/uploads\/2024\/07\/pro-fk5rx8pj-1920x864.jpeg 1920w\" sizes=\"(max-width: 1024px) 100vw, 1024px\" \/><\/figure>\n<\/figure>\n","protected":false},"excerpt":{"rendered":"<p>2023 V&nbsp;t\u00fddnu od 9.\u00a010.\u00a0do 13.\u00a010.\u00a02023 prob\u00edh\u00e1 na na\u0161\u00ed \u0161kole\u00a0T\u00fdden odborn\u00fdch dovednost\u00ed.\u00a0 \u017d\u00e1ci ze z\u00e1kladn\u00edch \u0161kol z\u00a0Chomutov a Jirkova maj\u00ed mo\u017enost se sezn\u00e1mit s\u00a0obory na\u0161\u00ed \u0161koly a v\u0161e si na\u017eivo osahat.\u00a0 V\u011b\u0159\u00edme, \u017ee tato zku\u0161enost jim pom\u016f\u017ee p\u0159i v\u00fdb\u011bru oboru, kter\u00fd by cht\u011bli po ukon\u010den\u00ed dev\u00e1t\u00e9 t\u0159\u00eddy studovat. \u010cekali na n\u011b na\u0161i \u017e\u00e1ci, kte\u0159\u00ed je&hellip; <br \/> <a class=\"read-more\" href=\"https:\/\/www.esoz-projekty.cz\/?page_id=1311\">V\u00edce<\/a><\/p>\n","protected":false},"author":3,"featured_media":0,"parent":0,"menu_order":0,"comment_status":"closed","ping_status":"closed","template":"","meta":[],"_links":{"self":[{"href":"https:\/\/www.esoz-projekty.cz\/index.php?rest_route=\/wp\/v2\/pages\/1311"}],"collection":[{"href":"https:\/\/www.esoz-projekty.cz\/index.php?rest_route=\/wp\/v2\/pages"}],"about":[{"href":"https:\/\/www.esoz-projekty.cz\/index.php?rest_route=\/wp\/v2\/types\/page"}],"author":[{"embeddable":true,"href":"https:\/\/www.esoz-projekty.cz\/index.php?rest_route=\/wp\/v2\/users\/3"}],"replies":[{"embeddable":true,"href":"https:\/\/www.esoz-projekty.cz\/index.php?rest_route=%2Fwp%2Fv2%2Fcomments&post=1311"}],"version-history":[{"count":3,"href":"https:\/\/www.esoz-projekty.cz\/index.php?rest_route=\/wp\/v2\/pages\/1311\/revisions"}],"predecessor-version":[{"id":1320,"href":"https:\/\/www.esoz-projekty.cz\/index.php?rest_route=\/wp\/v2\/pages\/1311\/revisions\/1320"}],"wp:attachment":[{"href":"https:\/\/www.esoz-projekty.cz\/index.php?rest_route=%2Fwp%2Fv2%2Fmedia&parent=1311"}],"curies":[{"name":"wp","href":"https:\/\/api.w.org\/{rel}","templated":true}]}}