{"id":1505,"date":"2025-06-02T04:03:09","date_gmt":"2025-06-02T06:03:09","guid":{"rendered":"https:\/\/www.esoz-projekty.cz\/?page_id=1505"},"modified":"2025-06-02T04:03:09","modified_gmt":"2025-06-02T06:03:09","slug":"spolecne-to-zvladneme","status":"publish","type":"page","link":"https:\/\/www.esoz-projekty.cz\/?page_id=1505","title":{"rendered":"Spole\u010dn\u011b to zvl\u00e1dneme"},"content":{"rendered":"\n<figure class=\"wp-block-image size-large\"><img loading=\"lazy\" width=\"1024\" height=\"576\" src=\"https:\/\/www.esoz-projekty.cz\/wp-content\/uploads\/2025\/06\/cedule-Spolecne-1024x576.jpeg\" alt=\"\" class=\"wp-image-1503\" srcset=\"https:\/\/www.esoz-projekty.cz\/wp-content\/uploads\/2025\/06\/cedule-Spolecne-1024x576.jpeg 1024w, https:\/\/www.esoz-projekty.cz\/wp-content\/uploads\/2025\/06\/cedule-Spolecne-300x169.jpeg 300w, https:\/\/www.esoz-projekty.cz\/wp-content\/uploads\/2025\/06\/cedule-Spolecne-768x432.jpeg 768w, https:\/\/www.esoz-projekty.cz\/wp-content\/uploads\/2025\/06\/cedule-Spolecne-1536x864.jpeg 1536w, https:\/\/www.esoz-projekty.cz\/wp-content\/uploads\/2025\/06\/cedule-Spolecne.jpeg 1920w\" sizes=\"(max-width: 1024px) 100vw, 1024px\" \/><\/figure>\n","protected":false},"excerpt":{"rendered":"","protected":false},"author":3,"featured_media":0,"parent":1496,"menu_order":0,"comment_status":"closed","ping_status":"closed","template":"","meta":[],"_links":{"self":[{"href":"https:\/\/www.esoz-projekty.cz\/index.php?rest_route=\/wp\/v2\/pages\/1505"}],"collection":[{"href":"https:\/\/www.esoz-projekty.cz\/index.php?rest_route=\/wp\/v2\/pages"}],"about":[{"href":"https:\/\/www.esoz-projekty.cz\/index.php?rest_route=\/wp\/v2\/types\/page"}],"author":[{"embeddable":true,"href":"https:\/\/www.esoz-projekty.cz\/index.php?rest_route=\/wp\/v2\/users\/3"}],"replies":[{"embeddable":true,"href":"https:\/\/www.esoz-projekty.cz\/index.php?rest_route=%2Fwp%2Fv2%2Fcomments&post=1505"}],"version-history":[{"count":1,"href":"https:\/\/www.esoz-projekty.cz\/index.php?rest_route=\/wp\/v2\/pages\/1505\/revisions"}],"predecessor-version":[{"id":1506,"href":"https:\/\/www.esoz-projekty.cz\/index.php?rest_route=\/wp\/v2\/pages\/1505\/revisions\/1506"}],"up":[{"embeddable":true,"href":"https:\/\/www.esoz-projekty.cz\/index.php?rest_route=\/wp\/v2\/pages\/1496"}],"wp:attachment":[{"href":"https:\/\/www.esoz-projekty.cz\/index.php?rest_route=%2Fwp%2Fv2%2Fmedia&parent=1505"}],"curies":[{"name":"wp","href":"https:\/\/api.w.org\/{rel}","templated":true}]}}