{"id":1535,"date":"2026-01-16T08:13:55","date_gmt":"2026-01-16T10:13:55","guid":{"rendered":"https:\/\/www.esoz-projekty.cz\/?page_id=1535"},"modified":"2026-01-16T09:07:38","modified_gmt":"2026-01-16T11:07:38","slug":"energie-pod-poklickou-2025","status":"publish","type":"page","link":"https:\/\/www.esoz-projekty.cz\/?page_id=1535","title":{"rendered":"Energie pod pokli\u010dkou 2025"},"content":{"rendered":"\n<figure class=\"wp-block-image size-full is-resized\"><img loading=\"lazy\" src=\"https:\/\/www.esoz-projekty.cz\/wp-content\/uploads\/2026\/01\/chomutov_2011_logo_RGB-1-1.jpg\" alt=\"\" class=\"wp-image-1548\" width=\"194\" height=\"109\" srcset=\"https:\/\/www.esoz-projekty.cz\/wp-content\/uploads\/2026\/01\/chomutov_2011_logo_RGB-1-1.jpg 800w, https:\/\/www.esoz-projekty.cz\/wp-content\/uploads\/2026\/01\/chomutov_2011_logo_RGB-1-1-300x169.jpg 300w, https:\/\/www.esoz-projekty.cz\/wp-content\/uploads\/2026\/01\/chomutov_2011_logo_RGB-1-1-768x432.jpg 768w\" sizes=\"(max-width: 194px) 100vw, 194px\" \/><\/figure>\n\n\n\n<p><strong>Projekt je realizov\u00e1n za finan\u010dn\u00ed podpory statut\u00e1rn\u00edho m\u011bsta Chomutova<\/strong><\/p>\n\n\n\n<p><strong>C\u00edl projektu:<\/strong><\/p>\n\n\n\n<p>Roz\u0161\u00ed\u0159it znalosti \u017e\u00e1k\u016f a d\u011bt\u00ed v&nbsp;oblasti energi\u00ed a \u017eivotn\u00edho prost\u0159ed\u00ed. &nbsp;<\/p>\n\n\n\n<p>Projekt je ur\u010den pro \u017e\u00e1ky z\u00e1kladn\u00edch \u0161kol a d\u011bti mate\u0159sk\u00fdch \u0161kol. Obsah i rozsah informac\u00ed je vhodn\u00fd pro roz\u0161\u00ed\u0159en\u00ed a dopln\u011bn\u00ed u\u010diva.<\/p>\n\n\n\n<p>D\u00e1le pro \u017e\u00e1ky st\u0159edn\u00ed \u0161koly, kde reflektujeme p\u0159edev\u0161\u00edm aktu\u00e1ln\u00ed t\u00e9mata a budouc\u00ed restrukturalizaci regionu.<\/p>\n\n\n\n<p><strong>Z\u00c1KLADN\u00cd \u0160KOLY<\/strong><\/p>\n\n\n\n<p>\u010casov\u00fd rozsah: 2 \u2013 5 vyu\u010dovac\u00edch hodin (v\u00fdb\u011br t\u00e9mat, v\u010d. kombinace)<\/p>\n\n\n\n<p><strong>PRACOVI\u0160T\u011a NA PR\u016eHON\u011a \u2013 kontaktn\u00ed osoba E.Sn\u00e1\u0161el \u2013 (evzen.snasel@esoz.cz)<\/strong><\/p>\n\n\n\n<p><strong>Obnoviteln\u00e9 zdroje energie<\/strong><\/p>\n\n\n\n<ul><li>v\u011btrn\u00e1 energie<\/li><li>slune\u010dn\u00ed z\u00e1\u0159en\u00ed<\/li><li>pohyb vody<\/li><li>geoterm\u00e1ln\u00ed teplo<\/li><li>biomasa<\/li><li>nukle\u00e1rn\u00ed energie<\/li><li>vod\u00edk \u2013 praktick\u00fd workshop<\/li><\/ul>\n\n\n\n<p><strong>Robotika<\/strong><\/p>\n\n\n\n<ul><li>automatizace v\u00fdroby \u2013 pr\u016fmyslov\u00e9 manipul\u00e1tory a roboty<\/li><li>ostatn\u00ed vyu\u017eit\u00ed robot\u016f<\/li><li>hardware a software<\/li><li>praktick\u00e9 uk\u00e1zky robot\u016f<\/li><li>slo\u017een\u00ed jednoduch\u00fdch robot\u016f a ov\u011b\u0159en\u00ed funk\u010dnosti (nap\u0159. mal\u00e9 v\u011btrn\u00e9 elektr\u00e1rny, robota poh\u00e1n\u011bn\u00e9ho na slune\u010dn\u00ed pohon, apod.)<\/li><\/ul>\n\n\n\n<p><strong>Voda (pouze 1.&nbsp;stupe\u0148) \u2013 praktick\u00e9 uk\u00e1zky<\/strong><\/p>\n\n\n\n<ul><li>pH vody<\/li><li>difuze<\/li><li>povrchov\u00e9 nap\u011bt\u00ed<\/li><li>tvar kapky<\/li><li>tvrdost vody<\/li><li>p\u0159ilnavost, rozpustnost<\/li><\/ul>\n\n\n\n<p><strong>PRACOVI\u0160T\u011a NA MOR\u00c1NI \u2013 kontaktn\u00ed osoba J. Lancos \u2013 474&nbsp;471&nbsp;142 (josef.lancos@esoz.cz)<\/strong><\/p>\n\n\n\n<p><strong>V\u00fdukov\u00fd trena\u017e\u00e9r \u2013 Smart home Inteligentn\u00ed d\u016fm&nbsp;&nbsp;&nbsp;&nbsp;&nbsp;&nbsp;&nbsp;&nbsp;&nbsp;&nbsp;&nbsp;&nbsp;&nbsp;&nbsp;&nbsp;&nbsp;&nbsp;&nbsp;&nbsp;&nbsp;&nbsp;&nbsp;&nbsp;&nbsp;&nbsp;&nbsp;&nbsp;&nbsp;&nbsp;&nbsp;&nbsp;&nbsp;&nbsp;&nbsp;&nbsp;&nbsp;&nbsp;&nbsp;&nbsp;&nbsp;&nbsp;&nbsp;&nbsp;&nbsp;&nbsp;&nbsp;&nbsp;<\/strong><\/p>\n\n\n\n<ul><li>model \u010d\u00e1sti rodinn\u00e9ho domu s&nbsp;prvky v\u00fdroby elektrick\u00e9 energie pomoc\u00ed OZE a&nbsp;vyu\u017eit\u00edm nov\u00fdch technologi\u00ed k&nbsp;zaji\u0161t\u011bn\u00ed optim\u00e1ln\u00edho vnit\u0159n\u00edho prost\u0159ed\u00ed pro komfort osob<\/li><\/ul>\n\n\n\n<p>Je postupn\u011b roz\u0161i\u0159ov\u00e1n a tvo\u0159\u00ed velmi n\u00e1zornou a atraktivn\u00ed pom\u016fcku do v\u00fduky<\/p>\n\n\n\n<p><strong>Oprav\u00e1renstv\u00ed dom\u00e1c\u00edch spot\u0159ebi\u010d\u016f pro prodlou\u017een\u00ed jejich \u017eivotnosti<\/strong><\/p>\n\n\n\n<ul><li>jak udr\u017eovat spot\u0159ebi\u010de, abychom prodlou\u017eili jejich \u017eivotnost<\/li><li>mohu na st\u00e1vaj\u00edc\u00edch spot\u0159ebi\u010d\u00edch n\u011bco opravit s\u00e1m<\/li><li>z\u00e1kladn\u00ed zapojov\u00e1n\u00ed obvod\u016f na stavebnic\u00edch<\/li><li>co je to zkrat<\/li><\/ul>\n\n\n\n<p><strong>PRACOVI\u0160T\u011a \u2013 \u010cERNOVICK\u00c1 (truhl\u00e1rna \u0161koly) \u2013 kontaktn\u00ed osoba V. Rodina 474&nbsp;471&nbsp;181 (vit.rodina@esoz.cz)<\/strong><\/p>\n\n\n\n<p><strong>Les a d\u0159evo jako ned\u00edln\u00e1 sou\u010d\u00e1st p\u0159\u00edrody (teorie + praxe)&nbsp;&nbsp;&nbsp;&nbsp;&nbsp;&nbsp;&nbsp;&nbsp;&nbsp;&nbsp;&nbsp;&nbsp;&nbsp;&nbsp;&nbsp;&nbsp;&nbsp;&nbsp;&nbsp;&nbsp;&nbsp;&nbsp;&nbsp;&nbsp;&nbsp;&nbsp;&nbsp;&nbsp;&nbsp;&nbsp;&nbsp;&nbsp;&nbsp;&nbsp;&nbsp;&nbsp;&nbsp;&nbsp;&nbsp;&nbsp;&nbsp;&nbsp;&nbsp;&nbsp;&nbsp;&nbsp;&nbsp;&nbsp;&nbsp;&nbsp;<\/strong><\/p>\n\n\n\n<ul><li>informace o d\u0159evu (d\u016fle\u017eitost les\u016f v&nbsp;p\u0159\u00edrod\u011b a jejich funkce)<\/li><li>v\u00fdroba drobn\u00fdch p\u0159edm\u011bt\u016f (nap\u0159\u00edklad truhl\u00edk\u016f pro kv\u011btiny + p\u00edtko nebo mal\u00e9 krm\u00edtko) \u2013 v\u00fdrobek bude stanoven v\u017edy dle skupiny \u017e\u00e1k\u016f<\/li><li>vyu\u017eit\u00ed d\u0159ev\u011bn\u00e9ho odpadu<\/li><\/ul>\n\n\n\n<p><strong>MATE\u0158SK\u00c9 \u0160KOLY<\/strong><\/p>\n\n\n\n<p>\u010casov\u00fd rozsah: 1 \u2013 3 vyu\u010dovac\u00edch hodin<\/p>\n\n\n\n<p><strong>PRACOVI\u0160T\u011a NA PR\u016eHON\u011a<\/strong><\/p>\n\n\n\n<p><strong>\u00davod do oblasti energi\u00ed a v\u00fdroba energie<\/strong><\/p>\n\n\n\n<ul><li>co je energie<\/li><li>obnoviteln\u00e9 zdroje energie \u2013 3D modely<\/li><\/ul>\n\n\n\n<p>(vodn\u00ed energie, v\u011btrn\u00e1 energie, slune\u010dn\u00ed energie, tepeln\u00e1 \u010derpadla)<\/p>\n\n\n\n<p><strong>Robotika<\/strong><\/p>\n\n\n\n<ul><li>automatizace v\u00fdroby \u2013 pr\u016fmyslov\u00e9 manipul\u00e1tory a roboty<\/li><li>ostatn\u00ed vyu\u017eit\u00ed robot\u016f<\/li><li>praktick\u00e9 uk\u00e1zky robot\u016f<\/li><li>ov\u011b\u0159en\u00ed funk\u010dnosti (nap\u0159. mal\u00e9 v\u011btrn\u00e9 elektr\u00e1rny, robota poh\u00e1n\u011bn\u00e9ho na slune\u010dn\u00ed pohon, apod.)<\/li><\/ul>\n\n\n\n<p><strong>Voda<\/strong><\/p>\n\n\n\n<ul><li>pH vody<\/li><li>difuze<\/li><li>povrchov\u00e9 nap\u011bt\u00ed<\/li><li>tvar kapky<\/li><li>tvrdost vody<\/li><li>p\u0159ilnavost, rozpustnost<\/li><\/ul>\n\n\n\n<p><strong>PRACOVI\u0160T\u011a NA MOR\u00c1NI<\/strong><\/p>\n\n\n\n<p><strong>Dom\u00e1cnost<\/strong><\/p>\n\n\n\n<ul><li>u\u010debna oprav\u00e1renstv\u00ed \u2013 jak funguj\u00ed dom\u00e1c\u00ed spot\u0159ebi\u010de<\/li><li>st\u00edn\u00edc\u00ed technika \u2013 kdy pou\u0161t\u011bt slun\u00ed\u010dko dom\u016f a kdy ne<\/li><li>Pro\u010d p\u00edsk\u00e1 m\u011b\u0159\u00e1k u zdi a z\u00e1suvek<\/li><\/ul>\n\n\n\n<p><strong>Voda<\/strong><\/p>\n\n\n\n<ul><li>jako zdroj energie<\/li><li>cyklus vody v&nbsp;dom\u00e1cnosti<\/li><\/ul>\n\n\n\n<p>V\u00fduka bude prob\u00edhat s\u00a0n\u00e1zorn\u00fdmi uk\u00e1zkami, praktick\u00fdm cvi\u010den\u00edm. \u00a0<\/p>\n\n\n\n<p><\/p>\n\n\n\n<figure class=\"wp-block-gallery has-nested-images columns-default is-cropped\">\n<figure class=\"wp-block-image size-large\"><img loading=\"lazy\" width=\"2560\" height=\"1920\" data-id=\"1546\"  src=\"https:\/\/www.esoz-projekty.cz\/wp-content\/uploads\/2026\/01\/IMG_20251017_101406_059-scaled.jpg\" alt=\"\" class=\"wp-image-1546\" srcset=\"https:\/\/www.esoz-projekty.cz\/wp-content\/uploads\/2026\/01\/IMG_20251017_101406_059-scaled.jpg 2560w, https:\/\/www.esoz-projekty.cz\/wp-content\/uploads\/2026\/01\/IMG_20251017_101406_059-300x225.jpg 300w, https:\/\/www.esoz-projekty.cz\/wp-content\/uploads\/2026\/01\/IMG_20251017_101406_059-1024x768.jpg 1024w, https:\/\/www.esoz-projekty.cz\/wp-content\/uploads\/2026\/01\/IMG_20251017_101406_059-768x576.jpg 768w, https:\/\/www.esoz-projekty.cz\/wp-content\/uploads\/2026\/01\/IMG_20251017_101406_059-1536x1152.jpg 1536w, https:\/\/www.esoz-projekty.cz\/wp-content\/uploads\/2026\/01\/IMG_20251017_101406_059-2048x1536.jpg 2048w, https:\/\/www.esoz-projekty.cz\/wp-content\/uploads\/2026\/01\/IMG_20251017_101406_059-1440x1080.jpg 1440w\" sizes=\"(max-width: 2560px) 100vw, 2560px\" \/><\/figure>\n\n\n\n<figure class=\"wp-block-image size-large\"><img loading=\"lazy\" width=\"2560\" height=\"1920\" data-id=\"1545\"  src=\"https:\/\/www.esoz-projekty.cz\/wp-content\/uploads\/2026\/01\/IMG_20251017_081730_741-scaled.jpg\" alt=\"\" class=\"wp-image-1545\" srcset=\"https:\/\/www.esoz-projekty.cz\/wp-content\/uploads\/2026\/01\/IMG_20251017_081730_741-scaled.jpg 2560w, https:\/\/www.esoz-projekty.cz\/wp-content\/uploads\/2026\/01\/IMG_20251017_081730_741-300x225.jpg 300w, https:\/\/www.esoz-projekty.cz\/wp-content\/uploads\/2026\/01\/IMG_20251017_081730_741-1024x768.jpg 1024w, https:\/\/www.esoz-projekty.cz\/wp-content\/uploads\/2026\/01\/IMG_20251017_081730_741-768x576.jpg 768w, https:\/\/www.esoz-projekty.cz\/wp-content\/uploads\/2026\/01\/IMG_20251017_081730_741-1536x1152.jpg 1536w, https:\/\/www.esoz-projekty.cz\/wp-content\/uploads\/2026\/01\/IMG_20251017_081730_741-2048x1536.jpg 2048w, https:\/\/www.esoz-projekty.cz\/wp-content\/uploads\/2026\/01\/IMG_20251017_081730_741-1440x1080.jpg 1440w\" sizes=\"(max-width: 2560px) 100vw, 2560px\" \/><\/figure>\n\n\n\n<figure class=\"wp-block-image size-large\"><img loading=\"lazy\" width=\"2560\" height=\"1183\" data-id=\"1544\"  src=\"https:\/\/www.esoz-projekty.cz\/wp-content\/uploads\/2026\/01\/IMG_20251125_093202-scaled.jpg\" alt=\"\" class=\"wp-image-1544\" srcset=\"https:\/\/www.esoz-projekty.cz\/wp-content\/uploads\/2026\/01\/IMG_20251125_093202-scaled.jpg 2560w, https:\/\/www.esoz-projekty.cz\/wp-content\/uploads\/2026\/01\/IMG_20251125_093202-300x139.jpg 300w, https:\/\/www.esoz-projekty.cz\/wp-content\/uploads\/2026\/01\/IMG_20251125_093202-1024x473.jpg 1024w, https:\/\/www.esoz-projekty.cz\/wp-content\/uploads\/2026\/01\/IMG_20251125_093202-768x355.jpg 768w, https:\/\/www.esoz-projekty.cz\/wp-content\/uploads\/2026\/01\/IMG_20251125_093202-1536x710.jpg 1536w, https:\/\/www.esoz-projekty.cz\/wp-content\/uploads\/2026\/01\/IMG_20251125_093202-2048x946.jpg 2048w, https:\/\/www.esoz-projekty.cz\/wp-content\/uploads\/2026\/01\/IMG_20251125_093202-1920x887.jpg 1920w\" sizes=\"(max-width: 2560px) 100vw, 2560px\" \/><\/figure>\n\n\n\n<figure class=\"wp-block-image size-large\"><img loading=\"lazy\" width=\"750\" height=\"1000\" data-id=\"1543\"  src=\"https:\/\/www.esoz-projekty.cz\/wp-content\/uploads\/2026\/01\/2.jpg\" alt=\"\" class=\"wp-image-1543\" srcset=\"https:\/\/www.esoz-projekty.cz\/wp-content\/uploads\/2026\/01\/2.jpg 750w, https:\/\/www.esoz-projekty.cz\/wp-content\/uploads\/2026\/01\/2-225x300.jpg 225w\" sizes=\"(max-width: 750px) 100vw, 750px\" \/><\/figure>\n\n\n\n<figure class=\"wp-block-image size-large\"><img loading=\"lazy\" width=\"2560\" height=\"1183\" data-id=\"1541\"  src=\"https:\/\/www.esoz-projekty.cz\/wp-content\/uploads\/2026\/01\/IMG_20251103_100008-scaled.jpg\" alt=\"\" class=\"wp-image-1541\" srcset=\"https:\/\/www.esoz-projekty.cz\/wp-content\/uploads\/2026\/01\/IMG_20251103_100008-scaled.jpg 2560w, https:\/\/www.esoz-projekty.cz\/wp-content\/uploads\/2026\/01\/IMG_20251103_100008-300x139.jpg 300w, https:\/\/www.esoz-projekty.cz\/wp-content\/uploads\/2026\/01\/IMG_20251103_100008-1024x473.jpg 1024w, https:\/\/www.esoz-projekty.cz\/wp-content\/uploads\/2026\/01\/IMG_20251103_100008-768x355.jpg 768w, https:\/\/www.esoz-projekty.cz\/wp-content\/uploads\/2026\/01\/IMG_20251103_100008-1536x710.jpg 1536w, https:\/\/www.esoz-projekty.cz\/wp-content\/uploads\/2026\/01\/IMG_20251103_100008-2048x946.jpg 2048w, https:\/\/www.esoz-projekty.cz\/wp-content\/uploads\/2026\/01\/IMG_20251103_100008-1920x887.jpg 1920w\" sizes=\"(max-width: 2560px) 100vw, 2560px\" \/><\/figure>\n<\/figure>\n\n\n\n<figure class=\"wp-block-image size-full\"><img loading=\"lazy\" width=\"800\" height=\"450\" src=\"https:\/\/www.esoz-projekty.cz\/wp-content\/uploads\/2026\/01\/chomutov_2011_logo_RGB-1.jpg\" alt=\"\" class=\"wp-image-1547\" srcset=\"https:\/\/www.esoz-projekty.cz\/wp-content\/uploads\/2026\/01\/chomutov_2011_logo_RGB-1.jpg 800w, https:\/\/www.esoz-projekty.cz\/wp-content\/uploads\/2026\/01\/chomutov_2011_logo_RGB-1-300x169.jpg 300w, https:\/\/www.esoz-projekty.cz\/wp-content\/uploads\/2026\/01\/chomutov_2011_logo_RGB-1-768x432.jpg 768w\" sizes=\"(max-width: 800px) 100vw, 800px\" \/><\/figure>\n","protected":false},"excerpt":{"rendered":"<p>Projekt je realizov\u00e1n za finan\u010dn\u00ed podpory statut\u00e1rn\u00edho m\u011bsta Chomutova C\u00edl projektu: Roz\u0161\u00ed\u0159it znalosti \u017e\u00e1k\u016f a d\u011bt\u00ed v&nbsp;oblasti energi\u00ed a \u017eivotn\u00edho prost\u0159ed\u00ed. &nbsp; Projekt je ur\u010den pro \u017e\u00e1ky z\u00e1kladn\u00edch \u0161kol a d\u011bti mate\u0159sk\u00fdch \u0161kol. Obsah i rozsah informac\u00ed je vhodn\u00fd pro roz\u0161\u00ed\u0159en\u00ed a dopln\u011bn\u00ed u\u010diva. D\u00e1le pro \u017e\u00e1ky st\u0159edn\u00ed \u0161koly, kde reflektujeme p\u0159edev\u0161\u00edm aktu\u00e1ln\u00ed t\u00e9mata a&hellip; <br \/> <a class=\"read-more\" href=\"https:\/\/www.esoz-projekty.cz\/?page_id=1535\">V\u00edce<\/a><\/p>\n","protected":false},"author":3,"featured_media":0,"parent":1204,"menu_order":0,"comment_status":"closed","ping_status":"closed","template":"","meta":[],"_links":{"self":[{"href":"https:\/\/www.esoz-projekty.cz\/index.php?rest_route=\/wp\/v2\/pages\/1535"}],"collection":[{"href":"https:\/\/www.esoz-projekty.cz\/index.php?rest_route=\/wp\/v2\/pages"}],"about":[{"href":"https:\/\/www.esoz-projekty.cz\/index.php?rest_route=\/wp\/v2\/types\/page"}],"author":[{"embeddable":true,"href":"https:\/\/www.esoz-projekty.cz\/index.php?rest_route=\/wp\/v2\/users\/3"}],"replies":[{"embeddable":true,"href":"https:\/\/www.esoz-projekty.cz\/index.php?rest_route=%2Fwp%2Fv2%2Fcomments&post=1535"}],"version-history":[{"count":4,"href":"https:\/\/www.esoz-projekty.cz\/index.php?rest_route=\/wp\/v2\/pages\/1535\/revisions"}],"predecessor-version":[{"id":1549,"href":"https:\/\/www.esoz-projekty.cz\/index.php?rest_route=\/wp\/v2\/pages\/1535\/revisions\/1549"}],"up":[{"embeddable":true,"href":"https:\/\/www.esoz-projekty.cz\/index.php?rest_route=\/wp\/v2\/pages\/1204"}],"wp:attachment":[{"href":"https:\/\/www.esoz-projekty.cz\/index.php?rest_route=%2Fwp%2Fv2%2Fmedia&parent=1535"}],"curies":[{"name":"wp","href":"https:\/\/api.w.org\/{rel}","templated":true}]}}