{"id":157,"date":"2018-02-16T15:31:25","date_gmt":"2018-02-16T14:31:25","guid":{"rendered":"http:\/\/www.esoz-projekty.cz\/?page_id=157"},"modified":"2018-02-21T12:54:56","modified_gmt":"2018-02-21T11:54:56","slug":"po-skole","status":"publish","type":"page","link":"https:\/\/www.esoz-projekty.cz\/?page_id=157","title":{"rendered":"Po \u0161kole"},"content":{"rendered":"<p><img loading=\"lazy\" class=\"alignnone wp-image-206 size-large\" src=\"http:\/\/www.esoz-projekty.cz\/wp-content\/uploads\/2018\/02\/Logolink_OP_VVV_hor_barva_cz-1024x227.jpg\" alt=\"\" width=\"730\" height=\"162\" srcset=\"https:\/\/www.esoz-projekty.cz\/wp-content\/uploads\/2018\/02\/Logolink_OP_VVV_hor_barva_cz-1024x227.jpg 1024w, https:\/\/www.esoz-projekty.cz\/wp-content\/uploads\/2018\/02\/Logolink_OP_VVV_hor_barva_cz-300x67.jpg 300w, https:\/\/www.esoz-projekty.cz\/wp-content\/uploads\/2018\/02\/Logolink_OP_VVV_hor_barva_cz-768x170.jpg 768w, https:\/\/www.esoz-projekty.cz\/wp-content\/uploads\/2018\/02\/Logolink_OP_VVV_hor_barva_cz.jpg 1559w\" sizes=\"(max-width: 730px) 100vw, 730px\" \/><\/p>\n<h2 align=\"LEFT\">Z\u016fsta\u0148te s&nbsp;n\u00e1mi po \u0161kole! aneb Rozvoj kompetenc\u00ed \u017e\u00e1k\u016f Z\u0160 a S\u0160 v&nbsp;Karlovarsk\u00e9m a \u00dasteck\u00e9m kraji<\/h2>\n<p align=\"LEFT\">CZ.02.3.61\/0.0\/0.0\/16_012\/0000615<\/p>\n<p align=\"LEFT\">Opera\u010dn\u00ed program pro v\u011bdu a vzd\u011bl\u00e1v\u00e1n\u00ed &#8211; Prioritn\u00ed osa 3 &#8222;Rovn\u00fd p\u0159\u00edstup ke kvalitn\u00edmu p\u0159ed\u0161koln\u00edmi, prim\u00e1rn\u00edmu a sekund\u00e1rn\u00edmu vzd\u011bl\u00e1v\u00e1n\u00ed&#8220;.<\/p>\n<p align=\"LEFT\">Investi\u010dn\u00ed priorita 3 &#8222;Socioekonomick\u00e1 integrace marginalizovan\u00fdch skupin jako jsou Romov\u00e9<\/p>\n<p align=\"LEFT\"><span style=\"font-family: CIDFont+F4; font-size: medium;\">\u010d\u00edslo v\u00fdzvy <\/span><span style=\"font-family: CIDFont+F3; font-size: medium;\">02_16_012<\/span><\/p>\n<h3 align=\"LEFT\">Nositel projektu<\/h3>\n<p align=\"LEFT\"><img loading=\"lazy\" class=\"alignleft wp-image-307 size-full\" src=\"http:\/\/www.esoz-projekty.cz\/wp-content\/uploads\/2018\/02\/esoz_logo_orez.png\" alt=\"\" width=\"140\" height=\"77\" \/>St\u0159edn\u00ed odborn\u00e1 \u0161kola energetick\u00e1 a stavebn\u00ed, Obchodn\u00ed akademie a St\u0159edn\u00ed zdravotnick\u00e1 \u0161kola, Chomutov, p\u0159\u00edsp\u011bvkov\u00e1 organizace<\/p>\n<p align=\"LEFT\">Na Pr\u016fhon\u011b 4800, 430&nbsp;11 Chomutov, I\u010c: 413&nbsp;24&nbsp;641<\/p>\n<h3 align=\"LEFT\">Partner projektu<\/h3>\n<p align=\"LEFT\"><a href=\"http:\/\/www.isste.cz\">Integrovan\u00e1 st\u0159edn\u00ed \u0161kola technick\u00e1 a ekonomick\u00e1 Sokolov<\/a><a href=\"http:\/\/www.isste.cz\"><img loading=\"lazy\" class=\"alignleft wp-image-377\" src=\"http:\/\/www.esoz-projekty.cz\/wp-content\/uploads\/2018\/02\/ISSTE_logo_color_JPEG-300x158.jpg\" alt=\"\" width=\"152\" height=\"80\" srcset=\"https:\/\/www.esoz-projekty.cz\/wp-content\/uploads\/2018\/02\/ISSTE_logo_color_JPEG-300x158.jpg 300w, https:\/\/www.esoz-projekty.cz\/wp-content\/uploads\/2018\/02\/ISSTE_logo_color_JPEG.jpg 416w\" sizes=\"(max-width: 152px) 100vw, 152px\" \/><\/a>, p\u0159\u00edsp\u011bvkov\u00e1 organizace,<\/p>\n<p align=\"LEFT\">Jednoty 1620, 356&nbsp;01 Sokolov, I\u010c: 49766929<\/p>\n<hr \/>\n<p align=\"LEFT\">Realizace projektu: 1.&nbsp;\u00fanora 2017 &#8211; 31.&nbsp;ledna 2020<\/p>\n<h4 align=\"LEFT\">Spolupracuj\u00edc\u00ed Z\u0160<\/h4>\n<ul>\n<li><a href=\"http:\/\/www.2zscv.cz\/\">Z\u00e1kladn\u00ed \u0161kola Chomutov, Zahradn\u00ed 5265<\/a><\/li>\n<li><a href=\"http:\/\/www.zakladni-skola.cz\/\">Z\u00e1kladn\u00ed \u0161kola Chomutov, \u0160koln\u00ed 1480<\/a><\/li>\n<li><a href=\"http:\/\/www.3zscv.cz\/\">Z\u00e1kladn\u00ed \u0161kola Chomutov, Na P\u0159\u00edkopech 895<\/a><\/li>\n<li><a href=\"http:\/\/zsvejprty.otevrena-skola.cz\/\">Z\u00e1kladn\u00ed \u0161kola, Mate\u0159sk\u00e1 \u0161kola Vejprty<\/a><\/li>\n<li><a href=\"http:\/\/www.zsbrezno.cz\/\">Z\u00e1kladn\u00ed \u0161kola a mate\u0159sk\u00e1 \u0161kola B\u0159ezno<\/a><\/li>\n<li>M\u011bstsk\u00e9 gymn\u00e1zium a <a href=\"http:\/\/web.4zsjirkov.cz\/\">Z\u00e1kladn\u00ed \u0161kola Jirkov<\/a><\/li>\n<li><a href=\"http:\/\/8zsmost.otevrena-skola.cz\/\">Z\u00e1kladn\u00ed \u0161kola Most, V\u00edt\u011bzslava Nezvala 2614<\/a><\/li>\n<li><a href=\"http:\/\/www.zsjanov.cz\/\">Z\u00e1kladn\u00ed \u0161kola a Mate\u0159sk\u00e1 \u0161kola Litv\u00ednov \u2013 Janov<\/a><\/li>\n<li><a href=\"http:\/\/www.zs-brezova.cz\/\">Z\u00e1kladn\u00ed \u0161kola\u00a0B\u0159ezov\u00e1, okres Sokolov<\/a><\/li>\n<li><a href=\"http:\/\/www.zsbukovany.eu\/\">Z\u00e1kladn\u00ed \u0161kola\u00a0Bukovany, okres Sokolov<\/a><\/li>\n<li><a href=\"http:\/\/www.zs8so.cz\/\">Z\u00e1kladn\u00ed \u0161kola Sokolov, K\u0159i\u017e\u00edkova 1916<\/a><a href=\"http:\/\/ardentbrno.eu\/odinek.php\">repliky breitling<\/a><\/li>\n<li><a href=\"http:\/\/www.lomnicezs.cz\/\">Z\u00e1kladn\u00ed \u0161kola Lomnice, okres Sokolov<\/a><\/li>\n<\/ul>\n<p><strong><span style=\"font-size: medium;\">Anotace projektu<\/span><\/strong><\/p>\n<p align=\"LEFT\">Projekt je zam\u011b\u0159en na c\u00edlenou podporu \u017e\u00e1k\u016f z&nbsp;c\u00edlov\u00fdch skupin v&nbsp;oblasti extrakulikul\u00e1rn\u00edch aktivit v&nbsp;prost\u0159ed\u00ed dvou st\u0159edn\u00edch a dvan\u00e1cti z\u00e1kladn\u00edch \u0161kol v&nbsp;\u00dasteck\u00e9m a Karlovarsk\u00e9m kraji. Na v\u0161ech \u0161kol\u00e1ch se vzd\u011bl\u00e1vaj\u00ed a budou tedy zapojeni \u017e\u00e1ci ze socioekonomicky znev\u00fdhodn\u011bn\u00e9ho a kulturn\u011b odli\u0161n\u00e9ho prost\u0159ed\u00ed, kte\u0159\u00ed budou m\u00edt na v\u00fdb\u011br ze \u0161esti kl\u00ed\u010dov\u00fdch aktivit. Bude podpo\u0159eno cca 700 \u017e\u00e1k\u016f v&nbsp;pr\u016fb\u011bhu 3 let v&nbsp;z\u00e1jmov\u00fdch \u00fatvarech (krou\u017eky, kluby).<\/p>\n<h4 align=\"LEFT\">Aktivity projektu<\/h4>\n<p align=\"LEFT\">Povinn\u00e1 aktivita: \u0158\u00edzen\u00ed projektu<\/p>\n<ol>\n<li>Povinn\u011b voliteln\u00e9 t\u00e9ma III: Extrakurikul\u00e1rn\u00ed aktivity na podporu gramotnost\u00ed<\/li>\n<li>Rozvoj \u010dten\u00e1\u0159sk\u00e9 gramotnosti v&nbsp;oborech S\u0160 bez maturitn\u00ed zkou\u0161ky ve vazb\u011b na odbornou <span style=\"font-family: CIDFont+F3; font-size: medium;\">p\u0159\u00edpravu &#8211; <\/span><span style=\"font-family: CIDFont+F4; font-size: medium;\">z\u00e1jmov\u00fd \u00fatvar na \u0161kole ur\u010den pro \u017e\u00e1ky z&nbsp;CS<\/span><\/li>\n<li><span style=\"font-family: CIDFont+F4; font-size: medium;\">Rozvoj matematick\u00e9 gramotnosti v&nbsp;oborech S\u0160 bez maturitn\u00ed zkou\u0161ky ve vazb\u011b na <span style=\"font-family: CIDFont+F3; font-size: medium;\">odbornou p\u0159\u00edpravu &#8211; <\/span><span style=\"font-family: CIDFont+F4; font-size: medium;\">z\u00e1jmov\u00fd \u00fatvar na \u0161kole ur\u010den\u00fd pro \u017e\u00e1ky z&nbsp;CS<\/span><\/span><\/li>\n<li><span style=\"font-family: CIDFont+F4; font-size: medium;\"><span style=\"font-family: CIDFont+F4; font-size: medium;\">Rozvoj soci\u00e1ln\u00ed a ob\u010dansk\u00fdch kompetenc\u00ed\/soci\u00e1ln\u00ed a ob\u010dansk\u00e9 gramotnosti\/etick\u00e9 v\u00fdchovy <\/span><\/span><span style=\"font-family: CIDFont+F4; font-size: medium;\"><span style=\"font-family: CIDFont+F4; font-size: medium;\">&#8211; zapojen\u00ed Z\u0160 a S\u0160 bez maturitn\u00ed zkou\u0161ky<\/span><\/span><\/li>\n<li><span style=\"font-family: CIDFont+F4; font-size: medium;\"><span style=\"font-family: CIDFont+F4; font-size: medium;\"><span style=\"font-family: CIDFont+F4; font-size: medium;\"><span style=\"font-family: CIDFont+F4; font-size: medium;\">komunitn\u00ed projekty s&nbsp;c\u00edlem vzbudit odpov\u011bdnost za m\u00edsto, kde \u017eijeme, uk\u00e1zat cesty, kter\u00fdmi <\/span><\/span>je mo\u017en\u00e9 \u0159e\u0161it probl\u00e9my. Zam\u011b\u0159en\u00ed na oblast \u00fadr\u017eby ve\u0159ejn\u00e9ho vybaven\u00ed, po\u0159\u00e1dku a sportovn\u00edho vy\u017eit\u00ed d\u011bt\u00ed a ml\u00e1de\u017ee v&nbsp;lokalit\u00e1ch Sokolov, Chomutov. Vz\u00e1jemn\u00e9 n\u00e1v\u0161t\u011bvy. \u0160kola jako centrum komunity, zapojen\u00ed rodi\u010d\u016f \u017e\u00e1k\u016f Z\u0160 a S\u0160.<\/span><\/span><\/li>\n<li><span style=\"font-family: CIDFont+F4; font-size: medium;\"><span style=\"font-family: CIDFont+F4; font-size: medium;\">dny du\u0161evn\u00edho zdrav\u00ed &#8211; projektov\u00e9 dny na \u0161kol\u00e1ch + workshopy, semin\u00e1\u0159e pro r\u016fzn\u00e9 c\u00edlov\u00e9 skupiny na vybran\u00e1 t\u00e9mata\u00a0<\/span><\/span><\/li>\n<li><span style=\"font-family: CIDFont+F4; font-size: medium;\"><span style=\"font-family: CIDFont+F4; font-size: medium;\">realizace konkr\u00e9tn\u00ed &#8222;projektu&#8220; v&nbsp;prost\u0159ed\u00ed S\u0160 Chomutov &#8211; vybudov\u00e1n\u00ed relaxa\u010dn\u00ed m\u00edstnosti vlastn\u00edmi silami \u017e\u00e1k\u016f z&nbsp;nematuritn\u00edch obor\u016f.<\/span><\/span><\/li>\n<li>Podpora zvy\u0161ov\u00e1n\u00ed motivace pro studium technick\u00fdch a p\u0159\u00edrodov\u011bdn\u00fdch obor\u016f S\u0160 bez <span style=\"font-family: CIDFont+F3; font-size: medium;\">maturitn\u00ed zkou\u0161ky &#8211; <\/span><span style=\"font-family: CIDFont+F4; font-size: medium;\">zapojen\u00ed Z\u0160 v&nbsp;lokalit\u00e1ch Sokolov, Chomutov (a okol\u00ed &#8211; dojezdnost).<\/span><\/li>\n<li>Projektov\u00e9 dny, vrstevnick\u00e9 vzd\u011bl\u00e1v\u00e1n\u00ed (S\u0160 jde na Z\u0160), konkr\u00e9tn\u00ed v\u00fdroba (materi\u00e1ly, pom\u016fcky).\u00a0 Pro vybran\u00e9 Z\u0160 mo\u017enost &#8222;spln\u011bn\u00e9ho snu&#8220; tj. realizace ur\u010dit\u00e9ho \u00fakolu ze strany \u017e\u00e1k\u016f S\u0160 (relaxa\u010dn\u00ed m\u00edstnost, pergola, lavi\u010dky atp.), spolupr\u00e1ce \u017e\u00e1k\u016f S\u0160 a Z\u0160. Badatelsk\u00e1 t\u00e9mata &#8211; spolupr\u00e1ce.<\/li>\n<\/ol>\n<p align=\"LEFT\">Voliteln\u00e9 aktivity:<\/p>\n<p align=\"LEFT\">Rozvoj exekutivn\u00edch dovednost\u00ed<\/p>\n<ul>\n<li>Klub &#8222;Siln\u00fdch&#8220; &#8211; pravideln\u00e1 m\u011bs\u00ed\u010dn\u00ed setk\u00e1n\u00ed pro \u017e\u00e1ky na S\u0160 z&nbsp;c\u00edlov\u00fdch skupin socioekonomicky znev\u00fdhodn\u011bn\u00fdch lokalit s&nbsp;atraktivn\u00edmi t\u00e9maty a aktivitami v\u010detn\u011b sportu, v\u00fdlet\u016f.<\/li>\n<li>Krou\u017eky &#8211; sportovn\u00ed, hudebn\u00ed aj. na Z\u0160, zakon\u010den\u00e9 ve spolupr\u00e1ci S\u0160 turnaj, tane\u010dn\u00ed akademie atp. v&nbsp;prostor\u00e1ch S\u0160 a zapojen\u00ed \u017e\u00e1k\u016f S\u0160 v&nbsp;roli organiz\u00e1tor\u016f.<\/li>\n<\/ul>\n<p align=\"LEFT\"><span style=\"font-family: CIDFont+F3; font-size: medium;\">Vrstevnick\u00e9 vzd\u011bl\u00e1v\u00e1n\u00ed (ji\u017e sou\u010d\u00e1st\u00ed 2.4.&nbsp;pop\u0159. 2.3.) <\/span><span style=\"font-family: CIDFont+F4; font-size: medium;\">zapojen\u00ed \u017e\u00e1k\u016f v&nbsp;r\u00e1mci \u0161koly, mezi <\/span>partnersk\u00fdmi \u0161kolami S\u0160, mezi Z\u0160 a S\u0160 a t\u00e9\u017e zapojen\u00ed \u017e\u00e1k\u016f z&nbsp;maturitn\u00edch obor\u016f S\u0160 p\u0159i vytv\u00e1\u0159en\u00ed spole\u010dn\u00fdch v\u00fdstup\u016f.<\/p>\n<p>&nbsp;<\/p>\n","protected":false},"excerpt":{"rendered":"<p>Z\u016fsta\u0148te s&nbsp;n\u00e1mi po \u0161kole! aneb Rozvoj kompetenc\u00ed \u017e\u00e1k\u016f Z\u0160 a S\u0160 v&nbsp;Karlovarsk\u00e9m a \u00dasteck\u00e9m kraji CZ.02.3.61\/0.0\/0.0\/16_012\/0000615 Opera\u010dn\u00ed program pro v\u011bdu a vzd\u011bl\u00e1v\u00e1n\u00ed &#8211; Prioritn\u00ed osa 3 &#8222;Rovn\u00fd p\u0159\u00edstup ke kvalitn\u00edmu p\u0159ed\u0161koln\u00edmi, prim\u00e1rn\u00edmu a sekund\u00e1rn\u00edmu vzd\u011bl\u00e1v\u00e1n\u00ed&#8220;. Investi\u010dn\u00ed priorita 3 &#8222;Socioekonomick\u00e1 integrace marginalizovan\u00fdch skupin jako jsou Romov\u00e9 \u010d\u00edslo v\u00fdzvy 02_16_012 Nositel projektu St\u0159edn\u00ed odborn\u00e1 \u0161kola energetick\u00e1 a&hellip; <br \/> <a class=\"read-more\" href=\"https:\/\/www.esoz-projekty.cz\/?page_id=157\">V\u00edce<\/a><\/p>\n","protected":false},"author":2,"featured_media":0,"parent":0,"menu_order":0,"comment_status":"closed","ping_status":"closed","template":"","meta":[],"_links":{"self":[{"href":"https:\/\/www.esoz-projekty.cz\/index.php?rest_route=\/wp\/v2\/pages\/157"}],"collection":[{"href":"https:\/\/www.esoz-projekty.cz\/index.php?rest_route=\/wp\/v2\/pages"}],"about":[{"href":"https:\/\/www.esoz-projekty.cz\/index.php?rest_route=\/wp\/v2\/types\/page"}],"author":[{"embeddable":true,"href":"https:\/\/www.esoz-projekty.cz\/index.php?rest_route=\/wp\/v2\/users\/2"}],"replies":[{"embeddable":true,"href":"https:\/\/www.esoz-projekty.cz\/index.php?rest_route=%2Fwp%2Fv2%2Fcomments&post=157"}],"version-history":[{"count":13,"href":"https:\/\/www.esoz-projekty.cz\/index.php?rest_route=\/wp\/v2\/pages\/157\/revisions"}],"predecessor-version":[{"id":387,"href":"https:\/\/www.esoz-projekty.cz\/index.php?rest_route=\/wp\/v2\/pages\/157\/revisions\/387"}],"wp:attachment":[{"href":"https:\/\/www.esoz-projekty.cz\/index.php?rest_route=%2Fwp%2Fv2%2Fmedia&parent=157"}],"curies":[{"name":"wp","href":"https:\/\/api.w.org\/{rel}","templated":true}]}}