{"id":187,"date":"2018-02-19T14:24:17","date_gmt":"2018-02-19T13:24:17","guid":{"rendered":"http:\/\/www.esoz-projekty.cz\/?page_id=187"},"modified":"2021-05-27T02:27:45","modified_gmt":"2021-05-27T04:27:45","slug":"konrad-zuse","status":"publish","type":"page","link":"https:\/\/www.esoz-projekty.cz\/?page_id=187","title":{"rendered":"Konrad Zuse"},"content":{"rendered":"<h2><img loading=\"lazy\" class=\"alignnone wp-image-149\" src=\"http:\/\/www.esoz-projekty.cz\/wp-content\/uploads\/2018\/02\/Emblem_Europaeische_Union_mit_Verweis_Fonds_Farbe-300x64.jpg\" alt=\"\" width=\"350\" height=\"75\" srcset=\"https:\/\/www.esoz-projekty.cz\/wp-content\/uploads\/2018\/02\/Emblem_Europaeische_Union_mit_Verweis_Fonds_Farbe-300x64.jpg 300w, https:\/\/www.esoz-projekty.cz\/wp-content\/uploads\/2018\/02\/Emblem_Europaeische_Union_mit_Verweis_Fonds_Farbe.jpg 584w\" sizes=\"(max-width: 350px) 100vw, 350px\" \/>\u00a0\u00a0\u00a0\u00a0 <img loading=\"lazy\" class=\"alignnone wp-image-357\" src=\"http:\/\/www.esoz-projekty.cz\/wp-content\/uploads\/2018\/02\/SNCZ2020-300x215.jpg\" alt=\"\" width=\"119\" height=\"85\" \/><\/h2>\n<h2>Konrad Zuse schaut \u00fcber die Grenze \/\u00a0 Konrad Zuse hled\u00ed p\u0159es hranice<\/h2>\n<p>Registra\u010dn\u00ed \u010d\u00edslo \/ Registriernummer: 100280761<br \/>\nDoba realizace \/ Projektzeitraum: 15.4.2016 &#8211; 31.7.2020<\/p>\n<div class='embed-container'><iframe loading=\"lazy\" title=\"ZUSE - informace o projektu a po\u010d\u00edta\u010dov\u00e9m minimuzeu\" width=\"1920\" height=\"1080\" src=\"https:\/\/www.youtube.com\/embed\/x0muLq8Ixdo?feature=oembed\" frameborder=\"0\" allow=\"accelerometer; autoplay; clipboard-write; encrypted-media; gyroscope; picture-in-picture\" allowfullscreen><\/iframe><\/div>\n<table>\n<tbody>\n<tr>\n<td valign=\"top\" width=\"30%\">\n<p style=\"text-align: center;\"><strong>Nositel \/ Lead partner:<\/strong><\/p>\n<p style=\"text-align: center;\"><a href=\"http:\/\/zuse-computer-museum.com\/\">ZCOM -Stiftung,<\/a> Hoyerswerda<\/p>\n<p style=\"text-align: center;\"><img loading=\"lazy\" class=\"alignnone wp-image-189\" src=\"http:\/\/www.esoz-projekty.cz\/wp-content\/uploads\/2018\/02\/ZCOM-1500534254-300x93.jpg\" alt=\"\" width=\"250\" height=\"77\" srcset=\"https:\/\/www.esoz-projekty.cz\/wp-content\/uploads\/2018\/02\/ZCOM-1500534254-300x93.jpg 300w, https:\/\/www.esoz-projekty.cz\/wp-content\/uploads\/2018\/02\/ZCOM-1500534254-768x237.jpg 768w, https:\/\/www.esoz-projekty.cz\/wp-content\/uploads\/2018\/02\/ZCOM-1500534254.jpg 787w\" sizes=\"(max-width: 250px) 100vw, 250px\" \/><\/p>\n<\/td>\n<td valign=\"top\" width=\"30%\">\n<p style=\"text-align: center;\"><strong>Partner \/ Partner:<\/strong><\/p>\n<p style=\"text-align: center;\">St\u0159edn\u00ed odborn\u00e1 \u0161kola energetick\u00e1 a stavebn\u00ed , Obchodn\u00ed akademie a St\u0159edn\u00ed zdravotnick\u00e1 \u0161kola, Chomutov, p\u0159\u00edsp\u011bvkov\u00e1 organizace<\/p>\n<p><img loading=\"lazy\" class=\"aligncenter wp-image-307 size-full\" src=\"http:\/\/www.esoz-projekty.cz\/wp-content\/uploads\/2018\/02\/esoz_logo_orez.png\" alt=\"\" width=\"140\" height=\"77\" \/><\/td>\n<td valign=\"top\" width=\"30%\">\n<p style=\"text-align: center;\"><strong>Partner \/ Partner:<\/strong><\/p>\n<p style=\"text-align: center;\"><a href=\"http:\/\/www.foucaultgymnasium.de\/\">L\u00e9on-Foucault-Gymnasium<\/a> Hoyerswerda<\/p>\n<p><img loading=\"lazy\" class=\"aligncenter wp-image-364 size-medium\" src=\"http:\/\/www.esoz-projekty.cz\/wp-content\/uploads\/2018\/02\/pic-300x32.png\" alt=\"\" width=\"300\" height=\"32\" srcset=\"https:\/\/www.esoz-projekty.cz\/wp-content\/uploads\/2018\/02\/pic-300x32.png 300w, https:\/\/www.esoz-projekty.cz\/wp-content\/uploads\/2018\/02\/pic.png 475w\" sizes=\"(max-width: 300px) 100vw, 300px\" \/><\/td>\n<\/tr>\n<\/tbody>\n<\/table>\n<p><strong>Obsah projektu\/aktivity projektu\u00a0 &#8211; <\/strong><strong>Projektinhalt\/Projektaktivit\u00e4ten<\/strong><\/p>\n<p>Do projektu budou zapojeni \u017e\u00e1ci od 9.&nbsp;stupn\u011b (15 let) gymn\u00e1zia L\u00e9ona Foucaulta a \u017e\u00e1ci p\u0159ev\u00e1\u017en\u011b 2.&nbsp;ro\u010dn\u00edku st\u0159edn\u00ed odborn\u00e9 \u0161koly (16 let) v&nbsp;Chomutov\u011b. Pod odborn\u00fdm veden\u00edm ZCOM Muzea budou spolu pracovat p\u0159edev\u0161\u00edm na n\u00e1m\u011btech, n\u00e1padech k&nbsp;r\u016fzn\u00fdm t\u00e9mat\u016fm expozice, kter\u00e9 budou vyu\u017eity v\u00a0nov\u011b p\u0159ipravovan\u00fdch expozi\u010dn\u00edch s\u00e1lech Muzea Konrada Zuse.<\/p>\n<p>\u017d\u00e1ci budou ve sm\u00ed\u0161en\u00fdch skupin\u00e1ch zpracov\u00e1vat t\u00e9mata po\u010d\u00edt\u00e1n\u00ed, ukl\u00e1d\u00e1n\u00ed, komunikace, kreativn\u00ed programy i jazyky.<\/p>\n<hr \/>\n<p>Es entwickeln jeweils die Sch\u00fcler einer 9. Klasse (15 Jahre) des L\u00e9on-Foucault-Gymnasiums sowie Sch\u00fcler aus dem 2. Lehrjahr (16 Jahre) des Berufsschulzentrums in Chomutov unter Anleitung des ZCOM Zuse-Computer-Museums Inhalte, Ideen zu verschiedenen Themen aus der Ausstellung. Diese werden in den neu zu gestalteten Ausstellungsr\u00e4umen des ZCOM umgesetzt.<\/p>\n<p>Die Sch\u00fcler erarbeiten Inhalte in gemischten Gruppen zu den Themen Rechnen, Speichern, Kommunizieren, Gestalten sowie Sprache.<\/p>\n<hr \/>\n","protected":false},"excerpt":{"rendered":"<p>\u00a0\u00a0\u00a0\u00a0 Konrad Zuse schaut \u00fcber die Grenze \/\u00a0 Konrad Zuse hled\u00ed p\u0159es hranice Registra\u010dn\u00ed \u010d\u00edslo \/ Registriernummer: 100280761 Doba realizace \/ Projektzeitraum: 15.4.2016 &#8211; 31.7.2020 Nositel \/ Lead partner: ZCOM -Stiftung, Hoyerswerda Partner \/ Partner: St\u0159edn\u00ed odborn\u00e1 \u0161kola energetick\u00e1 a stavebn\u00ed , Obchodn\u00ed akademie a St\u0159edn\u00ed zdravotnick\u00e1 \u0161kola, Chomutov, p\u0159\u00edsp\u011bvkov\u00e1 organizace Partner \/ Partner: L\u00e9on-Foucault-Gymnasium&hellip; <br \/> <a class=\"read-more\" href=\"https:\/\/www.esoz-projekty.cz\/?page_id=187\">V\u00edce<\/a><\/p>\n","protected":false},"author":2,"featured_media":0,"parent":0,"menu_order":0,"comment_status":"closed","ping_status":"closed","template":"template-fullwidth.php","meta":[],"_links":{"self":[{"href":"https:\/\/www.esoz-projekty.cz\/index.php?rest_route=\/wp\/v2\/pages\/187"}],"collection":[{"href":"https:\/\/www.esoz-projekty.cz\/index.php?rest_route=\/wp\/v2\/pages"}],"about":[{"href":"https:\/\/www.esoz-projekty.cz\/index.php?rest_route=\/wp\/v2\/types\/page"}],"author":[{"embeddable":true,"href":"https:\/\/www.esoz-projekty.cz\/index.php?rest_route=\/wp\/v2\/users\/2"}],"replies":[{"embeddable":true,"href":"https:\/\/www.esoz-projekty.cz\/index.php?rest_route=%2Fwp%2Fv2%2Fcomments&post=187"}],"version-history":[{"count":16,"href":"https:\/\/www.esoz-projekty.cz\/index.php?rest_route=\/wp\/v2\/pages\/187\/revisions"}],"predecessor-version":[{"id":1105,"href":"https:\/\/www.esoz-projekty.cz\/index.php?rest_route=\/wp\/v2\/pages\/187\/revisions\/1105"}],"wp:attachment":[{"href":"https:\/\/www.esoz-projekty.cz\/index.php?rest_route=%2Fwp%2Fv2%2Fmedia&parent=187"}],"curies":[{"name":"wp","href":"https:\/\/api.w.org\/{rel}","templated":true}]}}