{"id":232,"date":"2018-02-19T16:38:59","date_gmt":"2018-02-19T15:38:59","guid":{"rendered":"http:\/\/www.esoz-projekty.cz\/?page_id=232"},"modified":"2018-02-22T11:54:57","modified_gmt":"2018-02-22T10:54:57","slug":"q3mee","status":"publish","type":"page","link":"https:\/\/www.esoz-projekty.cz\/?page_id=232","title":{"rendered":"Q3MEE"},"content":{"rendered":"<h2><img loading=\"lazy\" class=\"alignnone wp-image-111\" src=\"http:\/\/www.esoz-projekty.cz\/wp-content\/uploads\/2018\/02\/Erasmus-300x65.jpg\" alt=\"\" width=\"347\" height=\"75\" srcset=\"https:\/\/www.esoz-projekty.cz\/wp-content\/uploads\/2018\/02\/Erasmus-300x65.jpg 300w, https:\/\/www.esoz-projekty.cz\/wp-content\/uploads\/2018\/02\/Erasmus-768x166.jpg 768w, https:\/\/www.esoz-projekty.cz\/wp-content\/uploads\/2018\/02\/Erasmus.jpg 800w\" sizes=\"(max-width: 347px) 100vw, 347px\" \/>\u00a0\u00a0\u00a0 <img loading=\"lazy\" class=\"alignnone wp-image-359\" src=\"http:\/\/www.esoz-projekty.cz\/wp-content\/uploads\/2018\/02\/1494420269G3mee-300x150.jpg\" alt=\"\" width=\"170\" height=\"85\" srcset=\"https:\/\/www.esoz-projekty.cz\/wp-content\/uploads\/2018\/02\/1494420269G3mee-300x150.jpg 300w, https:\/\/www.esoz-projekty.cz\/wp-content\/uploads\/2018\/02\/1494420269G3mee-768x384.jpg 768w, https:\/\/www.esoz-projekty.cz\/wp-content\/uploads\/2018\/02\/1494420269G3mee-1024x511.jpg 1024w, https:\/\/www.esoz-projekty.cz\/wp-content\/uploads\/2018\/02\/1494420269G3mee.jpg 1652w\" sizes=\"(max-width: 170px) 100vw, 170px\" \/><\/h2>\n<h2>Q3MEE &#8211; Qualifications for third millennium in electrical engineering \/\u00a0Kvalifikace v&nbsp;energetice pro t\u0159et\u00ed tis\u00edcilet\u00ed<\/h2>\n<p><strong>Program:<\/strong> Erasmus+, Kl\u00ed\u010dov\u00e1 akce 2 \u2013 Projekty Spolupr\u00e1ce na inovac\u00edch a v\u00fdm\u011bna osv\u011bd\u010den\u00fdch\u00a0postup\u016f \u2013 Strategick\u00e1 partnerstv\u00ed v&nbsp;odborn\u00e9m vzd\u011bl\u00e1v\u00e1n\u00ed a p\u0159\u00edprav\u011b<br \/>\n<strong>Poskytovatel dotace:<\/strong> D\u016fm zahrani\u010dn\u00ed spolupr\u00e1ce<br \/>\n<strong>N\u00e1zev projektu:<\/strong> <a href=\"https:\/\/www.ssee-sokolnice.cz\/cz\/detail-projektu\/65\">Q3MEE &#8211; Qualifications for third millennium in electrical engineering \/ Kvalifikace v&nbsp;energetice pro t\u0159et\u00ed tis\u00edcilet\u00ed<\/a><br \/>\n<strong>\u010c\u00edslo projektu:<\/strong> 2016-1-CZ01-KA202-024017<br \/>\n<strong>Term\u00edn:<\/strong> 01.&nbsp;09.&nbsp;2016 \u2013 31.&nbsp;08.&nbsp;2019<\/p>\n<p><img loading=\"lazy\" class=\"alignright wp-image-233 size-thumbnail\" src=\"http:\/\/www.esoz-projekty.cz\/wp-content\/uploads\/2018\/02\/00380407-150x150.png\" alt=\"\" width=\"150\" height=\"150\" srcset=\"https:\/\/www.esoz-projekty.cz\/wp-content\/uploads\/2018\/02\/00380407-150x150.png 150w, https:\/\/www.esoz-projekty.cz\/wp-content\/uploads\/2018\/02\/00380407.png 199w\" sizes=\"(max-width: 150px) 100vw, 150px\" \/><\/p>\n<h4>Lead partner:<\/h4>\n<p><a href=\"https:\/\/www.ssee-sokolnice.cz\/\">St\u0159edn\u00ed \u0161kola elektrotechnick\u00e1 a energetick\u00e1 Sokolnice, p\u0159\u00edsp\u011bvkov\u00e1 organizace<\/a><\/p>\n<h4>Partne\u0159i:<\/h4>\n<ul>\n<li>St\u0159edn\u00ed odborn\u00e1 \u0161kola energetick\u00e1 a stavebn\u00ed, Obchodn\u00ed akademie a St\u0159edn\u00ed zdravotnick\u00e1 \u0161kola,\u00a0Chomutov, p\u0159\u00edsp\u011bvkov\u00e1 organizace<\/li>\n<li>Centrum odborn\u00e9 p\u0159\u00edpravy technickohospod\u00e1\u0159sk\u00e9 Praha<\/li>\n<li>St\u0159edn\u00ed odborn\u00e1 \u0161kola elektrotechnick\u00e1, Centrum odborn\u00e9 p\u0159\u00edpravy Hlubok\u00e1 nad Vltavou<\/li>\n<li>TIBOR EDV-Consulting GmbH Th\u00fcringen , N\u011bmecko<\/li>\n<li>SOUE Kapu\u0161any, Slovensko<\/li>\n<li>INTERNATIONAL CONSULTING AND MOBILITY AGENCY S.L., \u0160pan\u011blsko<\/li>\n<li>YouNet, It\u00e1lie<\/li>\n<\/ul>\n<h3>Souhrn:<\/h3>\n<p>Projekt proch\u00e1z\u00ed nap\u0159\u00ed\u010d odv\u011btv\u00edm. Reaguje na nov\u011b se objevuj\u00edc\u00ed po\u017eadavek vyr\u016fstaj\u00edc\u00ed z&nbsp;rozvoje\u00a0nov\u00fdch technologi\u00ed na poli elektromobility a smart grids a pot\u0159eby na n\u011bj reagovat i na poli<br \/>\nvzd\u011bl\u00e1v\u00e1n\u00ed.<br \/>\nC\u00edlem projektu je definovat 5 vzd\u011bl\u00e1vac\u00edch modul\u016f t\u00fdkaj\u00edc\u00edch se elektromobility a smart grids, v&nbsp;jejich\u00a0r\u00e1mci vzniknou vzd\u011bl\u00e1vac\u00ed materi\u00e1ly v&nbsp;elektronick\u00e9 podob\u011b, e-learningov\u00e9 kurzy a vzd\u011bl\u00e1vac\u00ed<br \/>\njednotky. Tyto moduly budou navr\u017eeny tak, aby byla zaji\u0161t\u011bna porovnatelnost vzd\u011bl\u00e1n\u00ed v&nbsp;oboru\u00a0energetiky v&nbsp;r\u00e1mci cel\u00e9 Evropy. Z\u00e1rove\u0148 bude provedeno pilotn\u00ed ov\u011b\u0159en\u00ed zpracovan\u00fdch modul\u016f.<br \/>\n\u00da\u010dastn\u00edci modul\u016f z\u00edskaj\u00ed Europass prokazuj\u00edc\u00ed jejich schopnosti a odbornost v&nbsp;dan\u00fdch modulech.<\/p>\n<p>C\u00edlov\u00e9 skupiny:<br \/>\n\u017d\u00e1ci odborn\u00fdch \u0161kol, absolventi elektrotechnick\u00fdch a technick\u00fdch st\u0159edn\u00edch \u0161kol a lid\u00e9, kte\u0159\u00ed ji\u017e pracuj\u00ed\u00a0v elektrotechnick\u00fdch a energetick\u00fdch podnic\u00edch, stejn\u011b jako v&nbsp;podnic\u00edch spolupracuj\u00edc\u00edch s<br \/>\nenergetick\u00fdm sektorem, skupina imigrant\u016f u n\u011bmeck\u00e9ho partnera.<\/p>\n<h3>V\u00fdsledkem projektu bude 5 vzd\u011bl\u00e1vac\u00edch modul\u016f:<\/h3>\n<ol>\n<li>Mont\u00e9r dob\u00edjec\u00edch stanic<\/li>\n<li>Oprav\u00e1\u0159 elektrick\u00fdch pohon\u016f elektromobil\u016f<\/li>\n<li>Oprav\u00e1\u0159 elektrick\u00fdch p\u0159\u00edstroj\u016f elektromobil\u016f<\/li>\n<li>Mont\u00e9r smart grids se zam\u011b\u0159en\u00edm na rozvodn\u00e9 s\u00edt\u011b<\/li>\n<li>Mont\u00e9r smart grids domovn\u00edch instalac\u00ed<\/li>\n<\/ol>\n<p>&nbsp;<\/p>\n","protected":false},"excerpt":{"rendered":"<p>\u00a0\u00a0\u00a0 Q3MEE &#8211; Qualifications for third millennium in electrical engineering \/\u00a0Kvalifikace v&nbsp;energetice pro t\u0159et\u00ed tis\u00edcilet\u00ed Program: Erasmus+, Kl\u00ed\u010dov\u00e1 akce 2 \u2013 Projekty Spolupr\u00e1ce na inovac\u00edch a v\u00fdm\u011bna osv\u011bd\u010den\u00fdch\u00a0postup\u016f \u2013 Strategick\u00e1 partnerstv\u00ed v&nbsp;odborn\u00e9m vzd\u011bl\u00e1v\u00e1n\u00ed a p\u0159\u00edprav\u011b Poskytovatel dotace: D\u016fm zahrani\u010dn\u00ed spolupr\u00e1ce N\u00e1zev projektu: Q3MEE &#8211; Qualifications for third millennium in electrical engineering \/ Kvalifikace v&nbsp;energetice pro&hellip; <br \/> <a class=\"read-more\" href=\"https:\/\/www.esoz-projekty.cz\/?page_id=232\">V\u00edce<\/a><\/p>\n","protected":false},"author":2,"featured_media":0,"parent":0,"menu_order":0,"comment_status":"closed","ping_status":"closed","template":"","meta":[],"_links":{"self":[{"href":"https:\/\/www.esoz-projekty.cz\/index.php?rest_route=\/wp\/v2\/pages\/232"}],"collection":[{"href":"https:\/\/www.esoz-projekty.cz\/index.php?rest_route=\/wp\/v2\/pages"}],"about":[{"href":"https:\/\/www.esoz-projekty.cz\/index.php?rest_route=\/wp\/v2\/types\/page"}],"author":[{"embeddable":true,"href":"https:\/\/www.esoz-projekty.cz\/index.php?rest_route=\/wp\/v2\/users\/2"}],"replies":[{"embeddable":true,"href":"https:\/\/www.esoz-projekty.cz\/index.php?rest_route=%2Fwp%2Fv2%2Fcomments&post=232"}],"version-history":[{"count":4,"href":"https:\/\/www.esoz-projekty.cz\/index.php?rest_route=\/wp\/v2\/pages\/232\/revisions"}],"predecessor-version":[{"id":453,"href":"https:\/\/www.esoz-projekty.cz\/index.php?rest_route=\/wp\/v2\/pages\/232\/revisions\/453"}],"wp:attachment":[{"href":"https:\/\/www.esoz-projekty.cz\/index.php?rest_route=%2Fwp%2Fv2%2Fmedia&parent=232"}],"curies":[{"name":"wp","href":"https:\/\/api.w.org\/{rel}","templated":true}]}}