{"id":449,"date":"2018-02-22T10:55:32","date_gmt":"2018-02-22T09:55:32","guid":{"rendered":"http:\/\/www.esoz-projekty.cz\/?page_id=449"},"modified":"2018-02-22T11:29:54","modified_gmt":"2018-02-22T10:29:54","slug":"vice-info","status":"publish","type":"page","link":"https:\/\/www.esoz-projekty.cz\/?page_id=449","title":{"rendered":"V\u00edce info"},"content":{"rendered":"<style id=\"bwg-style-0\">    #bwg_container1_0 #bwg_container2_0 .bwg_album_extended_thumbnails_0 {      -moz-box-sizing: border-box;      box-sizing: border-box;      background-color: rgba(255, 255, 255, 0.00);      text-align: left;    }    #bwg_container1_0 #bwg_container2_0 .bwg-container-0.bwg-album-extended .bwg-extended-item {      display: flex;      flex-direction: row;      flex-wrap: wrap;      min-height: 150px;      border-bottom: 1px solid #E0E0E0;      background-color: rgba(255, 255, 255, 0.00);      border-radius: 0 0 0 0;      margin: 0 0 5px 0;      overflow: hidden;    }    #bwg_container1_0 #bwg_container2_0 .bwg-container-0.bwg-album-extended .bwg-extended-item0 {      margin: 10px 5px;      background-color: #FFFFFF;      border-radius: 0;      border: 1px solid #E8E8E8;      display: flex;      flex-direction: column;      padding: 5px;      justify-content: center;      max-width: 300px;    }    #bwg_container1_0 #bwg_container2_0 .bwg-container-0.bwg-album-extended .bwg-extended-item1 {      margin: 10px 5px;      background-color: #FFFFFF;      border-radius: 0;      border: 1px solid #E8E8E8;      display: flex;      flex-direction: column;      border-collapse: collapse;      padding: 5px;      justify-content: start;    }    #bwg_container1_0 #bwg_container2_0 .bwg-container-0.bwg-album-extended .bwg_title_spun_0 {      border: 1px none #CCCCCC;      color: #000000;      display: block;      font-family: segoe ui;      font-size: 16px;      font-weight: bold;      height: inherit;      margin-bottom: 2px;      padding: 2px;      text-align: left;      vertical-align: middle;      width: 100%;    }    #bwg_container1_0 #bwg_container2_0 .bwg-container-0.bwg-album-extended .bwg_description_spun1_0 a {      color: #000000;      font-size: 14px;      font-weight: normal;      font-family: segoe ui;    }    #bwg_container1_0 #bwg_container2_0 .bwg-container-0.bwg-album-extended .bwg_description_spun1_0 .bwg_description_short_0 p {      border: 1px none #CCCCCC;      display: inline-block;      color: #000000;      font-size: 14px;      font-weight: normal;      font-family: segoe ui;      height: inherit;      padding: 2px;      vertical-align: middle;      width: 100%;      word-wrap: break-word;      word-break: break-word;    }    #bwg_container1_0 #bwg_container2_0 .bwg-container-0.bwg-album-extended .bwg_description_spun1_0 * {      margin: 0;    }    #bwg_container1_0 #bwg_container2_0 .bwg-container-0.bwg-album-extended .bwg_description_spun2_0 {      float: left;    }    #bwg_container1_0 #bwg_container2_0 .bwg-container-0.bwg-album-extended .bwg_description_short_0 {      display: inline;    }    #bwg_container1_0 #bwg_container2_0 .bwg-container-0.bwg-album-extended .bwg_description_full {      display: none;    }    #bwg_container1_0 #bwg_container2_0 .bwg-container-0.bwg-album-extended .bwg_description_more_0 {      clear: both;      color: #F2D22E;      cursor: pointer;      float: right;      font-size: 12px;      font-weight: normal;    }    #bwg_container1_0 #bwg_container2_0 .bwg-container-0.bwg-album-extended .bwg-item0 {      padding: 0px;      background-color: #FFFFFF;      border-radius: 0;      border: 0px none #CCCCCC;      box-shadow: ;      margin: 2px;      opacity: 1.00;    }    #bwg_container1_0 #bwg_container2_0 .bwg-container-0.bwg-album-extended .bwg-item1 {      padding-top: 66.666666666667%;    }          @media only screen and (min-width: 480px) {        #bwg_container1_0 #bwg_container2_0 .bwg-container-0.bwg-album-extended .bwg-item0 {                  }        #bwg_container1_0 #bwg_container2_0 .bwg-container-0.bwg-album-extended .bwg-item0:hover {          -ms-transform: scale(1.1);          -webkit-transform: scale(1.1);          transform: scale(1.1);        }        #bwg_container1_0 #bwg_container2_0 .bwg-container-0.bwg-album-extended .bwg-item1 img:hover {          -ms-transform: none;          -webkit-transform: none;          transform: none;        }      }          #bwg_container1_0 #bwg_container2_0 .bwg-container-0.bwg-standard-thumbnails {      width: 1704px;              justify-content: center;        margin:0 auto !important;              background-color: rgba(255, 255, 255, 0.00);            padding-left: 4px;      padding-top: 4px;      max-width: 100%;            }        #bwg_container1_0 #bwg_container2_0 .bwg-container-0.bwg-standard-thumbnails .bwg-item {      justify-content: flex-start;      max-width: 340px;          }    #bwg_container1_0 #bwg_container2_0 .bwg-container-0.bwg-standard-thumbnails .bwg-item > a {       margin-right: 4px;       margin-bottom: 4px;    }    #bwg_container1_0 #bwg_container2_0 .bwg-container-0.bwg-standard-thumbnails .bwg-item0 {      padding: 0px;            background-color:rgba(255,255,255, 0.30);      border: 0px none #CCCCCC;      opacity: 1.00;      border-radius: 0;      box-shadow: 0px 0px 0px #888888;    }    #bwg_container1_0 #bwg_container2_0 .bwg-container-0.bwg-standard-thumbnails .bwg-item1 img {      max-height: none;      max-width: none;      padding: 0 !important;    }        @media only screen and (min-width: 480px) {      #bwg_container1_0 #bwg_container2_0 .bwg-container-0.bwg-standard-thumbnails .bwg-item0 {        transition: all 0.3s ease 0s;-webkit-transition: all 0.3s ease 0s;      }      #bwg_container1_0 #bwg_container2_0 .bwg-container-0.bwg-standard-thumbnails .bwg-item0:hover {        -ms-transform: scale(1.1);        -webkit-transform: scale(1.1);        transform: scale(1.1);      }    }          #bwg_container1_0 #bwg_container2_0 .bwg-container-0.bwg-standard-thumbnails .bwg-item1 {      padding-top: 61.764705882353%;    }        #bwg_container1_0 #bwg_container2_0 .bwg-container-0.bwg-standard-thumbnails .bwg-title2,    #bwg_container1_0 #bwg_container2_0 .bwg-container-0.bwg-standard-thumbnails .bwg-ecommerce2 {      color: #CCCCCC;      font-family: segoe ui;      font-size: 16px;      font-weight: bold;      padding: 2px;      text-shadow: 0px 0px 0px #888888;      max-height: 100%;    }    #bwg_container1_0 #bwg_container2_0 .bwg-container-0.bwg-standard-thumbnails .bwg-thumb-description span {    color: #323A45;    font-family: Ubuntu;    font-size: 12px;    max-height: 100%;    word-wrap: break-word;    }    #bwg_container1_0 #bwg_container2_0 .bwg-container-0.bwg-standard-thumbnails .bwg-play-icon2 {      font-size: 32px;    }    #bwg_container1_0 #bwg_container2_0 .bwg-container-0.bwg-standard-thumbnails .bwg-ecommerce2 {      font-size: 19.2px;      color: #CCCCCC;    }    <\/style>    <div id=\"bwg_container1_0\"         class=\"bwg_container bwg_thumbnail bwg_album_extended_preview\"         data-right-click-protection=\"0\"         data-bwg=\"0\"         data-gallery-type=\"album_extended_preview\"         data-current-url=\"https:\/\/www.esoz-projekty.cz\/index.php?rest_route=%2Fwp%2Fv2%2Fpages%2F449\"         data-lightbox-url=\"https:\/\/www.esoz-projekty.cz\/wp-admin\/admin-ajax.php?action=GalleryBox&#038;current_view=0&#038;gallery_id=0&#038;tag=0&#038;theme_id=1&#038;shortcode_id=4&#038;sort_by=order&#038;order_by=asc&#038;current_url=https%3A%2F%2Fwww.esoz-projekty.cz%2Findex.php%3Frest_route%3D%252Fwp%252Fv2%252Fpages%252F449\"         data-gallery-id=\"0\"         data-popup-width=\"800\"         data-popup-height=\"500\"         data-is-album=\"album\"         data-buttons-position=\"bottom\">      <div id=\"bwg_container2_0\">             <div id=\"ajax_loading_0\" class=\"bwg_loading_div_1\">      <div class=\"bwg_loading_div_2\">        <div class=\"bwg_loading_div_3\">          <div id=\"loading_div_0\" class=\"bwg_spider_ajax_loading\">          <\/div>        <\/div>      <\/div>    <\/div>            <form id=\"gal_front_form_0\"              class=\"bwg-hidden\"              method=\"post\"              action=\"#\"              data-current=\"0\"              data-shortcode-id=\"4\"              data-gallery-type=\"album_extended_preview\"              data-gallery-id=\"0\"              data-tag=\"0\"              data-album-id=\"1\"              data-theme-id=\"1\"              data-ajax-url=\"https:\/\/www.esoz-projekty.cz\/wp-admin\/admin-ajax.php?action=bwg_frontend_data\">          <div id=\"bwg_container3_0\" class=\"bwg-background bwg-background-0\">            <style>        #bwg_container1_0 #bwg_container2_0 .bwg_gal_title_0 {          display: block;          padding: 2px;          background-color: rgba(0, 0, 0, 0);          line-height: 20px;          font-family: segoe ui;          font-size: 16px;          font-weight: bold;          color: #CCCCCC;          text-shadow: 0px 0px 0px #888888;          text-align: center;        }        #bwg_container1_0 #bwg_container2_0 .bwg_gal_description_0 {          margin: 20px 0;          word-break: break-word;          text-align: justify;          font-size: 13px;          font-weight: unset;        }        <\/style>        <div class=\"bwg_gal_title_0\">Po \u0161kole<\/div>              <div data-max-count=\"2\"           data-thumbnail-width=\"300\"           data-global-spacing=\"0 0 5px 0\"           data-spacing=\"10\"           data-bwg=\"0\"           id=\"bwg_album_extended_0\"           class=\"bwg-album-extended bwg-border-box bwg-thumbnails bwg-container bwg-container-0 bwg-album-thumbnails bwg_album_extended_thumbnails_0\">                  <div class=\"bwg-extended-item\">            <div class=\"bwg-extended-item0\">              <a class=\"bwg-a bwg-album bwg_album_0\"                href='\/index.php?rest_route=%2Fwp%2Fv2%2Fpages%2F449&#038;type_0=gallery&#038;album_gallery_id_0=2'                 style=\"font-size: 0;\"                 data-bwg=\"0\"                 data-container_id=\"bwg_album_extended_0\"                 data-alb_gal_id=\"2\"                 data-def_type=\"gallery\"                 data-title=\"Ocen\u011bn\u00ed nejlep\u0161\u00edch YouTuber\u016f\">                <div class=\"bwg-item0 bwg_album_thumb_0 \">                  <div class=\"bwg-item1 bwg_album_thumb_spun1_0\">                    <div class=\"bwg-item2\">                      <img class=\"skip-lazy \"                           data-width=\"374\"                           data-height=\"500\"                           data-src=\"https:\/\/www.esoz-projekty.cz\/wp-content\/uploads\/photo-gallery\/Po_skole\/thumb\/IMG_20180212_140638.jpg\"                           src=\"https:\/\/www.esoz-projekty.cz\/wp-content\/uploads\/photo-gallery\/Po_skole\/thumb\/IMG_20180212_140638.jpg\"                           alt=\"Ocen\u011bn\u00ed nejlep\u0161\u00edch YouTuber\u016f\" \/>                    <\/div>                  <\/div>                <\/div>              <\/a>            <\/div>            <div class=\"bwg-extended-item1\">                              <a class=\"bwg-album bwg_album_0\"                   href='\/index.php?rest_route=%2Fwp%2Fv2%2Fpages%2F449&#038;type_0=gallery&#038;album_gallery_id_0=2'                   data-bwg=\"0\"                   data-container_id=\"bwg_album_extended_0\"                   data-alb_gal_id=\"2\"                   data-def_type=\"gallery\"                   data-title=\"Ocen\u011bn\u00ed nejlep\u0161\u00edch YouTuber\u016f\">                  <span class=\"bwg_title_spun_0\">Ocen\u011bn\u00ed nejlep\u0161\u00edch YouTuber\u016f<\/span>                <\/a>                                  <span class=\"bwg_description_spun1_0\">                <span class=\"bwg_description_short_0\">                  <p>Sou\u010d\u00e1st\u00ed\u00a0 Setk\u00e1n\u00ed Youtuber\u016f dne 27.11.2017 i byla medi\u00e1ln\u00ed p\u0159ehl\u00eddka vide\u00ed a hlasov\u00e1n\u00ed o nejzaj\u00edmav\u011bj\u0161\u00ed video, kter\u00e9 vyhr\u00e1la 8.\u00a0z\u00e1kladn\u00ed \u0161kola z\u00a0Mostu. V\u00a0m\u011bs\u00edci lednu prob\u011bhla sout\u011b\u017e o nejlep\u0161\u00ed video vytvo\u0159en\u00e9 v\u00a0r\u00e1mci Klubu youtuber\u016f, kter\u00fd funguje na ka\u017ed\u00e9 zapojen\u00e9 \u0161kole. Prob\u00edhalo hlasov\u00e1n\u00ed odborn\u00e9 poroty a ve\u0159ejnosti. <a href=\"http:\/\/8zsmost.otevrena-skola.cz\/\" target=\"_blank\" rel=\"noopener\"><span style=\"color: #f07c00;\">8. Z\u0160 Most<\/span><\/a> potvrdila sv\u00e9 m\u00edsto favorita a v\u00a0obou kategori\u00edch vyhr\u00e1la op\u011btovn\u011b prvn\u00ed m\u00edsto. Mosteck\u00fd klub sout\u011b\u017eil s\u00a0videem na t\u00e9ma n\u00e1v\u0161t\u011bvy z\u00e1bavn\u00edho parku. Jejich spot z\u00edskal v\u00a0hlasov\u00e1n\u00ed v\u00edce jak t\u0159etinu hlas\u016f. <a href=\"http:\/\/www.gympljirkov.cz\/\" target=\"_blank\" rel=\"noopener\"><span style=\"color: #f07c00;\">M\u011bstsk\u00e9 gymn\u00e1zium a Z\u00e1kladn\u00ed \u0161kola Jirkov<\/span><\/a> obsadila 2.\u00a0m\u00edsto v\u00a0hlasov\u00e1n\u00ed ve\u0159ejnosti a m\u00edsto t\u0159et\u00ed v\u00a0hlasov\u00e1n\u00ed odborn\u00e9 poroty. Jako druh\u00e9 nejlep\u0161\u00ed video ohodnotila odborn\u00e1 porota sout\u011b\u017en\u00ed video <a href=\"http:\/\/www.2zscv.cz\/\" target=\"_blank\" rel=\"noopener\"><span style=\"color: #f07c00;\">Z\u0160 Zahradn\u00ed Chomutov<\/span><\/a>, kter\u00e9 ve\u0159ejnost poslala na m\u00edsto t\u0159et\u00ed. V\u0161em pat\u0159\u00ed velik\u00e1 gratulace a ji\u017e se t\u011b\u0161\u00edme p\u0159i podzimn\u00edm setk\u00e1n\u00ed.<\/p>                <\/span>              <\/span>                              <\/div>          <\/div>                    <div class=\"bwg-extended-item\">            <div class=\"bwg-extended-item0\">              <a class=\"bwg-a bwg-album bwg_album_0\"                href='\/index.php?rest_route=%2Fwp%2Fv2%2Fpages%2F449&#038;type_0=gallery&#038;album_gallery_id_0=1'                 style=\"font-size: 0;\"                 data-bwg=\"0\"                 data-container_id=\"bwg_album_extended_0\"                 data-alb_gal_id=\"1\"                 data-def_type=\"gallery\"                 data-title=\"Setk\u00e1n\u00ed s YouTubery\">                <div class=\"bwg-item0 bwg_album_thumb_0 \">                  <div class=\"bwg-item1 bwg_album_thumb_spun1_0\">                    <div class=\"bwg-item2\">                      <img class=\"skip-lazy \"                           data-width=\"500\"                           data-height=\"331\"                           data-src=\"https:\/\/www.esoz-projekty.cz\/wp-content\/uploads\/photo-gallery\/Po_skole\/thumb\/DSC_9054-1024x678.jpg\"                           src=\"https:\/\/www.esoz-projekty.cz\/wp-content\/uploads\/photo-gallery\/Po_skole\/thumb\/DSC_9054-1024x678.jpg\"                           alt=\"Setk\u00e1n\u00ed s YouTubery\" \/>                    <\/div>                  <\/div>                <\/div>              <\/a>            <\/div>            <div class=\"bwg-extended-item1\">                              <a class=\"bwg-album bwg_album_0\"                   href='\/index.php?rest_route=%2Fwp%2Fv2%2Fpages%2F449&#038;type_0=gallery&#038;album_gallery_id_0=1'                   data-bwg=\"0\"                   data-container_id=\"bwg_album_extended_0\"                   data-alb_gal_id=\"1\"                   data-def_type=\"gallery\"                   data-title=\"Setk\u00e1n\u00ed s YouTubery\">                  <span class=\"bwg_title_spun_0\">Setk\u00e1n\u00ed s YouTubery<\/span>                <\/a>                                  <span class=\"bwg_description_spun1_0\">                <span class=\"bwg_description_short_0\">                  <p style=\"text-align: justify;\">V r\u00e1mci projektu \u201eZ\u016fsta\u0148te s\u00a0n\u00e1mi po \u0161kole, aneb Rozvoj kompetenc\u00ed \u017e\u00e1k\u016f \u0161kol v\u00a0\u00dasteck\u00e9m kraji\u201c, se 27.11.2017 uskute\u010dnilo setk\u00e1n\u00ed s\u00a0mlad\u00fdmi youtubery.<\/p><p style=\"text-align: justify;\">Zhruba 100 \u017e\u00e1k\u016f zapojen\u00fdch z\u00e1kladn\u00edch \u0161kol a \u017e\u00e1ci na\u0161\u00ed \u0161koly m\u011bli mo\u017enost se s\u00a0nimi osobn\u011b setkat, popov\u00eddat si, poradit s\u00a0nat\u00e1\u010den\u00edm youtube a n\u011bco na sebe prozradit. P\u0159ijeli <a href=\"https:\/\/cz.youtubers.me\/housebox\/youtube-statistiky-kanalu\" target=\"_blank\" rel=\"noopener\"><span style=\"color: #f07c00;\">HouseBox<\/span><\/a>, <a href=\"https:\/\/www.youtube.com\/user\/veronikaspurna\" target=\"_blank\" rel=\"noopener\"><span style=\"color: #f07c00;\">Veronika Spurn\u00e1 <\/span><\/a>a <a href=\"https:\/\/www.youtube.com\/channel\/UCRE7u7cHDBs5zZiv1rbybhA\" target=\"_blank\" rel=\"noopener\"><span style=\"color: #f07c00;\">Black Light Stars <\/span><\/a>\u2013 Tade\u00e1\u0161 \u0158\u00edha. Cel\u00e9 setk\u00e1n\u00ed moderoval <a href=\"http:\/\/booking4u.cz\/moderatori\/radek-jirgl\" target=\"_blank\" rel=\"noopener\"><span style=\"color: #f07c00;\">Radek Jirgl<\/span><\/a>. Z\u00e1zem\u00ed cel\u00e9 akce n\u00e1m poskytlo <a href=\"http:\/\/booking4u.cz\/moderatori\/radek-jirgl\" target=\"_blank\" rel=\"noopener\"><span style=\"color: #f07c00;\">Centrum voln\u00e9ho \u010dasu \u2013 Dome\u010dek Chomutov.<\/span><\/a><\/p>                <\/span>              <\/span>                              <\/div>          <\/div>                <\/div>          <input type=\"hidden\" id=\"bwg_album_breadcrumb_0\" name=\"bwg_album_breadcrumb_0\" value='[{&quot;id&quot;:1,&quot;page&quot;:1}]' \/>    <style>      \/*pagination styles*\/      #bwg_container1_0 #bwg_container2_0 .tablenav-pages_0 {\t\t\t\ttext-align: center;\t\t\t\tfont-size: 12px;\t\t\t\tfont-family: segoe ui;\t\t\t\tfont-weight: bold;\t\t\t\tcolor: #666666;\t\t\t\tmargin: 6px 0 4px;\t\t\t\tdisplay: block;      }      @media only screen and (max-width : 320px) {      #bwg_container1_0 #bwg_container2_0 .displaying-num_0 {     \t display: none;      }      }      #bwg_container1_0 #bwg_container2_0 .displaying-num_0 {\t\t\t\tfont-size: 12px;\t\t\t\tfont-family: segoe ui;\t\t\t\tfont-weight: bold;\t\t\t\tcolor: #666666;\t\t\t\tmargin-right: 10px;\t\t\t\tvertical-align: middle;      }      #bwg_container1_0 #bwg_container2_0 .paging-input_0 {\t\t\t\tfont-size: 12px;\t\t\t\tfont-family: segoe ui;\t\t\t\tfont-weight: bold;\t\t\t\tcolor: #666666;\t\t\t\tvertical-align: middle;      }      #bwg_container1_0 #bwg_container2_0 .tablenav-pages_0 a.disabled,      #bwg_container1_0 #bwg_container2_0 .tablenav-pages_0 a.disabled:hover,      #bwg_container1_0 #bwg_container2_0 .tablenav-pages_0 a.disabled:focus,\t\t\t#bwg_container1_0 #bwg_container2_0 .tablenav-pages_0 input.bwg_current_page {\t\t\t\tcursor: default;\t\t\t\tcolor: rgba(102, 102, 102, 0.5);      }      #bwg_container1_0 #bwg_container2_0 .tablenav-pages_0 a,      #bwg_container1_0 #bwg_container2_0 .tablenav-pages_0 input.bwg_current_page {\t\t\t\tcursor: pointer;\t\t\t\ttext-align: center;\t\t\t\tfont-size: 12px;\t\t\t\tfont-family: segoe ui;\t\t\t\tfont-weight: bold;\t\t\t\tcolor: #666666;\t\t\t\ttext-decoration: none;\t\t\t\tpadding: 3px 6px;\t\t\t\tmargin: 0;\t\t\t\tborder-radius: 0;\t\t\t\tborder-style: solid;\t\t\t\tborder-width: 1px;\t\t\t\tborder-color: #E3E3E3;\t\t\t\tbackground-color: #FFFFFF;\t\t\t\topacity: 1.00;\t\t\t\tbox-shadow: 0;\t\t\t\ttransition: all 0.3s ease 0s;-webkit-transition: all 0.3s ease 0s;      }      <\/style>      <span class=\"bwg_nav_cont_0\">              <div class=\"tablenav-pages_0\">                  <\/div>                <input type=\"hidden\" id=\"page_number_0\" name=\"page_number_0\" value=\"1\" \/>      <script type=\"text\/javascript\">        function spider_page_0(cur, x, y, load_more) {          if (typeof load_more == \"undefined\") {            var load_more = false;          }          if (jQuery(cur).hasClass('disabled')) {            return false;          }          var items_county_0 = 1;          switch (y) {            case 1:              if (x >= items_county_0) {                document.getElementById('page_number_0').value = items_county_0;              }              else {                document.getElementById('page_number_0').value = x + 1;              }              break;            case 2:              document.getElementById('page_number_0').value = items_county_0;              break;            case -1:              if (x == 1) {                document.getElementById('page_number_0').value = 1;              }              else {                document.getElementById('page_number_0').value = x - 1;              }              break;            case -2:              document.getElementById('page_number_0').value = 1;              break;\t\t\t\t\t\tcase 0:              document.getElementById('page_number_0').value = x;              break;            default:              document.getElementById('page_number_0').value = 1;          }          bwg_ajax('gal_front_form_0', '0', 'bwg_album_extended_0', '1', '', 'album', 0, '', '', load_more, '', 1);        }                    jQuery('.first-page-0').on('click', function () {              spider_page_0(this, 1, -2, 'numeric');              return false;            });            jQuery('.prev-page-0').on('click', function () {              spider_page_0(this, 1, -1, 'numeric');              return false;            });            jQuery('.next-page-0').on('click', function () {              spider_page_0(this, 1, 1, 'numeric');              return false;            });            jQuery('.last-page-0').on('click', function () {              spider_page_0(this, 1, 2, 'numeric');              return false;            });        \t\t\t\t\/* Change page on input enter. *\/        function bwg_change_page_0( e, that ) {          if (  e.key == 'Enter' ) {            var to_page = parseInt(jQuery(that).val());            var pages_count = jQuery(that).parents(\".pagination-links\").data(\"pages-count\");            var current_url_param = jQuery(that).attr('data-url-info');            if (to_page > pages_count) {              to_page = 1;            }\t \t\t\t\t\t\t\t\t\t\t\t\tspider_page_0(this, to_page, 0, 'numeric');\t\t\t\t\t\t\treturn false;\t\t\t\t\t\t          }          return true;        }        jQuery('.bwg_load_btn_0').on('click', function () {            spider_page_0(this, 1, 1, true);            return false;        });      <\/script>      <\/span>                <\/div>        <\/form>          <style>          #bwg_container1_0 #bwg_container2_0 #spider_popup_overlay_0 {          background-color: #000000;          opacity: 0.70;          }          <\/style>        <div id=\"bwg_spider_popup_loading_0\" class=\"bwg_spider_popup_loading\"><\/div>        <div id=\"spider_popup_overlay_0\" class=\"spider_popup_overlay\" onclick=\"spider_destroypopup(1000)\"><\/div>        <input type=\"hidden\" id=\"bwg_random_seed_0\" value=\"\">                <\/div>    <\/div>    <script>      if (document.readyState === 'complete') {        if( typeof bwg_main_ready == 'function' ) {          if ( jQuery(\"#bwg_container1_0\").height() ) {            bwg_main_ready(jQuery(\"#bwg_container1_0\"));          }        }      } else {        document.addEventListener('DOMContentLoaded', function() {          if( typeof bwg_main_ready == 'function' ) {            if ( jQuery(\"#bwg_container1_0\").height() ) {             bwg_main_ready(jQuery(\"#bwg_container1_0\"));            }          }        });      }    <\/script>    \n","protected":false},"excerpt":{"rendered":"","protected":false},"author":2,"featured_media":0,"parent":157,"menu_order":0,"comment_status":"closed","ping_status":"closed","template":"","meta":[],"_links":{"self":[{"href":"https:\/\/www.esoz-projekty.cz\/index.php?rest_route=\/wp\/v2\/pages\/449"}],"collection":[{"href":"https:\/\/www.esoz-projekty.cz\/index.php?rest_route=\/wp\/v2\/pages"}],"about":[{"href":"https:\/\/www.esoz-projekty.cz\/index.php?rest_route=\/wp\/v2\/types\/page"}],"author":[{"embeddable":true,"href":"https:\/\/www.esoz-projekty.cz\/index.php?rest_route=\/wp\/v2\/users\/2"}],"replies":[{"embeddable":true,"href":"https:\/\/www.esoz-projekty.cz\/index.php?rest_route=%2Fwp%2Fv2%2Fcomments&post=449"}],"version-history":[{"count":2,"href":"https:\/\/www.esoz-projekty.cz\/index.php?rest_route=\/wp\/v2\/pages\/449\/revisions"}],"predecessor-version":[{"id":451,"href":"https:\/\/www.esoz-projekty.cz\/index.php?rest_route=\/wp\/v2\/pages\/449\/revisions\/451"}],"up":[{"embeddable":true,"href":"https:\/\/www.esoz-projekty.cz\/index.php?rest_route=\/wp\/v2\/pages\/157"}],"wp:attachment":[{"href":"https:\/\/www.esoz-projekty.cz\/index.php?rest_route=%2Fwp%2Fv2%2Fmedia&parent=449"}],"curies":[{"name":"wp","href":"https:\/\/api.w.org\/{rel}","templated":true}]}}