{"id":482,"date":"2018-06-08T12:48:46","date_gmt":"2018-06-08T11:48:46","guid":{"rendered":"http:\/\/www.esoz-projekty.cz\/?page_id=482"},"modified":"2019-02-14T12:38:37","modified_gmt":"2019-02-14T11:38:37","slug":"mobility-zaku","status":"publish","type":"page","link":"https:\/\/www.esoz-projekty.cz\/?page_id=482","title":{"rendered":"Mobility \u017e\u00e1k\u016f"},"content":{"rendered":"<p><img loading=\"lazy\" class=\"alignleft wp-image-111 size-medium\" src=\"http:\/\/www.esoz-projekty.cz\/wp-content\/uploads\/2018\/02\/Erasmus-300x65.jpg\" alt=\"\" width=\"300\" height=\"65\" srcset=\"https:\/\/www.esoz-projekty.cz\/wp-content\/uploads\/2018\/02\/Erasmus-300x65.jpg 300w, https:\/\/www.esoz-projekty.cz\/wp-content\/uploads\/2018\/02\/Erasmus-768x166.jpg 768w, https:\/\/www.esoz-projekty.cz\/wp-content\/uploads\/2018\/02\/Erasmus.jpg 800w\" sizes=\"(max-width: 300px) 100vw, 300px\" \/>C\u00edlem projektu je zkvalitnit odborn\u00e9 vzd\u011bl\u00e1v\u00e1n\u00ed a usnadnit p\u0159echod do prvn\u00edho kvalifikovan\u00e9ho zam\u011bstn\u00e1n\u00ed. Nadn\u00e1rodn\u00ed v\u00fdm\u011bna umo\u017en\u00ed \u017e\u00e1k\u016fm l\u00e9pe se orientovat ve sv\u00fdch oborech a jejich uplatnitelnosti na trhu pr\u00e1ce, zkvalitn\u00ed a prohloub\u00ed si sv\u00e9 znalosti a dovednosti. Mobility maj\u00ed tak\u00e9 \u0159adu n\u00e1vazn\u00fdch efekt\u016f, jako je zlep\u0161en\u00ed jazykov\u00e9 vybavenosti, zlep\u0161en\u00ed komunika\u010dn\u00edch dovednost\u00ed, z\u00edsk\u00e1n\u00ed \u010di zv\u00fd\u0161en\u00ed zdrav\u00e9 sebed\u016fv\u011bry. St\u00e1\u017e by m\u011bla \u00fa\u010dastn\u00edky motivovat k&nbsp;dal\u0161\u00edmu vlastn\u00edmu rozvoji, ale tak\u00e9 k&nbsp;p\u0159enosu t\u011bchto zku\u0161enost\u00ed mezi sv\u00e9 vrstevn\u00edky, rodinu, p\u0159\u00e1tele.<\/p>\n<p>Celkov\u00fd po\u010det st\u00e1\u017e\u00ed 10:<br \/>\nZem\u011b Velk\u00e1 Brit\u00e1nie (Lond\u00fdn), N\u011bmecko (Weimar, Hoyerswera), Slovensko (Trnava), \u0160pan\u011blsko (Sevilla);<br \/>\nD\u00e9lka st\u00e1\u017ee 14&nbsp;dn\u00ed (10 pracovn\u00edch);<br \/>\nObory:<\/p>\n<ul>\n<li>Mechanik elektrotechnik<\/li>\n<li>Mechanik elektrotechnick\u00fdch za\u0159\u00edzen\u00ed<\/li>\n<li>Bezpe\u010dnostn\u00ed syst\u00e9my<\/li>\n<li>Bezpe\u010dnost a ochrana obyvatel<\/li>\n<li>Obchodn\u00ed akademie<\/li>\n<li>Soci\u00e1ln\u00ed \u010dinnost<\/li>\n<li>Zdravotnick\u00fd asistent<\/li>\n<li>Z\u00e1me\u010dn\u00edk, Elektrik\u00e1\u0159<\/li>\n<li>Zedn\u00edk<\/li>\n<li>Instalat\u00e9r<\/li>\n<\/ul>\n<p><strong>Po\u010det \u00fa\u010dastn\u00edk\u016f celkem: 82 (75 \u017e\u00e1k\u016f maturitn\u00edch obor\u016f, 7 \u017e\u00e1k\u016f u\u010debn\u00edch obor\u016f);<\/strong><br \/>\nPo\u010det doprovodn\u00fdch osob celkem: 15<br \/>\nTerm\u00edny:\u00a0 podzim 2018, jaro 2019, podzim 2019;<br \/>\nProgram: dle nastaven\u00fdch jednotek v\u00fdsledk\u016f u\u010den\u00ed v&nbsp;syst\u00e9mu ECVET<\/p>\n<p><a href=\"http:\/\/www.esoz-projekty.cz\/?page_id=510\">P\u0159ihl\u00e1\u0161ky na st\u00e1\u017e a dal\u0161\u00ed informace<\/a><\/p>\n<p><a href=\"http:\/\/www.esoz-projekty.cz\/wp-content\/uploads\/2019\/02\/Na-zku\u00c5\u00a1enou-do-Sevilly.docx\">Na zku\u0161enou do Sevilly<\/a><\/p>\n\n\t\t<style type=\"text\/css\">\n\t\t\t#gallery-1 {\n\t\t\t\tmargin: auto;\n\t\t\t}\n\t\t\t#gallery-1 .gallery-item {\n\t\t\t\tfloat: left;\n\t\t\t\tmargin-top: 10px;\n\t\t\t\ttext-align: center;\n\t\t\t\twidth: 33%;\n\t\t\t}\n\t\t\t#gallery-1 img {\n\t\t\t\tborder: 2px solid #cfcfcf;\n\t\t\t}\n\t\t\t#gallery-1 .gallery-caption {\n\t\t\t\tmargin-left: 0;\n\t\t\t}\n\t\t\t\/* see gallery_shortcode() in wp-includes\/media.php *\/\n\t\t<\/style>\n\t\t<div id='gallery-1' class='gallery galleryid-482 gallery-columns-3 gallery-size-medium'><dl class='gallery-item'>\n\t\t\t<dt class='gallery-icon portrait'>\n\t\t\t\t<a href='https:\/\/www.esoz-projekty.cz\/wp-content\/uploads\/2019\/02\/20190127_111124-e1549979947734.jpg'><img width=\"169\" height=\"300\" src=\"https:\/\/www.esoz-projekty.cz\/wp-content\/uploads\/2019\/02\/20190127_111124-e1549979947734-169x300.jpg\" class=\"attachment-medium size-medium\" alt=\"\" loading=\"lazy\" srcset=\"https:\/\/www.esoz-projekty.cz\/wp-content\/uploads\/2019\/02\/20190127_111124-e1549979947734-169x300.jpg 169w, https:\/\/www.esoz-projekty.cz\/wp-content\/uploads\/2019\/02\/20190127_111124-e1549979947734-768x1365.jpg 768w, https:\/\/www.esoz-projekty.cz\/wp-content\/uploads\/2019\/02\/20190127_111124-e1549979947734-576x1024.jpg 576w, https:\/\/www.esoz-projekty.cz\/wp-content\/uploads\/2019\/02\/20190127_111124-e1549979947734.jpg 1836w\" sizes=\"(max-width: 169px) 100vw, 169px\" \/><\/a>\n\t\t\t<\/dt><\/dl><dl class='gallery-item'>\n\t\t\t<dt class='gallery-icon portrait'>\n\t\t\t\t<a href='https:\/\/www.esoz-projekty.cz\/wp-content\/uploads\/2019\/02\/20190127_102052-e1549979962217.jpg'><img width=\"169\" height=\"300\" src=\"https:\/\/www.esoz-projekty.cz\/wp-content\/uploads\/2019\/02\/20190127_102052-e1549979962217-169x300.jpg\" class=\"attachment-medium size-medium\" alt=\"\" loading=\"lazy\" srcset=\"https:\/\/www.esoz-projekty.cz\/wp-content\/uploads\/2019\/02\/20190127_102052-e1549979962217-169x300.jpg 169w, https:\/\/www.esoz-projekty.cz\/wp-content\/uploads\/2019\/02\/20190127_102052-e1549979962217-768x1365.jpg 768w, https:\/\/www.esoz-projekty.cz\/wp-content\/uploads\/2019\/02\/20190127_102052-e1549979962217-576x1024.jpg 576w, https:\/\/www.esoz-projekty.cz\/wp-content\/uploads\/2019\/02\/20190127_102052-e1549979962217.jpg 1836w\" sizes=\"(max-width: 169px) 100vw, 169px\" \/><\/a>\n\t\t\t<\/dt><\/dl><dl class='gallery-item'>\n\t\t\t<dt class='gallery-icon portrait'>\n\t\t\t\t<a href='https:\/\/www.esoz-projekty.cz\/wp-content\/uploads\/2019\/02\/2.jpg'><img width=\"168\" height=\"300\" src=\"https:\/\/www.esoz-projekty.cz\/wp-content\/uploads\/2019\/02\/2-168x300.jpg\" class=\"attachment-medium size-medium\" alt=\"\" loading=\"lazy\" srcset=\"https:\/\/www.esoz-projekty.cz\/wp-content\/uploads\/2019\/02\/2-168x300.jpg 168w, https:\/\/www.esoz-projekty.cz\/wp-content\/uploads\/2019\/02\/2.jpg 511w\" sizes=\"(max-width: 168px) 100vw, 168px\" \/><\/a>\n\t\t\t<\/dt><\/dl><br style=\"clear: both\" \/>\n\t\t<\/div>\n\n","protected":false},"excerpt":{"rendered":"<p>C\u00edlem projektu je zkvalitnit odborn\u00e9 vzd\u011bl\u00e1v\u00e1n\u00ed a usnadnit p\u0159echod do prvn\u00edho kvalifikovan\u00e9ho zam\u011bstn\u00e1n\u00ed. Nadn\u00e1rodn\u00ed v\u00fdm\u011bna umo\u017en\u00ed \u017e\u00e1k\u016fm l\u00e9pe se orientovat ve sv\u00fdch oborech a jejich uplatnitelnosti na trhu pr\u00e1ce, zkvalitn\u00ed a prohloub\u00ed si sv\u00e9 znalosti a dovednosti. Mobility maj\u00ed tak\u00e9 \u0159adu n\u00e1vazn\u00fdch efekt\u016f, jako je zlep\u0161en\u00ed jazykov\u00e9 vybavenosti, zlep\u0161en\u00ed komunika\u010dn\u00edch dovednost\u00ed, z\u00edsk\u00e1n\u00ed \u010di zv\u00fd\u0161en\u00ed zdrav\u00e9&hellip; <br \/> <a class=\"read-more\" href=\"https:\/\/www.esoz-projekty.cz\/?page_id=482\">V\u00edce<\/a><\/p>\n","protected":false},"author":2,"featured_media":0,"parent":0,"menu_order":0,"comment_status":"closed","ping_status":"closed","template":"","meta":[],"_links":{"self":[{"href":"https:\/\/www.esoz-projekty.cz\/index.php?rest_route=\/wp\/v2\/pages\/482"}],"collection":[{"href":"https:\/\/www.esoz-projekty.cz\/index.php?rest_route=\/wp\/v2\/pages"}],"about":[{"href":"https:\/\/www.esoz-projekty.cz\/index.php?rest_route=\/wp\/v2\/types\/page"}],"author":[{"embeddable":true,"href":"https:\/\/www.esoz-projekty.cz\/index.php?rest_route=\/wp\/v2\/users\/2"}],"replies":[{"embeddable":true,"href":"https:\/\/www.esoz-projekty.cz\/index.php?rest_route=%2Fwp%2Fv2%2Fcomments&post=482"}],"version-history":[{"count":10,"href":"https:\/\/www.esoz-projekty.cz\/index.php?rest_route=\/wp\/v2\/pages\/482\/revisions"}],"predecessor-version":[{"id":722,"href":"https:\/\/www.esoz-projekty.cz\/index.php?rest_route=\/wp\/v2\/pages\/482\/revisions\/722"}],"wp:attachment":[{"href":"https:\/\/www.esoz-projekty.cz\/index.php?rest_route=%2Fwp%2Fv2%2Fmedia&parent=482"}],"curies":[{"name":"wp","href":"https:\/\/api.w.org\/{rel}","templated":true}]}}