{"id":485,"date":"2018-06-08T12:51:25","date_gmt":"2018-06-08T11:51:25","guid":{"rendered":"http:\/\/www.esoz-projekty.cz\/?page_id=485"},"modified":"2018-06-13T13:58:22","modified_gmt":"2018-06-13T12:58:22","slug":"energie","status":"publish","type":"page","link":"https:\/\/www.esoz-projekty.cz\/?page_id=485","title":{"rendered":"Energie"},"content":{"rendered":"<p><img loading=\"lazy\" class=\"alignleft wp-image-531 size-medium\" src=\"http:\/\/www.esoz-projekty.cz\/wp-content\/uploads\/2018\/06\/logo_chomutov-300x115.jpg\" alt=\"\" width=\"300\" height=\"115\" srcset=\"https:\/\/www.esoz-projekty.cz\/wp-content\/uploads\/2018\/06\/logo_chomutov-300x115.jpg 300w, https:\/\/www.esoz-projekty.cz\/wp-content\/uploads\/2018\/06\/logo_chomutov.jpg 630w\" sizes=\"(max-width: 300px) 100vw, 300px\" \/>Roz\u0161\u00ed\u0159it znalosti \u017e\u00e1k\u016f a d\u011bt\u00ed v\u00a0oblasti energi\u00ed. Sezn\u00e1mit \u017e\u00e1ky a d\u011bti s\u00a0t\u00edm, kde a jak energie vznik\u00e1, jak\u00fdm zp\u016fsobem energie vyu\u017e\u00edv\u00e1me a jak p\u016fsob\u00ed na okoln\u00ed sv\u011bt, p\u0159\u00edrodu a na \u010dlov\u011bka samotn\u00e9ho.<\/p>\n<p>Projekt je ur\u010den pro \u017e\u00e1ky st\u0159edn\u00ed \u0161koly, z\u00e1kladn\u00edch \u0161kol a d\u011bti mate\u0159sk\u00fdch \u0161kol. Obsah i rozsah informac\u00ed je vhodn\u00fd pro roz\u0161\u00ed\u0159en\u00ed a dopln\u011bn\u00ed u\u010diva.<\/p>\n<h2><\/h2>\n<h2><strong>Z\u00c1KLADN\u00cd \u0160KOLY<\/strong><\/h2>\n<p><em>\u010casov\u00fd rozsah: 4 \u2013 5 vyu\u010dovac\u00edch hodin<\/em><\/p>\n<p><strong>\u00davod do oblasti energi\u00ed, v\u00fdroba energie, v\u010d. energetick\u00e9ho vyu\u017eit\u00ed odpad\u016f<\/strong><\/p>\n<ul>\n<li>Co je energie, transformace energie<\/li>\n<li>Obnoviteln\u00e9 zdroje energie \u2013 3D modely<\/li>\n<li>(vodn\u00ed energie, v\u011btrn\u00e1 energie, slune\u010dn\u00ed energie, tepeln\u00e1 \u010derpadla)<\/li>\n<li>Elektr\u00e1rny na fosiln\u00ed paliva<\/li>\n<li>Energetick\u00e9 vyu\u017eit\u00ed odpad\u016f<\/li>\n<li>Hospoda\u0159en\u00ed s\u00a0energi\u00ed<\/li>\n<\/ul>\n<p><strong>Energie kolem n\u00e1s<\/strong><\/p>\n<ul>\n<li>Neionizuj\u00edc\u00ed z\u00e1\u0159en\u00ed a jeho dopady na \u017eivotn\u00ed prost\u0159ed\u00ed<\/li>\n<li>Ionizuj\u00edc\u00ed z\u00e1\u0159en\u00ed a jeho dopady na \u017eivotn\u00ed prost\u0159ed\u00ed<\/li>\n<li>Psychofyzika \u2013 zab\u00fdv\u00e1 se vztahem mezi fyzik\u00e1ln\u00edmi vlastnostmi podn\u011btu a subjektivn\u00edm pocitem (subjektivn\u00edm odrazem jednotliv\u00fdch vlastnost\u00ed reality, skute\u010dnosti)<\/li>\n<li>Radiest\u00e9zie a jej\u00ed vyu\u017eit\u00ed v\u00a0praxi<\/li>\n<\/ul>\n<p><strong>Odborn\u00e9 exkurze (v&nbsp;n\u00e1vaznosti na po\u010das\u00ed)<\/strong><\/p>\n<ul>\n<li>Prohl\u00eddka slune\u010dn\u00ed elektr\u00e1rny v\u00a0Chomutov\u011b o v\u00fdkonu 250 kWp<\/li>\n<li>Uk\u00e1zka pole pro p\u011bstov\u00e1n\u00ed biomasy (rychlerostouc\u00ed d\u0159eviny, \u010dirok, mu\u017e\u00e1k, komonice, aj.) V\u00fdzkumn\u00e9ho \u00fastavu rostlinn\u00e9 v\u00fdroby v\u00a0Nov\u00fdch Spo\u0159ic\u00edch<\/li>\n<\/ul>\n<p><strong>Robotika<\/strong><\/p>\n<ul>\n<li>Automatizace v\u00fdroby \u2013 pr\u016fmyslov\u00e9 manipul\u00e1tory a roboty<\/li>\n<li>Ostatn\u00ed vyu\u017eit\u00ed robot\u016f<\/li>\n<li>Hardware a software<\/li>\n<li>Praktick\u00e9 uk\u00e1zky robot\u016f<\/li>\n<li>Slo\u017een\u00ed jednoduch\u00fdch robot\u016f a ov\u011b\u0159en\u00ed funk\u010dnosti (nap\u0159. mal\u00e9 v\u011btrn\u00e9 elektr\u00e1rny, robota poh\u00e1n\u011bn\u00e9ho na slune\u010dn\u00ed pohon, apod.)<\/li>\n<\/ul>\n<p><strong>Odpadov\u00e9 hospod\u00e1\u0159stv\u00ed<\/strong><\/p>\n<ul>\n<li>P\u0159edch\u00e1zen\u00ed vzniku odpad\u016f<\/li>\n<li>Nakl\u00e1d\u00e1n\u00ed s&nbsp;odpady<\/li>\n<li>Obaly<\/li>\n<li>Zp\u011btn\u00fd odb\u011br v\u00fdrobk\u016f<\/li>\n<li>Recyklace<\/li>\n<\/ul>\n<h2><strong>MATE\u0158SK\u00c9 \u0160KOLY<\/strong><\/h2>\n<p><em>\u010casov\u00fd rozsah: 1 \u2013 3 vyu\u010dovac\u00edch hodin<\/em><\/p>\n<p><strong>\u00davod do oblasti energi\u00ed, v\u00fdroba energie, v\u010d. energetick\u00e9ho vyu\u017eit\u00ed odpad\u016f<\/strong><\/p>\n<ul>\n<li>Co je energie, transformace energie<\/li>\n<li>Obnoviteln\u00e9 zdroje energie \u2013 3D modely<\/li>\n<li>(vodn\u00ed energie, v\u011btrn\u00e1 energie, slune\u010dn\u00ed energie, tepeln\u00e1 \u010derpadla)<\/li>\n<\/ul>\n<p><strong>Energie kolem n\u00e1s<\/strong><\/p>\n<ul>\n<li>Neionizuj\u00edc\u00ed z\u00e1\u0159en\u00ed a jeho dopady na \u017eivotn\u00ed prost\u0159ed\u00ed<\/li>\n<li>Ionizuj\u00edc\u00ed z\u00e1\u0159en\u00ed a jeho dopady na \u017eivotn\u00ed prost\u0159ed\u00ed<\/li>\n<li>Psychofyzika \u2013 zab\u00fdv\u00e1 se vztahem mezi fyzik\u00e1ln\u00edmi vlastnostmi podn\u011btu a subjektivn\u00edm pocitem (subjektivn\u00edm odrazem jednotliv\u00fdch vlastnost\u00ed reality, skute\u010dnosti)<\/li>\n<li>Radiest\u00e9zie a jej\u00ed vyu\u017eit\u00ed v\u00a0praxi<\/li>\n<\/ul>\n<p><strong>Robotika<\/strong><\/p>\n<ul>\n<li>Automatizace v\u00fdroby \u2013 pr\u016fmyslov\u00e9 manipul\u00e1tory a roboty<\/li>\n<li>Ostatn\u00ed vyu\u017eit\u00ed robot\u016f<\/li>\n<li>Praktick\u00e9 uk\u00e1zky robot\u016f<\/li>\n<li>Ov\u011b\u0159en\u00ed funk\u010dnosti (nap\u0159. mal\u00e9 v\u011btrn\u00e9 elektr\u00e1rny, robota poh\u00e1n\u011bn\u00e9ho na slune\u010dn\u00ed pohon, apod.)<\/li>\n<\/ul>\n<p><strong>Odpadov\u00e9 hospod\u00e1\u0159stv\u00ed<\/strong><\/p>\n<ul>\n<li>P\u0159edch\u00e1zen\u00ed vzniku odpad\u016f<\/li>\n<li>Nakl\u00e1d\u00e1n\u00ed s&nbsp;odpady<\/li>\n<li>Obaly<\/li>\n<li>Zp\u011btn\u00fd odb\u011br v\u00fdrobk\u016f<\/li>\n<li>Recyklace<\/li>\n<\/ul>\n<h2>ST\u0158EDN\u00cd \u0160KOLA<\/h2>\n<p><em>\u010casov\u00fd rozsah: 5 \u2013 6 vyu\u010dovac\u00edch hodin<\/em><\/p>\n<p><strong>Rekultivace krajiny, ochrann\u00e1 funkce krajiny \u2013 Chomutovsko<\/strong><\/p>\n<p>obnova krajiny po d\u016fln\u00ed \u010dinnosti a dal\u0161\u00edch \u010dinnostech \u010dlov\u011bka, exkurze po rekultivac\u00edch \u2013 vyu\u017eit\u00ed krajiny (v\u00fdstavba m\u011bsta Most), p\u0159\u00edklady typ\u016f rekultivac\u00ed:<\/p>\n<ul>\n<li>Exkurze vodn\u00ed d\u00edlo Kada\u0148 (mal\u00e1 vodn\u00ed elektr\u00e1rna, vodn\u00ed n\u00e1dr\u017e), prohl\u00eddka kr\u00e1lovsk\u00e9ho m\u011bsta Kada\u0148, nezasa\u017een\u00e9ho t\u011b\u017ebou, proch\u00e1zka po Svat\u00e9m kope\u010dku (na vrcholku vyhl\u00eddkov\u00fd alt\u00e1n s&nbsp;\u017eelezn\u00fdm schodi\u0161t\u011bm a vyv\u00fd\u0161en\u00fdm kryt\u00fdm vyhl\u00eddkov\u00fdm ochozem)<\/li>\n<li>n\u00e1v\u0161t\u011bva obce B\u0159ezno u Chomutova, komentovan\u00e1 proj\u00ed\u017e\u010fka Uheln\u00e9 safari \u2013 B\u0159ezeneck\u00fd drak, velkorypadlo KU800<\/li>\n<li>vyhl\u00eddka na b\u00e1\u0148sk\u00fd prostor M\u00e1lkov (v\u00fdhled na cel\u00fd proces t\u011b\u017eby)<\/li>\n<li>rekultivace Prun\u00e9\u0159ov<\/li>\n<li>v\u011btrn\u00e9 elektr\u00e1rny &#8211; hory<\/li>\n<\/ul>\n<p><strong>Rekultivace krajiny, ochrann\u00e1 funkce krajiny &#8211; Mostecko<\/strong><\/p>\n<p>obnova krajiny po d\u016fln\u00ed \u010dinnosti a dal\u0161\u00edch \u010dinnostech \u010dlov\u011bka, exkurze po rekultivac\u00edch \u2013 vyu\u017eit\u00ed krajiny (v\u00fdstavba m\u011bsta Most), p\u0159\u00edklady typ\u016f rekultivac\u00ed:<\/p>\n<ul>\n<li>Autodrom <a href=\"http:\/\/www.autodrom-most.cz\/\">www.autodrom-most.cz<\/a><\/li>\n<li>Hipodrom <a href=\"http:\/\/www.hipodrom.cz\/\">http:\/\/www.hipodrom.cz<\/a><\/li>\n<li>p\u0159esunut\u00fd kostel Nanebevzet\u00ed Panny Marie v&nbsp;Most\u011b <a href=\"http:\/\/www.replikyhodinekme.com\/\">repliky hodinek<\/a> <a href=\"https:\/\/www.kostel-most.cz\/\">https:\/\/www.kostel-most.cz<\/a><\/li>\n<li>z\u00e1mek Jeze\u0159\u00ed <a href=\"https:\/\/www.zamek-jezeri.cz\/\">https:\/\/www.zamek-jezeri.cz<\/a> \u2013 d\u016fln\u00ed \u010dinnost, obnoven\u00fd les<\/li>\n<li>jezero Most v\u010detn\u011b p\u0159ivad\u011b\u010de (hydrick\u00e1 rekultivace) <a href=\"http:\/\/mosteckejezero.cz\/\">http:\/\/mosteckejezero.cz<\/a><\/li>\n<\/ul>\n","protected":false},"excerpt":{"rendered":"<p>Roz\u0161\u00ed\u0159it znalosti \u017e\u00e1k\u016f a d\u011bt\u00ed v\u00a0oblasti energi\u00ed. Sezn\u00e1mit \u017e\u00e1ky a d\u011bti s\u00a0t\u00edm, kde a jak energie vznik\u00e1, jak\u00fdm zp\u016fsobem energie vyu\u017e\u00edv\u00e1me a jak p\u016fsob\u00ed na okoln\u00ed sv\u011bt, p\u0159\u00edrodu a na \u010dlov\u011bka samotn\u00e9ho. Projekt je ur\u010den pro \u017e\u00e1ky st\u0159edn\u00ed \u0161koly, z\u00e1kladn\u00edch \u0161kol a d\u011bti mate\u0159sk\u00fdch \u0161kol. Obsah i rozsah informac\u00ed je vhodn\u00fd pro roz\u0161\u00ed\u0159en\u00ed a dopln\u011bn\u00ed&hellip; <br \/> <a class=\"read-more\" href=\"https:\/\/www.esoz-projekty.cz\/?page_id=485\">V\u00edce<\/a><\/p>\n","protected":false},"author":2,"featured_media":0,"parent":0,"menu_order":0,"comment_status":"closed","ping_status":"closed","template":"","meta":[],"_links":{"self":[{"href":"https:\/\/www.esoz-projekty.cz\/index.php?rest_route=\/wp\/v2\/pages\/485"}],"collection":[{"href":"https:\/\/www.esoz-projekty.cz\/index.php?rest_route=\/wp\/v2\/pages"}],"about":[{"href":"https:\/\/www.esoz-projekty.cz\/index.php?rest_route=\/wp\/v2\/types\/page"}],"author":[{"embeddable":true,"href":"https:\/\/www.esoz-projekty.cz\/index.php?rest_route=\/wp\/v2\/users\/2"}],"replies":[{"embeddable":true,"href":"https:\/\/www.esoz-projekty.cz\/index.php?rest_route=%2Fwp%2Fv2%2Fcomments&post=485"}],"version-history":[{"count":2,"href":"https:\/\/www.esoz-projekty.cz\/index.php?rest_route=\/wp\/v2\/pages\/485\/revisions"}],"predecessor-version":[{"id":586,"href":"https:\/\/www.esoz-projekty.cz\/index.php?rest_route=\/wp\/v2\/pages\/485\/revisions\/586"}],"wp:attachment":[{"href":"https:\/\/www.esoz-projekty.cz\/index.php?rest_route=%2Fwp%2Fv2%2Fmedia&parent=485"}],"curies":[{"name":"wp","href":"https:\/\/api.w.org\/{rel}","templated":true}]}}