{"id":487,"date":"2018-06-08T12:51:50","date_gmt":"2018-06-08T11:51:50","guid":{"rendered":"http:\/\/www.esoz-projekty.cz\/?page_id=487"},"modified":"2018-08-14T11:14:27","modified_gmt":"2018-08-14T10:14:27","slug":"future-vision","status":"publish","type":"page","link":"https:\/\/www.esoz-projekty.cz\/?page_id=487","title":{"rendered":"Future Vision"},"content":{"rendered":"<p><strong><img loading=\"lazy\" class=\"alignleft wp-image-206 size-large\" src=\"http:\/\/www.esoz-projekty.cz\/wp-content\/uploads\/2018\/02\/Logolink_OP_VVV_hor_barva_cz-1024x227.jpg\" alt=\"\" width=\"730\" height=\"162\" srcset=\"https:\/\/www.esoz-projekty.cz\/wp-content\/uploads\/2018\/02\/Logolink_OP_VVV_hor_barva_cz-1024x227.jpg 1024w, https:\/\/www.esoz-projekty.cz\/wp-content\/uploads\/2018\/02\/Logolink_OP_VVV_hor_barva_cz-300x67.jpg 300w, https:\/\/www.esoz-projekty.cz\/wp-content\/uploads\/2018\/02\/Logolink_OP_VVV_hor_barva_cz-768x170.jpg 768w, https:\/\/www.esoz-projekty.cz\/wp-content\/uploads\/2018\/02\/Logolink_OP_VVV_hor_barva_cz.jpg 1559w\" sizes=\"(max-width: 730px) 100vw, 730px\" \/><\/strong><\/p>\n<p>&nbsp;<\/p>\n<table width=\"0\">\n<tbody>\n<tr>\n<td width=\"272\"><strong>Registra\u010dn\u00ed \u010d\u00edslo projektu<\/strong><\/td>\n<td width=\"347\">CZ.02.3.X\/0.0\/0.0\/16_035\/0007977<\/td>\n<\/tr>\n<tr>\n<td width=\"272\"><strong>N\u00e1zev projektu<\/strong><\/td>\n<td width=\"347\">ESOZ Future Vision<\/td>\n<\/tr>\n<tr>\n<td width=\"272\"><strong>Trv\u00e1n\u00ed projektu<\/strong><\/td>\n<td width=\"347\">1.1.2018 \u2013 31.&nbsp;12.2019<\/td>\n<\/tr>\n<\/tbody>\n<\/table>\n<p>&nbsp;<\/p>\n<p><strong>C\u00edlem projektu je zlep\u0161en\u00ed\u00a0kvality vzd\u011bl\u00e1v\u00e1n\u00ed, odborn\u00e9 p\u0159\u00edpravy\u00a0a v\u00fdsledk\u016f \u017e\u00e1k\u016f v&nbsp;kl\u00ed\u010dov\u00fdch kompetenc\u00edch, v\u010detn\u011b pos\u00edlen\u00ed\u00a0jejich relevance pro trh pr\u00e1ce. <\/strong><\/p>\n<p>Pos\u00edlit spolupr\u00e1ci \u0161koly a firem: za\u0159adit st\u00e1\u017ee pedagogick\u00fdch pracovn\u00edk\u016f jako ned\u00edlnou sou\u010d\u00e1st jejich profesn\u00edho rozvoje, zv\u00fd\u0161it po\u010det odborn\u00edk\u016f zapojen\u00fdch do v\u00fduky, zlep\u0161it aktivity v\u00a0oblasti kari\u00e9rov\u00e9ho poradenstv\u00ed \u2013 zlep\u0161it komunikaci a koordinaci aktivit se\u00a0 zam\u011bstnavateli v\u00a0regionu a v\u00a0sektorech (odv\u011btv\u00edch).<\/p>\n<p>Podpora spolupr\u00e1ce pedagogick\u00fdch pracovn\u00edk\u016f: v\u00fdm\u011bna a p\u0159enos zku\u0161enost\u00ed se shodn\u011b oborov\u011b zam\u011b\u0159en\u00fdmi \u0161kolami, zejm\u00e9na se \u0161kolami zapojen\u00fdmi do profesn\u00edch sdru\u017een\u00ed, kde je \u0161kola \u010dlenem, tandemov\u00e1 v\u00fduka a <a href=\"http:\/\/www.replica-horloges.org\/tips-replica-rolex-horloges-online\">replica rolex horloges<\/a> tvorba minit\u00fdm\u016f pro vz\u00e1jemnou spolupr\u00e1ci a zav\u00e1d\u011bn\u00ed nov\u00fdch trend\u016f a metod do vzd\u011bl\u00e1vac\u00edho procesu.<\/p>\n<p><strong>Aktivity<\/strong>:<\/p>\n<ul>\n<li><span style=\"color: #000000; font-family: Calibri;\">Koordin\u00e1tor <\/span><span style=\"color: #000000; font-family: Calibri;\">spolupr\u00e1ce \u0161koly a zam\u011bstnavatele \u2013 person\u00e1ln\u00ed podpora S\u0160<\/span><\/li>\n<li><span style=\"color: #000000; font-family: Calibri;\">Vzd\u011bl\u00e1v\u00e1n\u00ed pedagogick\u00fdch pracovn\u00edk\u016f S\u0160 \u2013 DVPP v\u00a0rozsahu 8 hodin<\/span><\/li>\n<li><span style=\"color: #000000; font-family: Calibri;\">Vzd\u011bl\u00e1v\u00e1n\u00ed pedagogick\u00fdch pracovn\u00edk\u016f \u0160\u0160 \u2013 DVPP v\u00a0rozsahu 16 hodin<\/span><\/li>\n<li><span style=\"color: #000000; font-family: Calibri;\">Vzd\u011bl\u00e1v\u00e1n\u00ed pedagogick\u00fdch pracovn\u00edk\u016f \u0160\u0160 \u2013 DVPP v\u00a0rozsahu 24 hodin<\/span><\/li>\n<li><span style=\"color: #000000; font-family: Calibri;\">Sd\u00edlen\u00ed zku\u0161enost\u00ed pedagog\u016f z\u00a0r\u016fzn\u00fdch \u0161kol prost\u0159ednictv\u00edm vz\u00e1jemn\u00fdch n\u00e1v\u0161t\u011bv <\/span><\/li>\n<li><span style=\"color: #000000; font-family: Calibri;\">St\u00e1\u017ee pedagog\u016f u zam\u011bstnavatel\u016f<\/span><\/li>\n<li><span style=\"color: #000000; font-family: Calibri;\">Tandemov\u00e1 v\u00fduka na S\u0160<\/span><\/li>\n<li><span style=\"color: #000000; font-family: Calibri;\">Zapojen\u00ed odborn\u00edka z\u00a0praxe do v\u00fduky na S\u0160<\/span><\/li>\n<li><span style=\"color: #000000; font-family: Calibri;\">CLIL ve v\u00fduce na S\u0160<\/span><\/li>\n<li><span style=\"color: #000000; font-family: Calibri;\">Vzd\u011bl\u00e1v\u00e1n\u00ed pedagogick\u00e9ho sboru S\u0160 zam\u011b\u0159en\u00e9 na inkluzi \u2013 vzd\u011bl\u00e1vac\u00ed akce v\u00a0rozsahu 8 hodin<\/span><\/li>\n<li><span style=\"color: #000000; font-family: Calibri;\">Vz\u00e1jemn\u00e1 spolupr\u00e1ce pedagog\u016f S\u0160<\/span><\/li>\n<li><span style=\"color: #000000; font-family: Calibri;\">Nov\u00e9 metody ve v\u00fduce na S\u0160<\/span><\/li>\n<li><span style=\"color: #000000; font-family: Calibri;\">Dou\u010dov\u00e1n\u00ed \u017e\u00e1k\u016f S\u0160 ohro\u017een\u00fdch \u0161koln\u00edm <\/span><b><span style=\"color: #000000; font-family: Calibri;\">ne\u00fasp\u011bchem<\/span><\/b><\/li>\n<\/ul>\n<p>&nbsp;<\/p>\n<p>&nbsp;<\/p>\n","protected":false},"excerpt":{"rendered":"<p>&nbsp; Registra\u010dn\u00ed \u010d\u00edslo projektu CZ.02.3.X\/0.0\/0.0\/16_035\/0007977 N\u00e1zev projektu ESOZ Future Vision Trv\u00e1n\u00ed projektu 1.1.2018 \u2013 31.&nbsp;12.2019 &nbsp; C\u00edlem projektu je zlep\u0161en\u00ed\u00a0kvality vzd\u011bl\u00e1v\u00e1n\u00ed, odborn\u00e9 p\u0159\u00edpravy\u00a0a v\u00fdsledk\u016f \u017e\u00e1k\u016f v&nbsp;kl\u00ed\u010dov\u00fdch kompetenc\u00edch, v\u010detn\u011b pos\u00edlen\u00ed\u00a0jejich relevance pro trh pr\u00e1ce. Pos\u00edlit spolupr\u00e1ci \u0161koly a firem: za\u0159adit st\u00e1\u017ee pedagogick\u00fdch pracovn\u00edk\u016f jako ned\u00edlnou sou\u010d\u00e1st jejich profesn\u00edho rozvoje, zv\u00fd\u0161it po\u010det odborn\u00edk\u016f zapojen\u00fdch do v\u00fduky, zlep\u0161it&hellip; <br \/> <a class=\"read-more\" href=\"https:\/\/www.esoz-projekty.cz\/?page_id=487\">V\u00edce<\/a><\/p>\n","protected":false},"author":2,"featured_media":0,"parent":0,"menu_order":0,"comment_status":"closed","ping_status":"closed","template":"","meta":[],"_links":{"self":[{"href":"https:\/\/www.esoz-projekty.cz\/index.php?rest_route=\/wp\/v2\/pages\/487"}],"collection":[{"href":"https:\/\/www.esoz-projekty.cz\/index.php?rest_route=\/wp\/v2\/pages"}],"about":[{"href":"https:\/\/www.esoz-projekty.cz\/index.php?rest_route=\/wp\/v2\/types\/page"}],"author":[{"embeddable":true,"href":"https:\/\/www.esoz-projekty.cz\/index.php?rest_route=\/wp\/v2\/users\/2"}],"replies":[{"embeddable":true,"href":"https:\/\/www.esoz-projekty.cz\/index.php?rest_route=%2Fwp%2Fv2%2Fcomments&post=487"}],"version-history":[{"count":11,"href":"https:\/\/www.esoz-projekty.cz\/index.php?rest_route=\/wp\/v2\/pages\/487\/revisions"}],"predecessor-version":[{"id":649,"href":"https:\/\/www.esoz-projekty.cz\/index.php?rest_route=\/wp\/v2\/pages\/487\/revisions\/649"}],"wp:attachment":[{"href":"https:\/\/www.esoz-projekty.cz\/index.php?rest_route=%2Fwp%2Fv2%2Fmedia&parent=487"}],"curies":[{"name":"wp","href":"https:\/\/api.w.org\/{rel}","templated":true}]}}