{"id":494,"date":"2018-06-08T12:54:06","date_gmt":"2018-06-08T11:54:06","guid":{"rendered":"http:\/\/www.esoz-projekty.cz\/?page_id=494"},"modified":"2018-07-31T12:40:16","modified_gmt":"2018-07-31T11:40:16","slug":"test1","status":"publish","type":"page","link":"https:\/\/www.esoz-projekty.cz\/?page_id=494","title":{"rendered":"T\u00fdden odborn\u00fdch dovednost\u00ed"},"content":{"rendered":"<p><img loading=\"lazy\" class=\"alignnone size-medium wp-image-623\" src=\"http:\/\/www.esoz-projekty.cz\/wp-content\/uploads\/2018\/07\/United20Energy-300x108.jpg\" alt=\"\" width=\"300\" height=\"108\" srcset=\"https:\/\/www.esoz-projekty.cz\/wp-content\/uploads\/2018\/07\/United20Energy-300x108.jpg 300w, https:\/\/www.esoz-projekty.cz\/wp-content\/uploads\/2018\/07\/United20Energy.jpg 500w\" sizes=\"(max-width: 300px) 100vw, 300px\" \/><\/p>\n<h1>St\u0159edn\u00ed odborn\u00e1 \u0161kola energetick\u00e1 a stavebn\u00ed<img loading=\"lazy\" class=\"alignright wp-image-625 size-medium\" src=\"http:\/\/www.esoz-projekty.cz\/wp-content\/uploads\/2018\/07\/1-300x188.jpg\" alt=\"\" width=\"300\" height=\"188\" srcset=\"https:\/\/www.esoz-projekty.cz\/wp-content\/uploads\/2018\/07\/1-300x188.jpg 300w, https:\/\/www.esoz-projekty.cz\/wp-content\/uploads\/2018\/07\/1-768x481.jpg 768w, https:\/\/www.esoz-projekty.cz\/wp-content\/uploads\/2018\/07\/1-1024x641.jpg 1024w, https:\/\/www.esoz-projekty.cz\/wp-content\/uploads\/2018\/07\/1.jpg 1127w\" sizes=\"(max-width: 300px) 100vw, 300px\" \/><\/h1>\n<h2>&#8211; odborn\u00fd v\u00fdcvik 12.11 &#8211; 16.11.2018<\/h2>\n<ul>\n<li>zapojov\u00e1n\u00ed jednoduch\u00fdch \u00faloh pomoc\u00ed stavebnice elektroniky<\/li>\n<li>p\u00e1jen\u00ed plo\u0161n\u00fdch spoj\u016f<\/li>\n<li>v\u00fduka EZS (zabezpe\u010dovac\u00ed technika)<\/li>\n<li>pr\u00e1ce s\u00a0termokamerou<\/li>\n<li>st\u0159\u00edh\u00e1n\u00ed plech\u016f<\/li>\n<li>lisov\u00e1n\u00ed<\/li>\n<li>zkou\u0161ky zru\u010dnosti<\/li>\n<li>v\u00fdroba vlastn\u00ed va\u0159e\u010dky ze d\u0159eva<\/li>\n<li>sva\u0159ov\u00e1n\u00ed plast\u016f<\/li>\n<li>zd\u011bn\u00ed<\/li>\n<li>\u0159ez\u00e1n\u00ed s\u00e1drokartonov\u00fdch desek<\/li>\n<li>st\u0159\u00edh\u00e1n\u00ed profil\u016f a praktick\u00e9 uk\u00e1zky strojn\u00edho obr\u00e1b\u011bn\u00ed na CNC stroji<\/li>\n<li>praktick\u00e9 uk\u00e1zky pou\u017eit\u00ed zemn\u00edch a stavebn\u00edch stroj\u016f (smykem \u0159\u00edzen\u00fd kolov\u00fd naklada\u010d, p\u00e1sov\u00e9 minir\u00fdpadlo).<\/li>\n<\/ul>\n<p>&nbsp;<\/p>\n<h2>&#8211; teoretick\u00e1 \u010d\u00e1st<\/h2>\n<ul>\n<li><u>Bezpe\u010dnost a ochrana obyvatel<\/u> &#8211; uk\u00e1zky \u010dinnost\u00ed sn\u00edm\u00e1n\u00ed otisk\u016f prst\u016f a st\u0159elbu z&nbsp;laserov\u00e9 pistole, apod.<\/li>\n<li><u>Po\u017e\u00e1rn\u00ed ochrana<\/u> &#8211; hasi\u010di ov\u011b\u0159\u00ed praktick\u00e9 dovednosti v&nbsp;rozhazov\u00e1n\u00ed hadic a jej\u00edm balen\u00ed, sla\u0148ov\u00e1n\u00ed na vnit\u0159n\u00edm schodi\u0161ti budovy a praktick\u00e9 pou\u017eit\u00ed protichemick\u00fdch \u010di z\u00e1sahov\u00fdch oblek\u016f.<\/li>\n<li><u>Laborato\u0159e<\/u> &#8211; n\u011bkolik pokus\u016f z&nbsp;chemie a fyziky, kter\u00e9 nemaj\u00ed mo\u017enost si v&nbsp;b\u011b\u017en\u00e9 v\u00fduce na \u0161kol\u00e1ch vyzkou\u0161et.<\/li>\n<li><u>Elektrotechnick\u00e9 laborato\u0159e<\/u> &#8211; m\u011b\u0159en\u00ed a mo\u017enost jednoduch\u00e9ho zapojen\u00ed elektrick\u00fdch rozvod\u016f.<\/li>\n<li><u>Obnoviteln\u00e9 zdroje energi\u00ed<\/u> &#8211; funk\u010dn\u00ed modely zam\u011b\u0159en\u00fdmi na jednotliv\u00e9 zdroje, ale tak\u00e9 mo\u017enost vyzkou\u0161et modely poh\u00e1n\u011bn\u00e9 slune\u010dn\u00ed energi\u00ed, zm\u011b\u0159it hodnoty neviditeln\u00e9 energie apod.<\/li>\n<li><u>Automatizace <\/u>&#8211; pr\u00e1ce s&nbsp;roboty, kter\u00e9 jsou zmen\u0161enou obdobou t\u011bch, kter\u00e9 jsou vyu\u017e\u00edv\u00e1ny na pracovi\u0161t\u00edch firem.<\/li>\n<li>Minimuzeum po\u010d\u00edta\u010dov\u00e9 techniky \u2013 znalostn\u00ed kv\u00edz, sout\u011b\u017e<\/li>\n<\/ul>\n<p>\u010cinnosti na stanovi\u0161t\u00edch budou odborn\u011b garantovat u\u010ditel\u00e9 \u0161koly a roli asistent\u016f p\u0159evezmou \u017e\u00e1ci druh\u00fdch a t\u0159et\u00edch ro\u010dn\u00edk\u016f dan\u00e9ho oboru. \u017d\u00e1ci S\u0160 budou tak\u00e9 zaji\u0161\u0165ovat doprovod skupin\u00e1m na jednotliv\u00e1 stanovi\u0161t\u011b.<\/p>\n<p>&nbsp;<\/p>\n<h1>Obchodn\u00ed akademie &#8211; 5 stanovi\u0161\u0165<\/h1>\n<ul>\n<li><u>Finan\u010dn\u00ed hospoda\u0159en\u00ed v\u00a0rodin\u011b<\/u>\u00a0\u2013 rodinn\u00fd rozpo\u010det v\u00a0kostce, vypl\u0148ov\u00e1n\u00ed da\u0148ov\u00e9ho p\u0159izn\u00e1n\u00ed<\/li>\n<li><u>Finan\u010dn\u00ed gramotnost<\/u>\u00a0\u2013 sout\u011b\u017en\u00ed test na PC<\/li>\n<li><u>Administrativn\u00ed technika<\/u>\u00a0\u2013 psan\u00ed na mechanick\u00e9m a elektrick\u00e9m psac\u00edm stroji<\/li>\n<li><u>Sportovn\u00ed management<\/u>\u00a0\u2013 prezentace \u00fasp\u011b\u0161n\u00e9ho absolventa? Nebo netradi\u010dn\u00ed sport?<\/li>\n<li><u>St\u00e1\u017ee v\u00a0zahrani\u010d\u00ed<\/u>\u00a0\u2013 prezentace u\u010ditel\u016f a \u017e\u00e1k\u016f, kte\u0159\u00ed absolvovali st\u00e1\u017e v\u00a0zahrani\u010d\u00ed<\/li>\n<\/ul>\n<h1>St\u0159edn\u00ed zdravotnick\u00e1 \u0161kola \u2013 3 stanovi\u0161t\u011b<img loading=\"lazy\" class=\"alignright wp-image-627 size-medium\" src=\"http:\/\/www.esoz-projekty.cz\/wp-content\/uploads\/2018\/07\/2-300x225.jpg\" alt=\"\" width=\"300\" height=\"225\" srcset=\"https:\/\/www.esoz-projekty.cz\/wp-content\/uploads\/2018\/07\/2-300x225.jpg 300w, https:\/\/www.esoz-projekty.cz\/wp-content\/uploads\/2018\/07\/2-768x576.jpg 768w, https:\/\/www.esoz-projekty.cz\/wp-content\/uploads\/2018\/07\/2.jpg 921w\" sizes=\"(max-width: 300px) 100vw, 300px\" \/><\/h1>\n<p>P\u0159edn\u00e1\u0161ky budou zam\u011b\u0159eny na n\u00e1sleduj\u00edc\u00ed t\u00e9mata:\u00a0 Lidsk\u00e9 t\u011blo a p\u00e9\u010de o n\u011bj, Psychoterapeutick\u00e9 mandaly a relaxa\u010dn\u00ed techniky, Z\u00e1sady zdrav\u00e9 v\u00fd\u017eivy, V\u00fd\u017eiva v&nbsp;prevenci diabetu, Diabetes<\/p>\n<ul>\n<li><u>Zdravotnick\u00e9 minimuzeum<\/u> &#8211;<\/li>\n<li><u>odborn\u00e9 u\u010debny \u2013 2 skupiny<\/u> &#8211; m\u011b\u0159en\u00ed krevn\u00edho tlaku, BMI a t\u011blesn\u00e9ho tuku, obvazov\u00e9 techniky, prvn\u00ed pomoc, p\u00e9\u010di o d\u00edt\u011b a dal\u0161\u00ed \u00fakony z&nbsp;pe\u010dovatelstv\u00ed a zdravotnictv\u00ed.<\/li>\n<\/ul>\n<p>&nbsp;<\/p>\n<p>Propozice ke sta\u017een\u00ed: <a href=\"http:\/\/www.esoz-projekty.cz\/wp-content\/uploads\/2018\/07\/Propozice_Tyden_odbornych_dovednosti.pdf\">Propozice_Tyden_odbornych_dovednosti<\/a><\/p>\n<hr \/>\n<p><img loading=\"lazy\" class=\"wp-image-630 size-large aligncenter\" src=\"http:\/\/www.esoz-projekty.cz\/wp-content\/uploads\/2018\/07\/3-576x1024.jpg\" alt=\"\" width=\"576\" height=\"1024\" srcset=\"https:\/\/www.esoz-projekty.cz\/wp-content\/uploads\/2018\/07\/3-576x1024.jpg 576w, https:\/\/www.esoz-projekty.cz\/wp-content\/uploads\/2018\/07\/3-169x300.jpg 169w, https:\/\/www.esoz-projekty.cz\/wp-content\/uploads\/2018\/07\/3-768x1365.jpg 768w, https:\/\/www.esoz-projekty.cz\/wp-content\/uploads\/2018\/07\/3.jpg 1728w\" sizes=\"(max-width: 576px) 100vw, 576px\" \/><\/p>\n","protected":false},"excerpt":{"rendered":"<p>St\u0159edn\u00ed odborn\u00e1 \u0161kola energetick\u00e1 a stavebn\u00ed &#8211; odborn\u00fd v\u00fdcvik 12.11 &#8211; 16.11.2018 zapojov\u00e1n\u00ed jednoduch\u00fdch \u00faloh pomoc\u00ed stavebnice elektroniky p\u00e1jen\u00ed plo\u0161n\u00fdch spoj\u016f v\u00fduka EZS (zabezpe\u010dovac\u00ed technika) pr\u00e1ce s\u00a0termokamerou st\u0159\u00edh\u00e1n\u00ed plech\u016f lisov\u00e1n\u00ed zkou\u0161ky zru\u010dnosti v\u00fdroba vlastn\u00ed va\u0159e\u010dky ze d\u0159eva sva\u0159ov\u00e1n\u00ed plast\u016f zd\u011bn\u00ed \u0159ez\u00e1n\u00ed s\u00e1drokartonov\u00fdch desek st\u0159\u00edh\u00e1n\u00ed profil\u016f a praktick\u00e9 uk\u00e1zky strojn\u00edho obr\u00e1b\u011bn\u00ed na CNC stroji praktick\u00e9 uk\u00e1zky&hellip; <br \/> <a class=\"read-more\" href=\"https:\/\/www.esoz-projekty.cz\/?page_id=494\">V\u00edce<\/a><\/p>\n","protected":false},"author":2,"featured_media":0,"parent":0,"menu_order":0,"comment_status":"closed","ping_status":"closed","template":"","meta":[],"_links":{"self":[{"href":"https:\/\/www.esoz-projekty.cz\/index.php?rest_route=\/wp\/v2\/pages\/494"}],"collection":[{"href":"https:\/\/www.esoz-projekty.cz\/index.php?rest_route=\/wp\/v2\/pages"}],"about":[{"href":"https:\/\/www.esoz-projekty.cz\/index.php?rest_route=\/wp\/v2\/types\/page"}],"author":[{"embeddable":true,"href":"https:\/\/www.esoz-projekty.cz\/index.php?rest_route=\/wp\/v2\/users\/2"}],"replies":[{"embeddable":true,"href":"https:\/\/www.esoz-projekty.cz\/index.php?rest_route=%2Fwp%2Fv2%2Fcomments&post=494"}],"version-history":[{"count":12,"href":"https:\/\/www.esoz-projekty.cz\/index.php?rest_route=\/wp\/v2\/pages\/494\/revisions"}],"predecessor-version":[{"id":634,"href":"https:\/\/www.esoz-projekty.cz\/index.php?rest_route=\/wp\/v2\/pages\/494\/revisions\/634"}],"wp:attachment":[{"href":"https:\/\/www.esoz-projekty.cz\/index.php?rest_route=%2Fwp%2Fv2%2Fmedia&parent=494"}],"curies":[{"name":"wp","href":"https:\/\/api.w.org\/{rel}","templated":true}]}}