{"id":497,"date":"2018-06-08T12:54:47","date_gmt":"2018-06-08T11:54:47","guid":{"rendered":"http:\/\/www.esoz-projekty.cz\/?page_id=497"},"modified":"2018-06-11T09:53:55","modified_gmt":"2018-06-11T08:53:55","slug":"ikap-b","status":"publish","type":"page","link":"https:\/\/www.esoz-projekty.cz\/?page_id=497","title":{"rendered":"IKAP-B"},"content":{"rendered":"<p><img loading=\"lazy\" class=\"alignnone wp-image-121 size-large\" src=\"http:\/\/www.esoz-projekty.cz\/wp-content\/uploads\/2018\/02\/Logolink_OP_VVV_hor_barva_-1024x137.jpg\" alt=\"\" width=\"730\" height=\"98\" srcset=\"https:\/\/www.esoz-projekty.cz\/wp-content\/uploads\/2018\/02\/Logolink_OP_VVV_hor_barva_-1024x137.jpg 1024w, https:\/\/www.esoz-projekty.cz\/wp-content\/uploads\/2018\/02\/Logolink_OP_VVV_hor_barva_-300x40.jpg 300w, https:\/\/www.esoz-projekty.cz\/wp-content\/uploads\/2018\/02\/Logolink_OP_VVV_hor_barva_-768x103.jpg 768w, https:\/\/www.esoz-projekty.cz\/wp-content\/uploads\/2018\/02\/Logolink_OP_VVV_hor_barva_.jpg 1398w\" sizes=\"(max-width: 730px) 100vw, 730px\" \/><\/p>\n<p><span style=\"font-family: Calibri;\">Projekt je zam\u011b\u0159en na implementaci intervenc\u00ed KAP 1 \u00daK prost\u0159ednictv\u00edm p\u0159\u00edm\u00e9 a c\u00edlen\u00e9 podpory \u0161kol. Budou <\/span><strong><span style=\"font-family: 'Calibri',sans-serif;\">prohloubena partnerstv\u00ed a spolupr\u00e1ce \u0161kol a firem, podpo\u0159eny gramotnosti<\/span><\/strong><span style=\"font-family: Calibri;\"> (v\u00a0oblastech matematick\u00e9, \u010dten\u00e1\u0159sk\u00e9 i digit\u00e1ln\u00ed), \u00a0<\/span><b><span style=\"font-family: Calibri;\">oblast polytechniky<\/span><strong><span style=\"font-family: 'Calibri',sans-serif;\">. <\/span><\/strong><\/b><strong><span style=\"font-family: 'Calibri',sans-serif; font-weight: normal;\">Realizov\u00e1na<\/span><\/strong> <span style=\"font-family: Calibri;\">bude \u0159ada motiva\u010dn\u00edch aktivit ke studiu polytechniky nap\u0159. <\/span><strong><span style=\"font-family: 'Calibri',sans-serif;\">krou\u017eky, programy vz\u00e1jemn\u00e9ho u\u010den\u00ed, sout\u011b\u017ee i n\u00e1kup vybaven\u00ed<\/span><\/strong><span style=\"font-family: Calibri;\">. Nebude opomenuta ani oblast <\/span><strong><span style=\"font-family: 'Calibri',sans-serif;\">spole\u010dn\u00e9ho vzd\u011bl\u00e1v\u00e1n\u00ed.<\/span><\/strong><span style=\"font-family: Calibri;\"> \u00a0Do projektu bude zapojeno 58 st\u0159edn\u00edch, cca 100 z\u00e1kladn\u00edch a 20 mate\u0159sk\u00fdch \u0161kol. SPC a soukrom\u00e9 \u0161koly jsou partne\u0159i s&nbsp;finan\u010dn\u00edm pod\u00edlem. Projekt je komplement\u00e1rn\u00ed s&nbsp;projektem <\/span><b><a href=\"http:\/\/rskuk.cz\/systemove-reseni-motivace-a-vzdelavani-pedagogu-i-kap-a\">Syst\u00e9mov\u00e9 \u0159e\u0161en\u00ed \u2013 motivace a vzd\u011bl\u00e1v\u00e1n\u00ed pedagog\u016f (IKAP A).<\/a><\/b><\/p>\n<p><b><span style=\"color: #000000; font-family: Calibri;\">Na\u0161e \u0161kola je jednou ze zapojen\u00fdch. Vyu\u017e\u00edv\u00e1me p\u0159edev\u0161\u00edm programy vz\u00e1jemn\u00e9ho u\u010den\u00ed. <\/span><\/b><\/p>\n<p>&nbsp;<\/p>\n<p><span style=\"color: #000000; font-family: Calibri;\">V\u00edce informac\u00ed naleznete na: <\/span><\/p>\n<p><a href=\"http:\/\/rskuk.cz\/cilena-podpora-skol-pri-naplnovani-kap1-i-kap-b\">http:\/\/rskuk.cz\/cilena-podpora-skol-pri-naplnovani-kap1-i-kap-b<\/a><\/p>\n<p>&nbsp;<\/p>\n","protected":false},"excerpt":{"rendered":"<p>Projekt je zam\u011b\u0159en na implementaci intervenc\u00ed KAP 1 \u00daK prost\u0159ednictv\u00edm p\u0159\u00edm\u00e9 a c\u00edlen\u00e9 podpory \u0161kol. Budou prohloubena partnerstv\u00ed a spolupr\u00e1ce \u0161kol a firem, podpo\u0159eny gramotnosti (v\u00a0oblastech matematick\u00e9, \u010dten\u00e1\u0159sk\u00e9 i digit\u00e1ln\u00ed), \u00a0oblast polytechniky. Realizov\u00e1na bude \u0159ada motiva\u010dn\u00edch aktivit ke studiu polytechniky nap\u0159. krou\u017eky, programy vz\u00e1jemn\u00e9ho u\u010den\u00ed, sout\u011b\u017ee i n\u00e1kup vybaven\u00ed. Nebude opomenuta ani oblast spole\u010dn\u00e9ho vzd\u011bl\u00e1v\u00e1n\u00ed.&hellip; <br \/> <a class=\"read-more\" href=\"https:\/\/www.esoz-projekty.cz\/?page_id=497\">V\u00edce<\/a><\/p>\n","protected":false},"author":2,"featured_media":0,"parent":0,"menu_order":0,"comment_status":"closed","ping_status":"closed","template":"","meta":[],"_links":{"self":[{"href":"https:\/\/www.esoz-projekty.cz\/index.php?rest_route=\/wp\/v2\/pages\/497"}],"collection":[{"href":"https:\/\/www.esoz-projekty.cz\/index.php?rest_route=\/wp\/v2\/pages"}],"about":[{"href":"https:\/\/www.esoz-projekty.cz\/index.php?rest_route=\/wp\/v2\/types\/page"}],"author":[{"embeddable":true,"href":"https:\/\/www.esoz-projekty.cz\/index.php?rest_route=\/wp\/v2\/users\/2"}],"replies":[{"embeddable":true,"href":"https:\/\/www.esoz-projekty.cz\/index.php?rest_route=%2Fwp%2Fv2%2Fcomments&post=497"}],"version-history":[{"count":5,"href":"https:\/\/www.esoz-projekty.cz\/index.php?rest_route=\/wp\/v2\/pages\/497\/revisions"}],"predecessor-version":[{"id":540,"href":"https:\/\/www.esoz-projekty.cz\/index.php?rest_route=\/wp\/v2\/pages\/497\/revisions\/540"}],"wp:attachment":[{"href":"https:\/\/www.esoz-projekty.cz\/index.php?rest_route=%2Fwp%2Fv2%2Fmedia&parent=497"}],"curies":[{"name":"wp","href":"https:\/\/api.w.org\/{rel}","templated":true}]}}