{"id":499,"date":"2018-06-08T12:55:03","date_gmt":"2018-06-08T11:55:03","guid":{"rendered":"http:\/\/www.esoz-projekty.cz\/?page_id=499"},"modified":"2018-07-31T12:58:45","modified_gmt":"2018-07-31T11:58:45","slug":"spolecne-2018","status":"publish","type":"page","link":"https:\/\/www.esoz-projekty.cz\/?page_id=499","title":{"rendered":"Spole\u010dn\u011b 2018"},"content":{"rendered":"<p><img loading=\"lazy\" class=\"alignnone size-full wp-image-638\" src=\"http:\/\/www.esoz-projekty.cz\/wp-content\/uploads\/2018\/07\/logo-uk.png\" alt=\"\" width=\"263\" height=\"95\" \/><\/p>\n<h1><strong><em>Prevence pro krajsk\u00e9 \u0161koly 2018,\u00a0<\/em><\/strong><strong><em>N\u00e1zev projektu: <\/em><\/strong>SPOLE\u010cN\u011a 2018<\/h1>\n<p>Trv\u00e1n\u00ed: 27.&nbsp;8.&nbsp;2018 &#8211; 3.&nbsp;12.&nbsp;2018<\/p>\n<h3>C\u00edle:<\/h3>\n<ul>\n<li style=\"list-style-type: none;\">\n<ul>\n<li>Prevence ne\u017e\u00e1douc\u00edch vztah\u016f a jev\u016f v\u00a0t\u0159\u00eddn\u00edm kolektivu.<\/li>\n<li>Nau\u010dit \u017e\u00e1ky komunikativn\u00edm dovednostem, formov\u00e1n\u00ed odm\u00edtav\u00fdch postoj\u016f ke v\u0161em n\u00e1vykov\u00fdm l\u00e1tk\u00e1m, formov\u00e1n\u00ed osobnosti, sebepozn\u00e1n\u00ed, sebed\u016fv\u011bry.<\/li>\n<li>Budov\u00e1n\u00ed zdrav\u00e9ho klimatu ve t\u0159\u00edd\u011b<\/li>\n<li>Nau\u010dit \u017e\u00e1ka reagovat na prob\u00edhaj\u00edc\u00ed zm\u011bny (1.&nbsp;ro\u010dn\u00edk S\u0160), zapojen\u00ed do t\u0159\u00eddn\u00edho kolektivu a aktivit po\u0159\u00e1dan\u00fdch \u0161kolou.<\/li>\n<li>P\u0159isp\u011bt k\u00a0vz\u00e1jemn\u00e9mu bli\u017e\u0161\u00edmu a osobn\u011bj\u0161\u00edmu vztahu mezi \u017e\u00e1kem a t\u0159\u00eddn\u00edm u\u010ditelem.<\/li>\n<li>P\u0159isp\u011bt k\u00a0osobn\u00edmu rozvoji dosp\u00edvaj\u00edc\u00edho jedince a poskytnout mu prostor pro hled\u00e1n\u00ed vnit\u0159n\u00edch zdroj\u016f.<\/li>\n<\/ul>\n<\/li>\n<\/ul>\n<ul>\n<li>Aktivace kreativity, p\u0159isp\u011bn\u00ed ke schopnosti otev\u0159en\u011b a efektivn\u011b komunikovat a spolupracovat.<\/li>\n<\/ul>\n<h3>R\u00e1mcov\u00fd \u010dasov\u00fd harmonogram projektu:<\/h3>\n<p>Dvoudenn\u00ed pozn\u00e1vac\u00ed kurzy jednotliv\u00fdch t\u0159\u00edd 1.&nbsp;ro\u010dn\u00edku se uskute\u010dn\u00ed b\u011bhem m\u011bs\u00edc\u016f z\u00e1\u0159\u00ed a \u0159\u00edjen 2018 v\u00a0rekrea\u010dn\u00edm centru H\u0159eb\u00edk\u00e1rna, kter\u00e9 le\u017e\u00ed p\u0159\u00edmo u vstupu do Bezru\u010dova \u00fadol\u00ed, kter\u00e9 je od roku 2002 vyhl\u00e1\u0161eno P\u0159\u00edrodn\u00edm parkem.<\/p>\n","protected":false},"excerpt":{"rendered":"<p>Prevence pro krajsk\u00e9 \u0161koly 2018,\u00a0N\u00e1zev projektu: SPOLE\u010cN\u011a 2018 Trv\u00e1n\u00ed: 27.&nbsp;8.&nbsp;2018 &#8211; 3.&nbsp;12.&nbsp;2018 C\u00edle: Prevence ne\u017e\u00e1douc\u00edch vztah\u016f a jev\u016f v\u00a0t\u0159\u00eddn\u00edm kolektivu. Nau\u010dit \u017e\u00e1ky komunikativn\u00edm dovednostem, formov\u00e1n\u00ed odm\u00edtav\u00fdch postoj\u016f ke v\u0161em n\u00e1vykov\u00fdm l\u00e1tk\u00e1m, formov\u00e1n\u00ed osobnosti, sebepozn\u00e1n\u00ed, sebed\u016fv\u011bry. Budov\u00e1n\u00ed zdrav\u00e9ho klimatu ve t\u0159\u00edd\u011b Nau\u010dit \u017e\u00e1ka reagovat na prob\u00edhaj\u00edc\u00ed zm\u011bny (1.&nbsp;ro\u010dn\u00edk S\u0160), zapojen\u00ed do t\u0159\u00eddn\u00edho kolektivu a aktivit po\u0159\u00e1dan\u00fdch&hellip; <br \/> <a class=\"read-more\" href=\"https:\/\/www.esoz-projekty.cz\/?page_id=499\">V\u00edce<\/a><\/p>\n","protected":false},"author":2,"featured_media":0,"parent":0,"menu_order":0,"comment_status":"closed","ping_status":"closed","template":"","meta":[],"_links":{"self":[{"href":"https:\/\/www.esoz-projekty.cz\/index.php?rest_route=\/wp\/v2\/pages\/499"}],"collection":[{"href":"https:\/\/www.esoz-projekty.cz\/index.php?rest_route=\/wp\/v2\/pages"}],"about":[{"href":"https:\/\/www.esoz-projekty.cz\/index.php?rest_route=\/wp\/v2\/types\/page"}],"author":[{"embeddable":true,"href":"https:\/\/www.esoz-projekty.cz\/index.php?rest_route=\/wp\/v2\/users\/2"}],"replies":[{"embeddable":true,"href":"https:\/\/www.esoz-projekty.cz\/index.php?rest_route=%2Fwp%2Fv2%2Fcomments&post=499"}],"version-history":[{"count":4,"href":"https:\/\/www.esoz-projekty.cz\/index.php?rest_route=\/wp\/v2\/pages\/499\/revisions"}],"predecessor-version":[{"id":644,"href":"https:\/\/www.esoz-projekty.cz\/index.php?rest_route=\/wp\/v2\/pages\/499\/revisions\/644"}],"wp:attachment":[{"href":"https:\/\/www.esoz-projekty.cz\/index.php?rest_route=%2Fwp%2Fv2%2Fmedia&parent=499"}],"curies":[{"name":"wp","href":"https:\/\/api.w.org\/{rel}","templated":true}]}}