{"id":501,"date":"2018-06-08T12:55:18","date_gmt":"2018-06-08T11:55:18","guid":{"rendered":"http:\/\/www.esoz-projekty.cz\/?page_id=501"},"modified":"2018-07-31T12:58:08","modified_gmt":"2018-07-31T11:58:08","slug":"vztahy-2018","status":"publish","type":"page","link":"https:\/\/www.esoz-projekty.cz\/?page_id=501","title":{"rendered":"Vztahy 2018"},"content":{"rendered":"<h2><img loading=\"lazy\" class=\"alignnone size-full wp-image-638\" src=\"http:\/\/www.esoz-projekty.cz\/wp-content\/uploads\/2018\/07\/logo-uk.png\" alt=\"\" width=\"263\" height=\"95\" \/><\/h2>\n<h2><strong><em>Prevence pro krajsk\u00e9 \u0161koly 2018,\u00a0<\/em><\/strong>N\u00e1zev projektu: Vztahy 2018<\/h2>\n<p>Term\u00edn: 23.&nbsp;4.&nbsp;2018 &#8211; 31.&nbsp;12.&nbsp;2018<\/p>\n<h3>C\u00edle projektu:<\/h3>\n<p>Prohlouben\u00ed spolupr\u00e1ce a z\u00edsk\u00e1n\u00ed nov\u00fdch poznatk\u016f pracovn\u00edk\u016f \u0161koln\u00edho poradensk\u00e9ho pracovi\u0161t\u011b a peer aktivist\u016f \u2013 \u017e\u00e1k\u016f zefektivn\u00ed p\u0159ed\u00e1v\u00e1n\u00ed aktu\u00e1ln\u00edch informac\u00ed o probl\u00e9mech na na\u0161\u00ed \u0161kole v\u00a0oblasti projev\u016f rizikov\u00e9ho chov\u00e1n\u00ed \u017e\u00e1k\u016f. Vz\u00e1jemn\u00e1 komunikace zv\u00fd\u0161\u00ed spolupr\u00e1ci na na\u0161em rozs\u00e1hl\u00e9m slou\u010den\u00e9m pracovi\u0161ti, co\u017e je velmi nutn\u00e9. Pracovn\u00edci RaDoSti budou schopni efektivn\u011bji a s\u00a0vy\u0161\u0161\u00ed profesionalitou \u0159e\u0161it individu\u00e1ln\u00ed probl\u00e9my prim\u00e1rn\u00ed prevence v\u00a0oblasti soci\u00e1ln\u00ed pedagogiky a soci\u00e1ln\u00ed pr\u00e1ce. Supervize pos\u00edl\u00ed jistotu jednotliv\u00fdch pracovn\u00edk\u016f a peer\u016f a pom\u016f\u017ee m\u00edrnit syndrom vyho\u0159en\u00ed. Nov\u011b vytvo\u0159en\u00e9 metodick\u00e9 materi\u00e1ly pomohou v\u0161ech pedagogick\u00fdm pracovn\u00edk\u016fm rychle \u0159e\u0161it probl\u00e9my ve sv\u00fdch t\u0159\u00edd\u00e1ch. Vy\u0161kolen\u00ed pee\u0159i budou p\u0159ipraveni na \u0159e\u0161en\u00ed probl\u00e9m\u016f mezi sv\u00fdmi vrstevn\u00edky a podpo\u0159\u00ed tak specifickou prim\u00e1rn\u00ed prevenci v\u00a0neform\u00e1ln\u00edm prost\u0159ed\u00ed. Nov\u00e9 informace a mo\u017enost konzultac\u00ed s\u00a0odborn\u00edky zefektivn\u00ed pr\u00e1ci preventivn\u00edho t\u00fdmu. Zapojen\u00ed v\u011bt\u0161\u00edho po\u010dtu pedagogick\u00fdch pracovn\u00edk\u016f podpo\u0159\u00ed pozitivn\u00ed vztahy a spolupr\u00e1ci v\u00a0oblasti prim\u00e1rn\u00ed prevence. Setk\u00e1n\u00ed t\u00fdmu mimo \u0161koln\u00ed prost\u0159ed\u00ed pos\u00edl\u00ed kooperaci a dal\u0161\u00ed soci\u00e1ln\u00ed kompetence. Nov\u011b z\u00edskan\u00e9 komunika\u010dn\u00ed dovednosti budou p\u0159isp\u00edvat k\u00a0rozvoji komunikace tv\u00e1\u0159\u00ed v\u00a0tv\u00e1\u0159, co\u017e na\u0161im \u017e\u00e1k\u016f velmi chyb\u00ed.<\/p>\n<h3>R\u00e1mcov\u00fd harmonogram:<\/h3>\n<ol>\n<li>Z\u00e1kladn\u00ed v\u00fdcvik nov\u00fdch z\u00e1jemc\u016f \u2013 peer aktivist\u016f \u2013 v\u00a0komunika\u010dn\u00edch dovednostech. Toto je pot\u0159ebn\u00e9 s\u00a0ohledem na skute\u010dnost, \u017ee zku\u0161en\u00ed pee\u0159i budou v\u00a0maturitn\u00edm ro\u010dn\u00edku a ze \u0161koly odejdou. (duben, kv\u011bten, z\u00e1\u0159\u00ed 2018, v\u00a0rozsahu 3x 4 hodiny)<\/li>\n<li>Tvorba nov\u00fdch peer program\u016f &#8211; Emo\u010dn\u00ed stabilita, Z\u00e1vislostn\u00ed chov\u00e1n\u00ed, Pomluva, Zdrav\u00fd \u017eivotn\u00ed styl, prevence HIV, \u0160ikana, Kyber\u0161ikana, Agrese, Subkultury, Kolektivn\u00ed vztahy.<\/li>\n<\/ol>\n<p>(kv\u011bten \u2013 z\u00e1\u0159\u00ed 2018, jeden program 2 vyu\u010dovac\u00ed hodiny)<\/p>\n<ol start=\"3\">\n<li>Odborn\u00e9 vzd\u011bl\u00e1v\u00e1n\u00ed pro peery a pedagogick\u00e9 pracovn\u00edky ve vybran\u00fdch t\u00e9matech.<\/li>\n<\/ol>\n<p>(\u010derven, z\u00e1\u0159\u00ed, listopad 2018) 3 t\u00e9mata po 6 hodin\u00e1ch \u2013 Sebepo\u0161kozov\u00e1n\u00ed, Agrese, \u017e\u00e1k s\u00a0ADHD, Autismus, rapty \u2013 z\u00e1sady krizov\u00e1 terapie<\/p>\n<ol start=\"4\">\n<li>Pilotn\u00ed ov\u011b\u0159en\u00ed program\u016f ve v\u00fduce \u2013 ka\u017ed\u00fd program na jedn\u00e9 t\u0159\u00edd\u011b. (\u010derven \u2013 listopad 2018)<\/li>\n<li>Zpracov\u00e1n\u00ed metodick\u00e9ho materi\u00e1lu a pracovn\u00edch list\u016f k\u00a0jednotliv\u00fdm program\u016fm. (z\u00e1\u0159\u00ed \u2013 listopad 2018)<\/li>\n<li>Supervize pro peery a pedagogick\u00e9 pracovn\u00edky \u0161koln\u00edho poradensk\u00e9ho pracovi\u0161t\u011b. (\u010derven, \u0159\u00edjen, prosinec 2018 \u2013 3x po 4 hodin\u00e1ch)<\/li>\n<li>Z\u00e1v\u011bre\u010dn\u00e1 zpr\u00e1va, evaluace a p\u0159ed\u00e1n\u00ed p\u0159\u00edklad\u016f dobr\u00e9 praxe pro v\u0161echny pedagogick\u00e9 pracovn\u00edky \u0161koly a z\u00e1jemce ze Z\u0160 Chomutova. (prosinec 2018)<\/li>\n<\/ol>\n<p>&nbsp;<\/p>\n","protected":false},"excerpt":{"rendered":"<p>Prevence pro krajsk\u00e9 \u0161koly 2018,\u00a0N\u00e1zev projektu: Vztahy 2018 Term\u00edn: 23.&nbsp;4.&nbsp;2018 &#8211; 31.&nbsp;12.&nbsp;2018 C\u00edle projektu: Prohlouben\u00ed spolupr\u00e1ce a z\u00edsk\u00e1n\u00ed nov\u00fdch poznatk\u016f pracovn\u00edk\u016f \u0161koln\u00edho poradensk\u00e9ho pracovi\u0161t\u011b a peer aktivist\u016f \u2013 \u017e\u00e1k\u016f zefektivn\u00ed p\u0159ed\u00e1v\u00e1n\u00ed aktu\u00e1ln\u00edch informac\u00ed o probl\u00e9mech na na\u0161\u00ed \u0161kole v\u00a0oblasti projev\u016f rizikov\u00e9ho chov\u00e1n\u00ed \u017e\u00e1k\u016f. Vz\u00e1jemn\u00e1 komunikace zv\u00fd\u0161\u00ed spolupr\u00e1ci na na\u0161em rozs\u00e1hl\u00e9m slou\u010den\u00e9m pracovi\u0161ti, co\u017e je velmi&hellip; <br \/> <a class=\"read-more\" href=\"https:\/\/www.esoz-projekty.cz\/?page_id=501\">V\u00edce<\/a><\/p>\n","protected":false},"author":2,"featured_media":0,"parent":0,"menu_order":0,"comment_status":"closed","ping_status":"closed","template":"","meta":[],"_links":{"self":[{"href":"https:\/\/www.esoz-projekty.cz\/index.php?rest_route=\/wp\/v2\/pages\/501"}],"collection":[{"href":"https:\/\/www.esoz-projekty.cz\/index.php?rest_route=\/wp\/v2\/pages"}],"about":[{"href":"https:\/\/www.esoz-projekty.cz\/index.php?rest_route=\/wp\/v2\/types\/page"}],"author":[{"embeddable":true,"href":"https:\/\/www.esoz-projekty.cz\/index.php?rest_route=\/wp\/v2\/users\/2"}],"replies":[{"embeddable":true,"href":"https:\/\/www.esoz-projekty.cz\/index.php?rest_route=%2Fwp%2Fv2%2Fcomments&post=501"}],"version-history":[{"count":2,"href":"https:\/\/www.esoz-projekty.cz\/index.php?rest_route=\/wp\/v2\/pages\/501\/revisions"}],"predecessor-version":[{"id":643,"href":"https:\/\/www.esoz-projekty.cz\/index.php?rest_route=\/wp\/v2\/pages\/501\/revisions\/643"}],"wp:attachment":[{"href":"https:\/\/www.esoz-projekty.cz\/index.php?rest_route=%2Fwp%2Fv2%2Fmedia&parent=501"}],"curies":[{"name":"wp","href":"https:\/\/api.w.org\/{rel}","templated":true}]}}