{"id":510,"date":"2018-06-08T13:00:27","date_gmt":"2018-06-08T12:00:27","guid":{"rendered":"http:\/\/www.esoz-projekty.cz\/?page_id=510"},"modified":"2019-05-10T09:55:21","modified_gmt":"2019-05-10T08:55:21","slug":"vice-info","status":"publish","type":"page","link":"https:\/\/www.esoz-projekty.cz\/?page_id=510","title":{"rendered":"V\u00edce info"},"content":{"rendered":"<p><img loading=\"lazy\" class=\"alignleft wp-image-111 size-medium\" src=\"http:\/\/www.esoz-projekty.cz\/wp-content\/uploads\/2018\/02\/Erasmus-300x65.jpg\" alt=\"\" width=\"300\" height=\"65\" srcset=\"https:\/\/www.esoz-projekty.cz\/wp-content\/uploads\/2018\/02\/Erasmus-300x65.jpg 300w, https:\/\/www.esoz-projekty.cz\/wp-content\/uploads\/2018\/02\/Erasmus-768x166.jpg 768w, https:\/\/www.esoz-projekty.cz\/wp-content\/uploads\/2018\/02\/Erasmus.jpg 800w\" sizes=\"(max-width: 300px) 100vw, 300px\" \/><\/p>\n<p>V\u00a0r\u00e1mci projektu \u201e<strong>Dve\u0159e otev\u0159en\u00e9 vzd\u011bl\u00e1v\u00e1n\u00ed, 2018-1-CZ01-KA102-047380<\/strong>\u201c nab\u00edz\u00edme \u017e\u00e1k\u016fm na\u0161\u00ed \u0161koly mo\u017enost vycestovat na pracovn\u00ed st\u00e1\u017e do \u0160pan\u011blska, Anglie, Slovenska a N\u011bmecka. St\u00e1\u017ee se budou konat od \u010dervna 2018 do \u00fanora 2020\u00a0a budou pln\u011b hrazeny z\u00a0programu Erasmus+.<\/p>\n<p>&nbsp;<\/p>\n<p><strong>V\u00fdb\u011br \u00fa\u010dastn\u00edk\u016f<\/strong>: V\u00fdb\u011br \u017e\u00e1k\u016f provede v\u00fdb\u011brov\u00e1 komise slo\u017een\u00e1 z&nbsp;t\u0159\u00eddn\u00edho u\u010ditele, u\u010ditel\u016f odborn\u00fdch p\u0159edm\u011bt\u016f a u\u010ditel\u016f jazyk\u016f.<\/p>\n<p>Po\u0159ad\u00ed bude stanoveno na z\u00e1klad\u011b p\u0159\u00edstupu \u017e\u00e1ka k&nbsp;dan\u00e9mu oboru a ke \u0161kole, prosp\u011bchu v&nbsp;kl\u00ed\u010dov\u00fdch p\u0159edm\u011btech (v&nbsp;tomto p\u0159\u00edpad\u011b p\u0159edev\u0161\u00edm odborn\u00fdch), jazykov\u00fdch kompetenc\u00ed. S\u00a0ka\u017ed\u00fdm \u00fa\u010dastn\u00edkem bude uzav\u0159ena smlouva o mobilit\u011b. Na sch\u016fzk\u00e1ch budou p\u0159ed\u00e1ny podrobn\u00e9 informace.<\/p>\n<p>Pro tento projekt budou nastavena obecn\u00e1 hodnot\u00edc\u00ed krit\u00e9ria n\u00e1sledovn\u011b:<\/p>\n<ul>\n<li>prosp\u011bch v&nbsp;kl\u00ed\u010dov\u00fdch p\u0159edm\u011btech: 0 \u2013 10 bod\u016f<\/li>\n<li>reprezentace \u0161koly na sout\u011b\u017e\u00edch: 0 \u2013 10 bod\u016f<\/li>\n<li>zapojen\u00ed se do aktivit \u0161koly: 0 \u2013 10 bod\u016f<\/li>\n<li>motivace (vyhodnocen\u00ed motiva\u010dn\u00edch dopis\u016f): 0 \u2013 10 bod\u016f<\/li>\n<li>jazykov\u00e9 znalosti: 0 \u2013 10 bod\u016f<\/li>\n<li>Zm\u011bna p\u0159\u00edstupu ke \u0161kole a vzd\u011bl\u00e1v\u00e1n\u00ed v&nbsp;tomto \u0161koln\u00edm roce: 0 \u2013 10 bod\u016f<\/li>\n<\/ul>\n<p><strong>Z <\/strong><strong>projektu bude uhrazeno:<\/strong><\/p>\n<ul>\n<li>Zprost\u0159edkov\u00e1n\u00ed st\u00e1\u017ee, Mentoring, monitoring<\/li>\n<li>Doprava do m\u00edsta a z\u00a0m\u00edsta kon\u00e1n\u00ed, m\u00edstn\u00ed doprava<\/li>\n<li>Ubytov\u00e1n\u00ed, stravov\u00e1n\u00ed<\/li>\n<li>Poji\u0161t\u011bn\u00ed<\/li>\n<\/ul>\n<hr \/>\n<h3>Informace ke st\u00e1\u017ei N\u011bmecko, Nardt (10\/2019)<\/h3>\n<p>C\u00edlov\u00e1 skupina: \u017d\u00e1ci t\u0159et\u00edho a \u010dtvrt\u00e9ho ro\u010dn\u00edku (v&nbsp;dob\u011b kon\u00e1n\u00ed st\u00e1\u017ee) maturitn\u00edho oboru Strojn\u00edk po\u017e\u00e1rn\u00ed techniky.<\/p>\n<p><a href=\"http:\/\/www.esoz-projekty.cz\/wp-content\/uploads\/2019\/05\/Informace-ke-st\u00e1\u017ei-Nardt-\u0159\u00edjen-2019.pdf\">Informace ke st\u00e1\u017ei Nardt &#8211; \u0159\u00edjen 2019<\/a><\/p>\n<p><a href=\"http:\/\/www.esoz-projekty.cz\/wp-content\/uploads\/2019\/05\/p\u0159ihl\u00e1\u0161ka_Nardt_10_2019.docx\">p\u0159ihl\u00e1\u0161ka_Nardt_10_2019<\/a><\/p>\n<p>St\u00e1\u017e se uskute\u010dn\u00ed 6.&nbsp;10.&nbsp;2019 \u2013 19.&nbsp;10.&nbsp;2019\u00a0 a bude pln\u011b hrazena z\u00a0programu Erasmus+.<\/p>\n<ul>\n<li>Term\u00edn pod\u00e1n\u00ed p\u0159ihl\u00e1\u0161ek: 24.&nbsp;6.&nbsp;2019<\/li>\n<li>P\u0159ihl\u00e1\u0161ka bude obsahovat CV a motiva\u010dn\u00ed dopis v\u00a0anglick\u00e9m nebo n\u011bmeck\u00e9m jazyce<\/li>\n<li>P\u0159ihl\u00e1\u0161ky p\u0159edejte Ing. Holop\u00edrkovi nebo na sekretari\u00e1t pracovi\u0161t\u011b SO\u0160E Na Pr\u016fhon\u011b 4800<\/li>\n<li>\u017d\u00e1k mus\u00ed v\u00a0r\u00e1mci st\u00e1\u017ee odpracovat 10 pracovn\u00edch dn\u00ed<\/li>\n<li>Ubytov\u00e1n\u00ed na ubytovn\u011b p\u0159ij\u00edmaj\u00edc\u00ed \u0161koly, stravov\u00e1n\u00ed pln\u00e1 penze<\/li>\n<li>Doprava: auto vys\u00edlaj\u00edc\u00ed organizace, MHD<\/li>\n<li>Na st\u00e1\u017ei bude p\u0159\u00edtomen doprovodn\u00fd pedagog. Odbornou st\u00e1\u017e bude zaji\u0161\u0165ovat Landesfeuerwehr- und Katastrophenschutzschule Sachsen.<\/li>\n<\/ul>\n<hr \/>\n<h3>Informace ke st\u00e1\u017ei \u0160pan\u011blsko, Sevilla (11\/2018)<\/h3>\n<p>C\u00edlov\u00e1 skupina: \u017d\u00e1ci t\u0159et\u00edch a druh\u00fdch ro\u010dn\u00edk\u016f maturitn\u00edch obor\u016f Obchodn\u00ed akademie, Zdravotnick\u00fd asistent, Soci\u00e1ln\u00ed \u010dinnost<\/p>\n<p><a href=\"http:\/\/www.esoz-projekty.cz\/wp-content\/uploads\/2018\/06\/p\u0159ihl\u00e1\u0161ka_\u0160pan\u011blsko_11_2018.docx\" target=\"_blank\" rel=\"noopener\">P\u0159ihl\u00e1\u0161ka na st\u00e1\u017e &#8211; \u0160pan\u011blsko &#8211; Seville (term\u00edn listopad 2018)<\/a><\/p>\n<ul>\n<li>Term\u00edn pod\u00e1n\u00ed p\u0159ihl\u00e1\u0161ek: 25.&nbsp;6.&nbsp;2018<\/li>\n<li>P\u0159ihl\u00e1\u0161ka bude obsahovat CV a motiva\u010dn\u00ed dopis v\u00a0anglick\u00e9m jazyce<\/li>\n<li>P\u0159ihl\u00e1\u0161ky p\u0159edejte Mgr. \u0160\u00e1rce Hlav\u00e1\u010dkov\u00e9 nebo Mgr. Marcele Mal\u00edkov\u00e9<\/li>\n<li>Term\u00edn: listopad 2018, bude up\u0159esn\u011bno po n\u00e1kupu letenek<\/li>\n<li>\u017d\u00e1k mus\u00ed v\u00a0r\u00e1mci st\u00e1\u017ee odpracovat 10 pracovn\u00edch dn\u00ed<\/li>\n<li>Ubytov\u00e1n\u00ed ve sd\u00edlen\u00fdch bytech nebo v&nbsp;rodin\u00e1ch<\/li>\n<li>Doprava: letecky + autobus nebo vlak<\/li>\n<li>Na st\u00e1\u017ei bude p\u0159\u00edtomen doprovodn\u00fd pedagog. Odbornou st\u00e1\u017e bude zaji\u0161\u0165ovat partnersk\u00e1 organizace v\u00a0Seville, v\u010d. \u010d\u00e1ste\u010dn\u00e9ho monitoringu.<\/li>\n<\/ul>\n<hr \/>\n<h3>Informace ke st\u00e1\u017ei Velk\u00e1 Brit\u00e1nie, Lond\u00fdn (11\/2018)<\/h3>\n<p>C\u00edlov\u00e1 skupina: \u017d\u00e1ci t\u0159et\u00edch a druh\u00fdch ro\u010dn\u00edk\u016f maturitn\u00edch obor\u016f Obchodn\u00ed akademie, Zdravotnick\u00fd asistent, Soci\u00e1ln\u00ed \u010dinnost<\/p>\n<p><a href=\"http:\/\/www.esoz-projekty.cz\/wp-content\/uploads\/2018\/06\/p\u0159ihl\u00e1\u0161ka_VB_11_2018.docx\" target=\"_blank\" rel=\"noopener\">P\u0159ihl\u00e1\u0161ka na st\u00e1\u017e &#8211; Velk\u00e1 Brit\u00e1nie &#8211; Lond\u00fdn (term\u00edn listopad 2018)<\/a><\/p>\n<ul>\n<li>Term\u00edn pod\u00e1n\u00ed p\u0159ihl\u00e1\u0161ek: 25.&nbsp;6.&nbsp;2018<\/li>\n<li>P\u0159ihl\u00e1\u0161ka bude obsahovat CV a motiva\u010dn\u00ed dopis v\u00a0anglick\u00e9m jazyce<\/li>\n<li>P\u0159ihl\u00e1\u0161ky p\u0159edejte Mgr. \u0160\u00e1rce Hlav\u00e1\u010dkov\u00e9 nebo Mgr. Marcele Mal\u00edkov\u00e9<\/li>\n<li>Term\u00edn: listopad 2018, bude up\u0159esn\u011bno po n\u00e1kupu letenek<\/li>\n<li>\u017d\u00e1k mus\u00ed v\u00a0r\u00e1mci st\u00e1\u017ee odpracovat 10 pracovn\u00edch dn\u00ed<\/li>\n<li>Ubytov\u00e1n\u00ed ve sd\u00edlen\u00fdch bytech nebo v&nbsp;rodin\u00e1ch<\/li>\n<li>Doprava: letecky + autobus nebo vlak<\/li>\n<li>Na st\u00e1\u017ei bude p\u0159\u00edtomen doprovodn\u00fd pedagog. Odbornou st\u00e1\u017e bude zaji\u0161\u0165ovat partnersk\u00e1 organizace v\u00a0Lond\u00fdn\u011b, v\u010d. \u010d\u00e1ste\u010dn\u00e9ho monitoringu.<\/li>\n<\/ul>\n<hr \/>\n<h3>Informace ke st\u00e1\u017ei\u00a0\u0160pan\u011blsko, Sevilla (9\/2018)<\/h3>\n<p>C\u00edlov\u00e1 skupina: \u017d\u00e1ci t\u0159et\u00edch a druh\u00fdch ro\u010dn\u00edk\u016f maturitn\u00edch obor\u016f Obchodn\u00ed akademie<\/p>\n<p><a href=\"http:\/\/www.esoz-projekty.cz\/wp-content\/uploads\/2018\/06\/p\u0159ihl\u00e1\u0161ka_\u0160pan\u011blsko_9_2018.docx\" target=\"_blank\" rel=\"noopener\">P\u0159ihl\u00e1\u0161ka na st\u00e1\u017e &#8211; \u0160pan\u011blsko &#8211; Seville (term\u00edn z\u00e1\u0159\u00ed 2018) <\/a><\/p>\n<ul>\n<li>Term\u00edn pod\u00e1n\u00ed p\u0159ihl\u00e1\u0161ek: 22.&nbsp;6.&nbsp;2018<\/li>\n<li>P\u0159ihl\u00e1\u0161ka bude obsahovat CV a motiva\u010dn\u00ed dopis v\u00a0anglick\u00e9m jazyce<\/li>\n<li>P\u0159ihl\u00e1\u0161ky p\u0159edejte Mgr. \u0160\u00e1rce Hlav\u00e1\u010dkov\u00e9 nebo Ing. Silvie Fr\u00e1nov\u00e9.<\/li>\n<li>Term\u00edn: druh\u00e1 polovina z\u00e1\u0159\u00ed 2018, bude up\u0159esn\u011bno po n\u00e1kupu letenek<\/li>\n<li>\u017d\u00e1k mus\u00ed v\u00a0r\u00e1mci st\u00e1\u017ee odpracovat 10 pracovn\u00edch dn\u00ed<\/li>\n<li>Ubytov\u00e1n\u00ed ve sd\u00edlen\u00fdch bytech nebo v&nbsp;rodin\u00e1ch.<\/li>\n<li>Doprava: letecky + autobus nebo vlak<\/li>\n<li>Na st\u00e1\u017ei bude p\u0159\u00edtomen doprovodn\u00fd pedagog. Odbornou st\u00e1\u017e bude zaji\u0161\u0165ovat partnersk\u00e1 organizace v\u00a0Seville, v\u010d. \u010d\u00e1ste\u010dn\u00e9ho monitoringu.<\/li>\n<\/ul>\n<hr \/>\n<h3>Informace ke st\u00e1\u017ei Slovensko, Trnava (10\/2018)<\/h3>\n<p>C\u00edlov\u00e1 skupina: \u017d\u00e1ci t\u0159et\u00edch a druh\u00fdch ro\u010dn\u00edk\u016f obor\u016f Elektrik\u00e1\u0159, Instalat\u00e9r, Z\u00e1me\u010dn\u00edk, Mechanik elektrotechnick\u00fdch za\u0159\u00edzen\u00ed &#8211; St\u0159edn\u00ed \u0161kola energetick\u00e1 a stavebn\u00ed<\/p>\n<p><a href=\"http:\/\/www.esoz-projekty.cz\/wp-content\/uploads\/2018\/06\/p\u0159ihl\u00e1\u0161ka_Trnava_10_2018.docx\" target=\"_blank\" rel=\"noopener\">P\u0159ihl\u00e1\u0161ka na st\u00e1\u017e &#8211; Slovensko &#8211; Trnava (term\u00edn \u0159\u00edjen 2018)<\/a><\/p>\n<ul>\n<li>Term\u00edn pod\u00e1n\u00ed p\u0159ihl\u00e1\u0161ek: 10.&nbsp;9.&nbsp;2018<\/li>\n<li>P\u0159ihl\u00e1\u0161ka bude obsahovat CV a motiva\u010dn\u00ed dopis v\u00a0anglick\u00e9m jazyce<\/li>\n<li>P\u0159ihl\u00e1\u0161ky p\u0159edejte t\u0159\u00eddn\u00edm u\u010ditel\u016fm<\/li>\n<li>Term\u00edn:\u00a0\u0159\u00edjen 2018, bude up\u0159esn\u011bno<\/li>\n<li>\u017d\u00e1k mus\u00ed v\u00a0r\u00e1mci st\u00e1\u017ee odpracovat 10 pracovn\u00edch dn\u00ed<\/li>\n<li>Ubytov\u00e1n\u00ed ve sd\u00edlen\u00fdch bytech nebo v&nbsp;rodin\u00e1ch<\/li>\n<li>Doprava: vozidlem \u0161koly, pop\u0159\u00edpad\u011b vlakem<\/li>\n<li>Na st\u00e1\u017ei bude p\u0159\u00edtomen doprovodn\u00fd pedagog. Odbornou st\u00e1\u017e bude zaji\u0161\u0165ovat partnersk\u00e1 \u0161kola, v\u010d. \u010d\u00e1ste\u010dn\u00e9ho monitoringu.<\/li>\n<\/ul>\n<hr \/>\n<p><a href=\"http:\/\/www.esoz-projekty.cz\/wp-content\/uploads\/2019\/02\/Na-zku\u00c5\u00a1enou-do-Sevilly.docx\">Na zku\u0161enou do Sevilly<\/a><\/p>\n\n\t\t<style type=\"text\/css\">\n\t\t\t#gallery-1 {\n\t\t\t\tmargin: auto;\n\t\t\t}\n\t\t\t#gallery-1 .gallery-item {\n\t\t\t\tfloat: left;\n\t\t\t\tmargin-top: 10px;\n\t\t\t\ttext-align: center;\n\t\t\t\twidth: 33%;\n\t\t\t}\n\t\t\t#gallery-1 img {\n\t\t\t\tborder: 2px solid #cfcfcf;\n\t\t\t}\n\t\t\t#gallery-1 .gallery-caption {\n\t\t\t\tmargin-left: 0;\n\t\t\t}\n\t\t\t\/* see gallery_shortcode() in wp-includes\/media.php *\/\n\t\t<\/style>\n\t\t<div id='gallery-1' class='gallery galleryid-510 gallery-columns-3 gallery-size-medium'><dl class='gallery-item'>\n\t\t\t<dt class='gallery-icon portrait'>\n\t\t\t\t<a href='https:\/\/www.esoz-projekty.cz\/wp-content\/uploads\/2019\/02\/20190127_111124-e1549979947734.jpg'><img width=\"169\" height=\"300\" src=\"https:\/\/www.esoz-projekty.cz\/wp-content\/uploads\/2019\/02\/20190127_111124-e1549979947734-169x300.jpg\" class=\"attachment-medium size-medium\" alt=\"\" loading=\"lazy\" srcset=\"https:\/\/www.esoz-projekty.cz\/wp-content\/uploads\/2019\/02\/20190127_111124-e1549979947734-169x300.jpg 169w, https:\/\/www.esoz-projekty.cz\/wp-content\/uploads\/2019\/02\/20190127_111124-e1549979947734-768x1365.jpg 768w, https:\/\/www.esoz-projekty.cz\/wp-content\/uploads\/2019\/02\/20190127_111124-e1549979947734-576x1024.jpg 576w, https:\/\/www.esoz-projekty.cz\/wp-content\/uploads\/2019\/02\/20190127_111124-e1549979947734.jpg 1836w\" sizes=\"(max-width: 169px) 100vw, 169px\" \/><\/a>\n\t\t\t<\/dt><\/dl><dl class='gallery-item'>\n\t\t\t<dt class='gallery-icon portrait'>\n\t\t\t\t<a href='https:\/\/www.esoz-projekty.cz\/wp-content\/uploads\/2019\/02\/20190127_102052-e1549979962217.jpg'><img width=\"169\" height=\"300\" src=\"https:\/\/www.esoz-projekty.cz\/wp-content\/uploads\/2019\/02\/20190127_102052-e1549979962217-169x300.jpg\" class=\"attachment-medium size-medium\" alt=\"\" loading=\"lazy\" srcset=\"https:\/\/www.esoz-projekty.cz\/wp-content\/uploads\/2019\/02\/20190127_102052-e1549979962217-169x300.jpg 169w, https:\/\/www.esoz-projekty.cz\/wp-content\/uploads\/2019\/02\/20190127_102052-e1549979962217-768x1365.jpg 768w, https:\/\/www.esoz-projekty.cz\/wp-content\/uploads\/2019\/02\/20190127_102052-e1549979962217-576x1024.jpg 576w, https:\/\/www.esoz-projekty.cz\/wp-content\/uploads\/2019\/02\/20190127_102052-e1549979962217.jpg 1836w\" sizes=\"(max-width: 169px) 100vw, 169px\" \/><\/a>\n\t\t\t<\/dt><\/dl><dl class='gallery-item'>\n\t\t\t<dt class='gallery-icon portrait'>\n\t\t\t\t<a href='https:\/\/www.esoz-projekty.cz\/wp-content\/uploads\/2019\/02\/2.jpg'><img width=\"168\" height=\"300\" src=\"https:\/\/www.esoz-projekty.cz\/wp-content\/uploads\/2019\/02\/2-168x300.jpg\" class=\"attachment-medium size-medium\" alt=\"\" loading=\"lazy\" srcset=\"https:\/\/www.esoz-projekty.cz\/wp-content\/uploads\/2019\/02\/2-168x300.jpg 168w, https:\/\/www.esoz-projekty.cz\/wp-content\/uploads\/2019\/02\/2.jpg 511w\" sizes=\"(max-width: 168px) 100vw, 168px\" \/><\/a>\n\t\t\t<\/dt><\/dl><br style=\"clear: both\" \/>\n\t\t<\/div>\n\n","protected":false},"excerpt":{"rendered":"<p>V\u00a0r\u00e1mci projektu \u201eDve\u0159e otev\u0159en\u00e9 vzd\u011bl\u00e1v\u00e1n\u00ed, 2018-1-CZ01-KA102-047380\u201c nab\u00edz\u00edme \u017e\u00e1k\u016fm na\u0161\u00ed \u0161koly mo\u017enost vycestovat na pracovn\u00ed st\u00e1\u017e do \u0160pan\u011blska, Anglie, Slovenska a N\u011bmecka. St\u00e1\u017ee se budou konat od \u010dervna 2018 do \u00fanora 2020\u00a0a budou pln\u011b hrazeny z\u00a0programu Erasmus+. &nbsp; V\u00fdb\u011br \u00fa\u010dastn\u00edk\u016f: V\u00fdb\u011br \u017e\u00e1k\u016f provede v\u00fdb\u011brov\u00e1 komise slo\u017een\u00e1 z&nbsp;t\u0159\u00eddn\u00edho u\u010ditele, u\u010ditel\u016f odborn\u00fdch p\u0159edm\u011bt\u016f a u\u010ditel\u016f jazyk\u016f. Po\u0159ad\u00ed bude&hellip; <br \/> <a class=\"read-more\" href=\"https:\/\/www.esoz-projekty.cz\/?page_id=510\">V\u00edce<\/a><\/p>\n","protected":false},"author":2,"featured_media":0,"parent":482,"menu_order":0,"comment_status":"closed","ping_status":"closed","template":"","meta":[],"_links":{"self":[{"href":"https:\/\/www.esoz-projekty.cz\/index.php?rest_route=\/wp\/v2\/pages\/510"}],"collection":[{"href":"https:\/\/www.esoz-projekty.cz\/index.php?rest_route=\/wp\/v2\/pages"}],"about":[{"href":"https:\/\/www.esoz-projekty.cz\/index.php?rest_route=\/wp\/v2\/types\/page"}],"author":[{"embeddable":true,"href":"https:\/\/www.esoz-projekty.cz\/index.php?rest_route=\/wp\/v2\/users\/2"}],"replies":[{"embeddable":true,"href":"https:\/\/www.esoz-projekty.cz\/index.php?rest_route=%2Fwp%2Fv2%2Fcomments&post=510"}],"version-history":[{"count":25,"href":"https:\/\/www.esoz-projekty.cz\/index.php?rest_route=\/wp\/v2\/pages\/510\/revisions"}],"predecessor-version":[{"id":732,"href":"https:\/\/www.esoz-projekty.cz\/index.php?rest_route=\/wp\/v2\/pages\/510\/revisions\/732"}],"up":[{"embeddable":true,"href":"https:\/\/www.esoz-projekty.cz\/index.php?rest_route=\/wp\/v2\/pages\/482"}],"wp:attachment":[{"href":"https:\/\/www.esoz-projekty.cz\/index.php?rest_route=%2Fwp%2Fv2%2Fmedia&parent=510"}],"curies":[{"name":"wp","href":"https:\/\/api.w.org\/{rel}","templated":true}]}}