{"id":657,"date":"2018-10-26T15:10:50","date_gmt":"2018-10-26T14:10:50","guid":{"rendered":"http:\/\/www.esoz-projekty.cz\/?page_id=657"},"modified":"2020-12-20T15:12:58","modified_gmt":"2020-12-20T14:12:58","slug":"vet","status":"publish","type":"page","link":"https:\/\/www.esoz-projekty.cz\/?page_id=657","title":{"rendered":"Erasmus+ VET Mobility Charter"},"content":{"rendered":"<p>S radost\u00ed oznamujeme, \u017ee jsme na obdob\u00ed od 1.ledna 2019 do 31.&nbsp;prosince 2020 z\u00edskali certifik\u00e1t Erasmus+ VET Mobility Charter.<\/p>\n<p><img loading=\"lazy\" class=\"wp-image-658 size-large aligncenter\" src=\"http:\/\/www.esoz-projekty.cz\/wp-content\/uploads\/2018\/10\/Certifik\u00e1t-mobilty-ERASMUS-679x1024.jpg\" alt=\"\" width=\"679\" height=\"1024\" srcset=\"https:\/\/www.esoz-projekty.cz\/wp-content\/uploads\/2018\/10\/Certifik\u00e1t-mobilty-ERASMUS-679x1024.jpg 679w, https:\/\/www.esoz-projekty.cz\/wp-content\/uploads\/2018\/10\/Certifik\u00e1t-mobilty-ERASMUS-199x300.jpg 199w, https:\/\/www.esoz-projekty.cz\/wp-content\/uploads\/2018\/10\/Certifik\u00e1t-mobilty-ERASMUS.jpg 714w\" sizes=\"(max-width: 679px) 100vw, 679px\" \/><\/p>\n<p><a href=\"http:\/\/www.esoz-projekty.cz\/wp-content\/uploads\/2018\/10\/Z\u00e1sady_strategie-internacionalizace.pdf\">Z\u00e1sady strategie internacionalizace\u00a0(pdf)<\/a><\/p>\n","protected":false},"excerpt":{"rendered":"<p>S radost\u00ed oznamujeme, \u017ee jsme na obdob\u00ed od 1.ledna 2019 do 31.&nbsp;prosince 2020 z\u00edskali certifik\u00e1t Erasmus+ VET Mobility Charter. Z\u00e1sady strategie internacionalizace\u00a0(pdf)<\/p>\n","protected":false},"author":2,"featured_media":0,"parent":0,"menu_order":0,"comment_status":"closed","ping_status":"closed","template":"","meta":[],"_links":{"self":[{"href":"https:\/\/www.esoz-projekty.cz\/index.php?rest_route=\/wp\/v2\/pages\/657"}],"collection":[{"href":"https:\/\/www.esoz-projekty.cz\/index.php?rest_route=\/wp\/v2\/pages"}],"about":[{"href":"https:\/\/www.esoz-projekty.cz\/index.php?rest_route=\/wp\/v2\/types\/page"}],"author":[{"embeddable":true,"href":"https:\/\/www.esoz-projekty.cz\/index.php?rest_route=\/wp\/v2\/users\/2"}],"replies":[{"embeddable":true,"href":"https:\/\/www.esoz-projekty.cz\/index.php?rest_route=%2Fwp%2Fv2%2Fcomments&post=657"}],"version-history":[{"count":4,"href":"https:\/\/www.esoz-projekty.cz\/index.php?rest_route=\/wp\/v2\/pages\/657\/revisions"}],"predecessor-version":[{"id":668,"href":"https:\/\/www.esoz-projekty.cz\/index.php?rest_route=\/wp\/v2\/pages\/657\/revisions\/668"}],"wp:attachment":[{"href":"https:\/\/www.esoz-projekty.cz\/index.php?rest_route=%2Fwp%2Fv2%2Fmedia&parent=657"}],"curies":[{"name":"wp","href":"https:\/\/api.w.org\/{rel}","templated":true}]}}