{"id":727,"date":"2019-05-09T09:29:43","date_gmt":"2019-05-09T08:29:43","guid":{"rendered":"http:\/\/www.esoz-projekty.cz\/?page_id=727"},"modified":"2019-06-05T19:00:15","modified_gmt":"2019-06-05T18:00:15","slug":"moderni-skola-4-0","status":"publish","type":"page","link":"https:\/\/www.esoz-projekty.cz\/?page_id=727","title":{"rendered":"Modern\u00ed \u0161kola 4.0"},"content":{"rendered":"<p><img loading=\"lazy\" class=\"alignleft wp-image-143 \" src=\"http:\/\/www.esoz-projekty.cz\/wp-content\/uploads\/2018\/02\/esoz_logo_gray.png\" alt=\"\" width=\"85\" height=\"85\" \/>\u00da\u010dastn\u00edk: St\u0159edn\u00ed odborn\u00e1 \u0161kola energetick\u00e1 a stavebn\u00ed, Obchodn\u00ed akademie a St\u0159edn\u00ed zdravotnick\u00e1 \u0161kola, Chomutov, p\u0159\u00edsp\u011bvkov\u00e1 organizace<\/p>\n<p><a href=\"http:\/\/www.esoz-projekty.cz\/wp-content\/uploads\/2019\/05\/Moderni-skola_12_5.pdf\">Prezentace (PDF) \u017e\u00e1k\u016f p\u0159ed hodnot\u00edc\u00ed komis\u00ed<\/a><\/p>\n<h3 style=\"text-align: center;\">Virtu\u00e1ln\u00ed prohl\u00eddka inteligentn\u00edm domem unik\u00e1tn\u00ed metodou Matterport!<\/h3>\n<p style=\"text-align: center;\">prohl\u00eddka pomoc\u00ed virtu\u00e1ln\u00edch br\u00fdl\u00ed dostupn\u00e1 zde:\u00a0<a href=\"https:\/\/my.matterport.com\/vr\/show\/?m=xzNUn969Zdc\">https:\/\/my.matterport.com\/vr\/show\/?m=xzNUn969Zdc<\/a><\/p>\n        <div class=\"wpm-gallery\">\r\n            <div class=\"wpm\">\r\n\r\n                <div class=\"wpm-img\">\r\n                    <a href=\"https:\/\/mpembed.com\/show\/?m=xzNUn969Zdc&amp;play=1\" class=\"wpm-tour wpmxzNUn969Zdc wpm-overlay\">\r\n\t\t\t\t\t<img src=\"\/\/my.matterport.com\/api\/v1\/player\/models\/xzNUn969Zdc\/thumb\/?width=900\" \/>\r\n                        <b>&#9658;<\/b>\r\n                        <i>Explore 3D Space<\/i>\t\t\t\r\n                    <\/a>\r\n                <\/div>\r\n                <div class=\"wpm-info\">\r\n                \t<span class=\"wpm-title\"><a class=\"wpm-tour\" href=\"https:\/\/mpembed.com\/show\/?m=xzNUn969Zdc&amp;play=1\">Esoz Smart Home<\/a><\/span>\r\n\t\t\t\t<\/div>\n\t\t\t<\/div>\n\t\t<\/div>\n\n<p style=\"text-align: center;\"><iframe loading=\"lazy\" src=\"https:\/\/www.youtube.com\/embed\/OrqNwSiFUX4\" width=\"560\" height=\"315\" frameborder=\"0\" allowfullscreen=\"allowfullscreen\"><\/iframe><\/p>\n<p style=\"text-align: center;\"><iframe loading=\"lazy\" src=\"https:\/\/www.youtube.com\/embed\/6XuL1XFm3_w\" width=\"560\" height=\"315\" frameborder=\"0\" allowfullscreen=\"allowfullscreen\"><\/iframe><\/p>\n<h3>My\u0161lenka, n\u00e1pad<\/h3>\n<p>\u017dijeme v\u00a0dob\u011b datov\u00e9, elektronick\u00e9 syst\u00e9my v\u00a0podstat\u011b \u0159\u00edd\u00ed \u017eivoty n\u00e1s v\u0161ech. Ve jm\u00e9nu pokroku budujeme, stav\u00edme, zlep\u0161ujeme podm\u00ednky \u017eivota, zkr\u00e1tka zvy\u0161ujeme standardy. Uv\u011bdomujeme si, jak je d\u016fle\u017eit\u00e9 progresivn\u00ed propojen\u00ed r\u016fzn\u00fdch profesn\u00edch oblast\u00ed. Jak \u00fazce spolu souvis\u00ed, jak jsou vz\u00e1jemn\u011b se sebou sv\u00e1z\u00e1ny. Proto jsme vyu\u017eili na\u0161eho potenci\u00e1lu a zrodila se my\u0161lenka na v\u00fdstavbu inteligentn\u00edho domu. Jsme mlad\u00e1 generace, zcela pohlcena nov\u00fdmi chytr\u00fdmi technologiemi. Chceme dok\u00e1zat, \u017ee tyto chytr\u00e9 technologie neslou\u017e\u00ed jen z\u00e1bav\u011b, ale t\u00e9\u017e ku prosp\u011bchu (nechceme, aby to nyn\u00ed vyzn\u011blo jako pr\u00e1zdn\u00e1 fr\u00e1ze, ale je to tak). Vyu\u017eijeme alternativn\u00ed zdroje energi\u00ed a\u00a0spout\u00e1me je nov\u00fdmi technologiemi. Uk\u00e1\u017eeme, jak je jednodu\u0161e a\u00a0\u00fa\u010deln\u011b vyu\u017e\u00edt v\u00a0b\u011b\u017en\u00e9m \u017eivot\u011b.<\/p>\n<p>Dlouho n\u00e1s pron\u00e1sledovala my\u0161lenka, jak prakticky zrealizovat na\u0161e n\u00e1pady. Sna\u017eili jsme se zapojit v\u0161echny obory, kter\u00e9 \u0161kola nab\u00edz\u00ed. Nejlep\u0161\u00edm \u0159e\u0161en\u00edm, jak n\u011b\u010deho takov\u00e9ho doc\u00edlit, byla my\u0161lenka na v\u00fdstavbu n\u011b\u010deho celistv\u00e9ho, co by stmelilo d\u016fle\u017eitost na\u0161ich profes\u00ed a n\u00e1zorn\u011b p\u0159edvedlo jejich plynulou n\u00e1vaznost a\u00a0v\u00a0podstat\u011b nenahraditelnost. Jsme z\u00a0\u010d\u00e1sti \u0161kola energetick\u00e1 a stavebn\u00ed, rozhodli jsme se tedy vystav\u011bt d\u016fm nov\u00e9 generace, zcela inteligentn\u00ed a sob\u011bsta\u010dn\u00fd. Takov\u00fd, jak\u00fd si ho p\u0159edstavujeme v\u00a0bl\u00edzk\u00e9 budoucnosti.<\/p>\n<p>\u0160kola n\u00e1s p\u0159ipravuje tak, abychom obst\u00e1li v\u00a0praxi, nau\u010dili se kvalitn\u011b sv\u00e9 \u0159emeslo. Pot\u0159ebujeme zaujmout i\u00a0mlad\u0161\u00ed \u017e\u00e1ky a d\u011bti, aby v\u00a0na\u0161ich viz\u00edch a pl\u00e1nech plynule pokra\u010dovali. Do na\u0161eho projektu se tak zapojili nejen na\u0161i u\u010ditel\u00e9 odborn\u00fdch p\u0159edm\u011bt\u016f a odborn\u00e9ho v\u00fdcviku, ale i \u017e\u00e1ci z\u00e1kladn\u00edch \u0161kol, a dokonce i d\u011bti ze\u00a0\u0161kol mate\u0159sk\u00fdch. Je d\u016fle\u017eit\u00e9, aby i ti nejmen\u0161\u00ed \u201ev\u011bd\u011bli\u201c, a tak pro n\u011b \u0161kola p\u0159ipravuje aktivity pod n\u00e1zvem \u201eEnergie pod pokli\u010dkou\u201c \u2013 jak spoutat v\u00edtr, vodu, vzduch, vyu\u017e\u00edt slune\u010dn\u00ed paprsky&#8230;, usnadnit si pr\u00e1ci pomoc\u00ed robot\u016f.<\/p>\n<p>Do sout\u011b\u017ee se hl\u00e1s\u00edme s&nbsp;v\u00fdukov\u00fdm trena\u017e\u00e9rem \u2013 <strong>\u201eSmart home \u2013 inteligentn\u00ed d\u016fm &#8211; energie pod pokli\u010dkou<\/strong>\u201c. Jde o model \u010d\u00e1sti rodinn\u00e9ho domu se dv\u011bma m\u00edstnostmi, s\u00a0prvky v\u00fdroby elektrick\u00e9 energie pomoc\u00ed obnoviteln\u00e9ho zdroje. Jako zdroj obnoviteln\u00e9 energie jsme vybrali fotovoltaick\u00fd panel, pro m\u011b\u0159en\u00ed elektrick\u00e9 energie bude nainstalov\u00e1n elektrom\u011br, kter\u00fd ov\u011b\u0159\u00ed energetickou spot\u0159ebu domu. Energie by m\u011bla dostate\u010dn\u011b zajistit optim\u00e1ln\u00ed vnit\u0159n\u00ed prost\u0159ed\u00ed pro\u00a0komfort osob \u2013 v&nbsp;\u201edom\u011b\u201c je naistalov\u00e1n syst\u00e9m free@home, kter\u00fd zcela ovl\u00e1d\u00e1 regulaci teploty domu, otev\u00edr\u00e1n\u00ed dve\u0159\u00ed, ovl\u00e1d\u00e1 i\u00a0venkovn\u00ed sv\u00edtidla, \u017ealuzie a osv\u011btlen\u00ed. D\u016fm je chr\u00e1n\u011bn domovn\u00edm kamerov\u00fdm syst\u00e9mem a\u00a0zabezpe\u010dovac\u00edm elektronick\u00fdm syst\u00e9mem, kter\u00e9 detekuj\u00ed jak\u00fdkoliv pohyb. D\u016fm lze ovl\u00e1dat hlasem pomoc\u00ed hlasov\u00fdch asistent\u016f Google home a Amazon Echo Alexa, samoz\u0159ejmost\u00ed je d\u00e1lkov\u00e9 ovl\u00e1d\u00e1n\u00ed spot\u0159ebi\u010d\u016f.<\/p>\n<p>Zkr\u00e1tka d\u016fm je zcela v\u00a0moci sou\u010dasn\u011b dostupn\u00e9 programovateln\u00e9 techniky a \u0159\u00eddic\u00edch syst\u00e9m\u016f. Je ale nutn\u00e9 p\u0159ipomenout i stavebn\u00ed pr\u00e1ce \u2013 neobe\u0161li bychom se bez pr\u00e1ce truhl\u00e1\u0159\u016f, kte\u0159\u00ed p\u0159ipravili z\u00e1kladn\u00ed konstrukci domu, pl\u016ftek i s\u00a0brankou a posezen\u00edm v\u00a0zahr\u00e1dce. Mont\u00e9\u0159i such\u00fdch staveb provedli mont\u00e1\u017e profil\u016f a jejich osazen\u00ed s\u00e1drokartonov\u00fdmi deskami. Ve spolupr\u00e1ci s\u00a0u\u010ditelem odborn\u00e9ho v\u00fdcviku osadili v\u00a0dom\u011b i jedno klasick\u00e9 okno a do st\u0159echy um\u00edstili i jedno okno st\u0159e\u0161n\u00ed.\u00a0 \u017d\u00e1ci elektro obor\u016f d\u016fm \u201eo\u017eivili\u201c.<\/p>\n<h3>Praktick\u00fd p\u0159\u00ednos<\/h3>\n<p>V\u00fdukov\u00fd trena\u017e\u00e9r bude vyu\u017e\u00edv\u00e1n nejen p\u0159i v\u00fduce, ale i jako vzorov\u00e1 uk\u00e1zka inteligentn\u00edho domu pro\u00a0\u017e\u00e1ky ze sp\u0159\u00e1telen\u00fdch z\u00e1kladn\u00edch a mate\u0159sk\u00fdch \u0161kol, pro partnery \u0161kol i z\u00e1jemce z&nbsp;\u0159ad ve\u0159ejnosti \u2013 v\u00a0podob\u011b exkurz\u00ed, dn\u016f otev\u0159en\u00fdch dve\u0159\u00ed, dn\u016f odbornosti, burzy firem atd.<\/p>\n<p>Jde o pln\u011b funk\u010dn\u00ed model domu o dvou m\u00edstnostech. Samoz\u0159ejmost\u00ed je vyu\u017e\u00edv\u00e1n\u00ed domu p\u0159i v\u00fduce, \u017e\u00e1ci se tak p\u0159\u00edmo sezn\u00e1m\u00ed s\u00a0r\u016fzn\u00fdmi technologiemi, vyzkou\u0161\u00ed si jejich nastaven\u00ed a programov\u00e1n\u00ed, p\u0159\u00ednos v\u00a0praxi \u2013 \u0161et\u0159en\u00ed energie, vyu\u017e\u00edv\u00e1n\u00ed alternativn\u00edch zdroj\u016f \u2013 sol\u00e1rn\u00edch panel\u016f, ekologick\u00fd p\u0159\u00ednos v\u00a0z\u00e1vislosti rozumn\u00e9ho vyu\u017eit\u00ed p\u0159\u00edrodn\u00edch zdroj\u016f. Pro \u017e\u00e1ky je v\u017edy snaz\u0161\u00ed pochopit z\u00e1m\u011br a\u00a0funk\u010dnost p\u0159\u00edmo ze samostatn\u00e9 praktick\u00e9 \u010dinnosti. Maj\u00ed motivaci a zlep\u0161\u00ed se jejich celkov\u00fd p\u0159\u00edstup ke studovan\u00e9mu oboru, samotn\u00e1 realizace je smysluplnou u\u010debn\u00ed metodou, kter\u00e1 vede ke zlep\u0161en\u00ed \u017e\u00e1kovsk\u00fdch praktick\u00fdch dovednost\u00ed a \u0159emesln\u00fdch n\u00e1vyk\u016f. Nehled\u011b na pocit dob\u0159e a \u00fa\u010deln\u011b vykonan\u00e9 pr\u00e1ce. Ur\u010dit\u00e1 samostatnost \u017e\u00e1k\u016f a veden\u00ed u\u010ditel\u016f u\u010d\u00ed \u017e\u00e1ky\u00a0profesionalit\u011b a odpov\u011bdnosti za kvalitu odveden\u00e9 pr\u00e1ce.<\/p>\n<p>V\u00fdukov\u00fd trena\u017e\u00e9r bude d\u00e1le vyu\u017e\u00edv\u00e1n v\u00a0r\u00e1mci spolupr\u00e1ce se Z\u0160 a M\u0160 \u2013 krou\u017eky, n\u00e1borov\u00e9 aktivity, exkurze, sout\u011b\u017ee, peer aktivity\u2026 Vyu\u017eit\u00ed najde i r\u00e1mci dal\u0161\u00edho vzd\u011bl\u00e1v\u00e1n\u00ed v\u00a0elektrotechnick\u00fdch oborech pro firmy i\u00a0ve\u0159ejnost.<\/p>\n<p>P\u0159i stavb\u011b trena\u017e\u00e9ru byly pou\u017eity technologie a komponenty r\u016fzn\u00fdch firem. V\u00a0r\u00e1mci projektu jsme prohloubili spolupr\u00e1ci se st\u00e1vaj\u00edc\u00edmi partnery \u0161koly, kter\u00e9 pot\u0159ebn\u00e9 p\u0159\u00edstroje vyr\u00e1b\u011bj\u00ed. Mezi tyto firmy pat\u0159\u00ed nap\u0159. firmy ABB s.r.o., Jablotron, Luma plus, PULS s.r.o., \u010cEZ a.s. a dal\u0161\u00ed.<\/p>\n<p>Rozvoj technologi\u00ed postupuje rychle dop\u0159edu, syst\u00e9my mor\u00e1ln\u011b zastar\u00e1vaj\u00ed, je nutn\u00e9 neust\u00e1le sledovat nov\u00e9 trendy. Z\u00a0tohoto d\u016fvodu pl\u00e1nujeme roz\u0161i\u0159ov\u00e1n\u00ed p\u0159\u00edstrojov\u00e9ho vybaven\u00ed. Aby \u017e\u00e1ci m\u011bli mo\u017enost pracovat na\u00a0syst\u00e9mech \u201estar\u0161\u00edch\u201c i \u201enov\u011bj\u0161\u00edch\u201c.<\/p>\n<h3>Interdisciplinarita<\/h3>\n<p>D\u016fm je ve sv\u00e9 podstat\u011b ch\u00e1p\u00e1n jako inteligentn\u00ed, tedy sob\u011bsta\u010dn\u00fd. Jako hlavn\u00ed z\u00e1m\u011br je v\u00a0tomto projektu pova\u017eov\u00e1no \u201eo\u017eiven\u00ed\u201c domu. D\u016fm je ovl\u00e1d\u00e1n elektronicky \u2013 z&nbsp;\u201epohodl\u00ed domova\u201c, ale i\u00a0d\u00e1lkov\u011b pomoc\u00ed telefonu nebo jin\u00fdch elektronick\u00fdch za\u0159\u00edzen\u00ed. P\u0159esto se nem\u016f\u017ee obej\u00edt bez lidsk\u00e9 ruky, n\u011bkdo mus\u00ed d\u016fm postavit, p\u0159iv\u00e9st energii, namontovat p\u0159\u00edstroje, naistalovat technologie\u2026 a\u017e ve v\u00fdsledku je pro \u010dlov\u011bka u\u017eivatele samostatn\u00fdm a sob\u011bsta\u010dn\u00fdm. Na jeho po\u010d\u00e1tku je v\u0161ak nutn\u00e1 spolupr\u00e1ce v\u0161ech. Na stavb\u011b domu se pod\u00edleli \u017e\u00e1ci z&nbsp;r\u016fzn\u00fdch obor\u016f:<\/p>\n<p>\u017d\u00e1ci oboru <em>RVP 33-56-H\/01 Truhl\u00e1\u0159<\/em> p\u0159ipravili z\u00e1kladn\u00ed konstrukci domu A vyrobili pl\u016ftek s\u00a0brankou a\u00a0posezen\u00ed v\u00a0zahr\u00e1dce. Tento prostor bude slou\u017eit \u017e\u00e1k\u016fm p\u0159i v\u00fduce, nap\u0159. p\u0159i\u00a0programov\u00e1n\u00ed modern\u00edch technologi\u00ed.<\/p>\n<p>\u017d\u00e1ci oboru <em>RVP 36-66-H\/01 Mont\u00e9r such\u00fdch staveb<\/em> provedli mont\u00e1\u017e profil\u016f a osazen\u00ed profil\u016f s\u00e1drokartonov\u00fdmi deskami. D\u00e1le do domu zabudovali jedno klasick\u00e9 a jedno st\u0159e\u0161n\u00ed okno.<\/p>\n<p>\u017d\u00e1ci \u201esilnoproud\u00fdch\u201c elektro obor\u016f provedli p\u0159\u00edvod z\u00a0rozvad\u011b\u010de do pojistkov\u00e9 sk\u0159\u00edn\u011b a\u00a0elektrom\u011brov\u00e9ho rozvad\u011b\u010de. D\u00e1le rozvedli kabely CYKY v\u00a0r\u00e1mci silov\u00fdch rozvod\u016f a napojen\u00ed fotovoltaick\u00e9ho syst\u00e9mu v\u010detn\u011b hromosvodn\u00ed soustavy.<\/p>\n<p>\u017d\u00e1ci \u201eslaboproud\u00fdch\u201c elektro obor\u016f nainstalovali slaboproud\u00e9 rozvody \u2013 zabezpe\u010dovac\u00ed syst\u00e9my, kamerov\u00fd syst\u00e9m, syst\u00e9m HOME, rozvod televizn\u00edho sign\u00e1lu a rozvod kabel\u00e1\u017ee pro internet, dorozum\u00edvac\u00ed za\u0159\u00edzen\u00ed a\u00a0p\u0159\u00edstupov\u00fd syst\u00e9m.<\/p>\n<h3>Aplikace aktu\u00e1ln\u00edch trend\u016f v\u00a0oboru<\/h3>\n<ul>\n<li><em><u>Inteligentn\u00ed dom\u00e1c\u00ed instalace<\/u><\/em>: k&nbsp;\u0159\u00edzen\u00ed cel\u00e9 dom\u00e1cnosti byl pou\u017eit syst\u00e9m free@home (ABB s.r.o.), a to konkr\u00e9tn\u011b pro regulaci teploty, otev\u00edr\u00e1n\u00ed dve\u0159\u00ed, ovl\u00e1d\u00e1n\u00ed venkovn\u00edch sv\u00edtidel, ovl\u00e1d\u00e1n\u00ed \u017ealuzi\u00ed a dal\u0161\u00ed elektronick\u00e9 \u00fakony spojen\u00e9 s&nbsp;chodem dom\u00e1cnosti; pro osv\u011btlen\u00ed byl zvolen syst\u00e9m Philips Hue.<\/li>\n<li><em><u>Domovn\u00ed kamerov\u00fd syst\u00e9m<\/u><\/em>: pro vn\u011bj\u0161\u00ed ochranu objektu je nainstalov\u00e1n kamerov\u00fd syst\u00e9m s\u00a0mo\u017enost\u00ed z\u00e1znamu (Hikvision)<\/li>\n<li><em><u>Elektronick\u00e9 zabezpe\u010den\u00ed<\/u><\/em>: do projektov\u00e9ho domku jsme um\u00edstili zabezpe\u010dovac\u00ed syst\u00e9m. Z\u00a0d\u016fvodu v\u00fduky se nainstalovaly\u00a0r\u016fzn\u00e9 typy \u010didel. (JABLOTRON ALARMS a.s.)<\/li>\n<li><em><u>Hlasov\u00fd asistent<\/u><\/em>: pro uleh\u010den\u00ed u\u017eivatelsk\u00e9ho rozhran\u00ed jsme osadili hlasov\u00e9 asistenty Google home a Amazon Echo Alexa \u2013 ovl\u00e1d\u00e1n\u00ed el. p\u0159\u00edstroj\u016f pomoc\u00ed hlasu (na uk\u00e1zku \u2013 osv\u011btlen\u00ed)<\/li>\n<li><em><u>Ostrovn\u00ed sol\u00e1rn\u00ed syst\u00e9m<\/u><\/em>: pro zv\u00fd\u0161en\u00ed energetick\u00e9 samostatnosti projektov\u00e9ho domku je p\u0159ipraven ostrovn\u00ed sol\u00e1rn\u00ed system (\u010cEZ) \u2013 fotovoltaick\u00e9 panely a baterie<\/li>\n<li><em><u>Syst\u00e9m p\u0159\u00edjmu TVR<\/u><\/em>: sou\u010d\u00e1st\u00ed domu je i rozvod televizn\u00edho a rozhlasov\u00e9ho vys\u00edl\u00e1n\u00ed<\/li>\n<li><em><u>IP video vr\u00e1tn\u00edk<\/u><\/em>: bude slou\u017eit pro zvukovou a obrazovou komunikaci s&nbsp;lidmi stoj\u00edc\u00edmi p\u0159ed dve\u0159mi do u\u010debny<\/li>\n<li><em><u>LAN s\u00ed\u0165<\/u><\/em>: ned\u00edlnou sou\u010d\u00e1st\u00ed projektu je lok\u00e1ln\u00ed internetov\u00e1 infrastruktura, kter\u00e1 slou\u017e\u00ed k\u00a0zaji\u0161t\u011bn\u00ed vzd\u00e1len\u00e9ho p\u0159\u00edstupu k&nbsp;syst\u00e9mu<\/li>\n<\/ul>\n<h3>Slo\u017een\u00ed sout\u011b\u017en\u00edho t\u00fdmu<\/h3>\n<p>Na \u0161kole byl vytvo\u0159en t\u00fdm, kter\u00fd se pod\u00edlel na tvorb\u011b tohoto modelu.<\/p>\n<p>Vedouc\u00ed t\u00fdmu: Mgr. Josef Lanco\u0161, vedouc\u00ed u\u010ditel odborn\u00e9ho v\u00fdcviku<\/p>\n<p>Garant:\u00a0 Ing. Lenka Demjanov\u00e1 \u2013 vedouc\u00ed u\u010ditelka SO\u0160EaS<\/p>\n<h4>\u0158e\u0161itel\u00e9:<\/h4>\n<p>u\u010ditel\u00e9 OV elektrotechnick\u00fdch obor\u016f:<\/p>\n<ul>\n<li>Vladim\u00edr Arnold \u2013 p\u0159ep\u011b\u0165ov\u00e9 ochrany a hromosvod<\/li>\n<li>Lubo\u0161 H\u00e9gr \u2013 EZS, kamerov\u00e9 syst\u00e9my<\/li>\n<li>Josef Kubelka \u2013 p\u0159\u00edvod a elektrom\u011brov\u00fd rozvad\u011b\u010d<\/li>\n<li>Old\u0159ich Kune\u0161 \u2013 silnoproud\u00e9 rozvody<\/li>\n<li>Petr T\u016fma \u2013 inteligentn\u00ed rozvody<\/li>\n<li>Bc. Pavel J\u00e1nsk\u00fd \u2013 fotovoltaick\u00e9 syst\u00e9my<\/li>\n<li>Martin Lacina \u2013 slaboproud\u00e9 rozvody<\/li>\n<\/ul>\n<p>u\u010ditel\u00e9 OV stavebn\u00edch obor\u016f:<\/p>\n<ul>\n<li>Rostislav Jano\u0161 \u2013 konstrukce ze s\u00e1drokartonu<\/li>\n<li>Josef Smola\u0159 \u2013 tesa\u0159sk\u00e9 pr\u00e1ce<\/li>\n<\/ul>\n<p>\u017d\u00e1kovsk\u00fd t\u00fdm:\u00a0 Tom\u00e1\u0161 Tieze \u2013 vedouc\u00ed \u017e\u00e1kovsk\u00e9ho t\u00fdmu (\u017e\u00e1k 3.&nbsp;ro\u010dn\u00edku oboru MEZ)<\/p>\n<p>\u0158e\u0161itel\u00e9 \u017e\u00e1kovsk\u00e9ho t\u00fdmu:<\/p>\n<ul>\n<li>\u017d\u00e1ci 3.&nbsp;ro\u010dn\u00edku obor\u016f <em>RVP 26-41-L\/01 Mechanik elektrotechnik<\/em> \u2013 \u0160VP<em> Mechanik elektronik (ME) a \u0160VP Mechanik elektrotechnick\u00fdch za\u0159\u00edzen\u00ed<\/em> <em>(MEZ)<\/em> &#8211; Viktor Nozar (ME), Daniel \u0160tochl (ME), Petr Kudrn\u00e1\u010d (MEZ).<\/li>\n<\/ul>\n<p>Je nutn\u00e9 zm\u00ednit, \u017ee \u017e\u00e1ci na realizaci projektu pracovali nejen v\u00a0dob\u011b odborn\u00e9ho v\u00fdcviku, ale v\u011bnovali pr\u00e1ci i velk\u00fd d\u00edl sv\u00e9ho voln\u00e9ho \u010dasu.<\/p>\n<p>Na realizaci se d\u00e1le pod\u00edleli \u017e\u00e1ci i jin\u00fdch ro\u010dn\u00edk\u016f elektrotechnick\u00fdch, tak stavebn\u00edch obor\u016f \u0161koly.<\/p>\n<ul>\n<li>Z\u0160 Kada\u0148sk\u00e1, Chomutov: Petr Fila, Franti\u0161ek Straka, Vojt\u011bch Loveck\u00fd, Vojt\u011bch Paluba<\/li>\n<li>Z\u0160 P\u00edse\u010dn\u00e1, Chomutov: Marian Ol\u00e1h, Stefanie Baloghov\u00e1, Karel \u010cern\u00fd, Nat\u00e1lie Brandtov\u00e1<\/li>\n<\/ul>\n","protected":false},"excerpt":{"rendered":"<p>\u00da\u010dastn\u00edk: St\u0159edn\u00ed odborn\u00e1 \u0161kola energetick\u00e1 a stavebn\u00ed, Obchodn\u00ed akademie a St\u0159edn\u00ed zdravotnick\u00e1 \u0161kola, Chomutov, p\u0159\u00edsp\u011bvkov\u00e1 organizace Prezentace (PDF) \u017e\u00e1k\u016f p\u0159ed hodnot\u00edc\u00ed komis\u00ed Virtu\u00e1ln\u00ed prohl\u00eddka inteligentn\u00edm domem unik\u00e1tn\u00ed metodou Matterport! prohl\u00eddka pomoc\u00ed virtu\u00e1ln\u00edch br\u00fdl\u00ed dostupn\u00e1 zde:\u00a0https:\/\/my.matterport.com\/vr\/show\/?m=xzNUn969Zdc My\u0161lenka, n\u00e1pad \u017dijeme v\u00a0dob\u011b datov\u00e9, elektronick\u00e9 syst\u00e9my v\u00a0podstat\u011b \u0159\u00edd\u00ed \u017eivoty n\u00e1s v\u0161ech. Ve jm\u00e9nu pokroku budujeme, stav\u00edme, zlep\u0161ujeme podm\u00ednky \u017eivota,&hellip; <br \/> <a class=\"read-more\" href=\"https:\/\/www.esoz-projekty.cz\/?page_id=727\">V\u00edce<\/a><\/p>\n","protected":false},"author":2,"featured_media":0,"parent":0,"menu_order":0,"comment_status":"closed","ping_status":"closed","template":"","meta":[],"_links":{"self":[{"href":"https:\/\/www.esoz-projekty.cz\/index.php?rest_route=\/wp\/v2\/pages\/727"}],"collection":[{"href":"https:\/\/www.esoz-projekty.cz\/index.php?rest_route=\/wp\/v2\/pages"}],"about":[{"href":"https:\/\/www.esoz-projekty.cz\/index.php?rest_route=\/wp\/v2\/types\/page"}],"author":[{"embeddable":true,"href":"https:\/\/www.esoz-projekty.cz\/index.php?rest_route=\/wp\/v2\/users\/2"}],"replies":[{"embeddable":true,"href":"https:\/\/www.esoz-projekty.cz\/index.php?rest_route=%2Fwp%2Fv2%2Fcomments&post=727"}],"version-history":[{"count":24,"href":"https:\/\/www.esoz-projekty.cz\/index.php?rest_route=\/wp\/v2\/pages\/727\/revisions"}],"predecessor-version":[{"id":762,"href":"https:\/\/www.esoz-projekty.cz\/index.php?rest_route=\/wp\/v2\/pages\/727\/revisions\/762"}],"wp:attachment":[{"href":"https:\/\/www.esoz-projekty.cz\/index.php?rest_route=%2Fwp%2Fv2%2Fmedia&parent=727"}],"curies":[{"name":"wp","href":"https:\/\/api.w.org\/{rel}","templated":true}]}}