{"id":782,"date":"2020-07-14T14:13:52","date_gmt":"2020-07-14T13:13:52","guid":{"rendered":"http:\/\/www.esoz-projekty.cz\/?page_id=782"},"modified":"2025-06-02T04:04:06","modified_gmt":"2025-06-02T06:04:06","slug":"mesmerize-pro","status":"publish","type":"page","link":"https:\/\/www.esoz-projekty.cz\/","title":{"rendered":"Front Page"},"content":{"rendered":"<div  id=\"overlappable-4\" style=\"background-color: #ffffff;\" data-label=\"Overlappable\" data-id=\"overlappable-4\" data-export-id=\"overlappable-4\" data-category=\"overlappable\" class=\"overlappable-4 content-section content-section-spacing\" data-overlap=\"true\"><div  class=\"gridContainer\"> <div  data-type=\"row\" class=\"row spaced-cols text-center\"> <div  class=\"col-xs-12 col-sm-4 col-padding col-md-4 \"> <a data-cp-link=\"1\" href=\"\/\/www.esoz.cz\/tyden-odbornych-dovednosti-2020\" target=\"_blank\" rel=\"noopener noreferrer\" class=\"\"><i  class=\"fa icon shadow-large-black aligncenter fa-globe bordered round color2\"><\/i><\/a> <div  data-type=\"column\" class=\"\"><a class=\"link\" href=\"https:\/\/www.esoz-projekty.cz?page_id=1281\" target=\"_self\" data-cp-link=\"1\" rel=\"noopener\">ERASMUS+<\/a> <\/div> <\/div> <div  class=\"col-xs-12 col-sm-4 col-padding col-md-4 \"> <i  class=\"fa icon shadow-large-black aligncenter fa-contao bordered round color7\"><\/i> <div  data-type=\"column\" class=\"\"> <p  class=\"\">Kompetence 4.0<\/p><a class=\"link\" href=\"https:\/\/www.esoz.cz\/21252-2\" target=\"_blank\" data-cp-link=\"1\" rel=\"noopener\">Podpis Deklarace o partnerstv\u00ed s&nbsp;\u010cEZ<\/a><a class=\"link\" href=\"https:\/\/www.mpsv.cz\/kompetence\" target=\"_self\" data-cp-link=\"1\" rel=\"noopener\">Informace o projektu<\/a><\/div> <\/div><div  class=\"col-xs-12 col-sm-4 col-padding col-md-4 \"> <a data-cp-link=\"1\" href=\"\/\/www.esoz.cz\/tyden-odbornych-dovednosti-2020\" target=\"_blank\" rel=\"noopener noreferrer\" class=\"\"><i  class=\"fa icon shadow-large-black aligncenter fa-handshake-o bordered round color1\"><\/i><\/a> <div  data-type=\"column\" class=\"\"><a class=\"link\" href=\"https:\/\/www.esoz-projekty.cz?page_id=471\" target=\"_self\" data-cp-link=\"1\" rel=\"noopener\">Konrad Zuse hled\u00ed p\u0159es hranice<\/a> <\/div> <\/div><\/div> <\/div><\/div><div  id=\"latest-news-1\" style=\"background-color: rgba(255, 255, 255, 0); background-image: none; background-size: cover; background-position: center top;\" data-label=\"Latest-news\" data-id=\"blog-section\" data-export-id=\"blog-section\" data-category=\"latest_news\" class=\"blog-section blog-section-standard content-section content-section-spacing\"><div  class=\"gridContainer\">  <div  class=\"row\"> <div  data-type=\"row\" data-dynamic-columns=\"handled\" data-content-shortcode=\"mesmerize_latest_news posts=&quot;4&quot; columns=&quot;3&quot; \">        <div class=\"row center-sm content-left-sm\">\n                    <div id=\"post-1552\" class=\"col-sm-6 col-md-3 space-bottom space-bottom-xs\">\n                <div class=\"post-content card y-move bordered\">\n                    <div class=\"post-thumbnail\">\n   <a href=\"https:\/\/www.esoz-projekty.cz\/?p=1552\" class=\"post-list-item-thumb \">\n      <img width=\"1024\" height=\"719\" src=\"https:\/\/www.esoz-projekty.cz\/wp-content\/uploads\/2021\/11\/WhatsApp-Image-2021-11-03-at-10.17.37-2-1024x719.jpeg\" class=\"attachment-post-thumbnail size-post-thumbnail wp-post-image\" alt=\"\" loading=\"lazy\" srcset=\"https:\/\/www.esoz-projekty.cz\/wp-content\/uploads\/2021\/11\/WhatsApp-Image-2021-11-03-at-10.17.37-2-1024x719.jpeg 1024w, https:\/\/www.esoz-projekty.cz\/wp-content\/uploads\/2021\/11\/WhatsApp-Image-2021-11-03-at-10.17.37-2-300x211.jpeg 300w, https:\/\/www.esoz-projekty.cz\/wp-content\/uploads\/2021\/11\/WhatsApp-Image-2021-11-03-at-10.17.37-2-768x539.jpeg 768w, https:\/\/www.esoz-projekty.cz\/wp-content\/uploads\/2021\/11\/WhatsApp-Image-2021-11-03-at-10.17.37-2-1536x1079.jpeg 1536w, https:\/\/www.esoz-projekty.cz\/wp-content\/uploads\/2021\/11\/WhatsApp-Image-2021-11-03-at-10.17.37-2-1538x1080.jpeg 1538w, https:\/\/www.esoz-projekty.cz\/wp-content\/uploads\/2021\/11\/WhatsApp-Image-2021-11-03-at-10.17.37-2.jpeg 1824w\" sizes=\"(max-width: 1024px) 100vw, 1024px\" \/>   <\/a>\n<\/div>\n                    <div class=\"col-padding col-padding-xs\">\n                        <h3 class=\"post-title space-bottom-small\">\n                            <a href=\"https:\/\/www.esoz-projekty.cz\/?p=1552\" rel=\"bookmark\">\n                                Energie pod pokli\u010dkou 2025: environment\u00e1ln\u00ed vzd\u011bl\u00e1v\u00e1n\u00ed, kter\u00e9 m\u00e1 smysl                            <\/a>\n                        <\/h3>\n                        <p>V pr\u016fb\u011bhu leto\u0161n\u00edho roku se uskute\u010dnil vzd\u011bl\u00e1vac\u00ed projekt\u00a0Energie pod pokli\u010dkou 2025, kter\u00fd byl zam\u011b\u0159en na environment\u00e1ln\u00ed vzd\u011bl\u00e1v\u00e1n\u00ed, v\u00fdchovu a osv\u011btu v&nbsp;oblasti energie, jej\u00edho vyu\u017e\u00edv\u00e1n\u00ed a dopad\u016f na \u017eivotn\u00ed prost\u0159ed\u00ed. Projekt[&hellip;]<\/p>\n                        <a class=\"read-more link\" href=\"https:\/\/www.esoz-projekty.cz\/?p=1552\">\n                            Read more                        <\/a>\n                    <\/div>\n                <\/div>\n            <\/div>\n                    <div id=\"post-1522\" class=\"col-sm-6 col-md-3 space-bottom space-bottom-xs\">\n                <div class=\"post-content card y-move bordered\">\n                    <div class=\"post-thumbnail\">\n   <a href=\"https:\/\/www.esoz-projekty.cz\/?p=1522\" class=\"post-list-item-thumb \">\n      <img width=\"1000\" height=\"750\" src=\"https:\/\/www.esoz-projekty.cz\/wp-content\/uploads\/2025\/06\/IMG-20250620-WA0000.jpg\" class=\"attachment-post-thumbnail size-post-thumbnail wp-post-image\" alt=\"\" loading=\"lazy\" srcset=\"https:\/\/www.esoz-projekty.cz\/wp-content\/uploads\/2025\/06\/IMG-20250620-WA0000.jpg 1000w, https:\/\/www.esoz-projekty.cz\/wp-content\/uploads\/2025\/06\/IMG-20250620-WA0000-300x225.jpg 300w, https:\/\/www.esoz-projekty.cz\/wp-content\/uploads\/2025\/06\/IMG-20250620-WA0000-768x576.jpg 768w\" sizes=\"(max-width: 1000px) 100vw, 1000px\" \/>   <\/a>\n<\/div>\n                    <div class=\"col-padding col-padding-xs\">\n                        <h3 class=\"post-title space-bottom-small\">\n                            <a href=\"https:\/\/www.esoz-projekty.cz\/?p=1522\" rel=\"bookmark\">\n                                Spole\u010dn\u011b to zvl\u00e1dneme                            <\/a>\n                        <\/h3>\n                        <p>Ve dnech 18.\u201320.\u00a0\u010dervna se t\u0159\u00eddy TPO1.\u00a0a IZ1.\u00a0z\u00fa\u010dastnily adapta\u010dn\u00edho pobytu v\u00a0r\u00e1mci programu\u00a0Spole\u010dn\u011b to zvl\u00e1dneme. B\u011bhem pobytu \u017e\u00e1ci obou t\u0159\u00edd absolvovali r\u016fzn\u00e9 aktivity zam\u011b\u0159en\u00e9 na posilov\u00e1n\u00ed vztah\u016f v\u00a0kolektivu. U\u017eili si v\u00fdlet ke[&hellip;]<\/p>\n                        <a class=\"read-more link\" href=\"https:\/\/www.esoz-projekty.cz\/?p=1522\">\n                            Read more                        <\/a>\n                    <\/div>\n                <\/div>\n            <\/div>\n                    <div id=\"post-1510\" class=\"col-sm-6 col-md-3 space-bottom space-bottom-xs\">\n                <div class=\"post-content card y-move bordered\">\n                    <div class=\"post-thumbnail\">\n   <a href=\"https:\/\/www.esoz-projekty.cz\/?p=1510\" class=\"post-list-item-thumb \">\n      <img width=\"1024\" height=\"768\" src=\"https:\/\/www.esoz-projekty.cz\/wp-content\/uploads\/2025\/06\/WhatsApp-Image-2025-06-18-at-20.25.11-1024x768.jpeg\" class=\"attachment-post-thumbnail size-post-thumbnail wp-post-image\" alt=\"\" loading=\"lazy\" srcset=\"https:\/\/www.esoz-projekty.cz\/wp-content\/uploads\/2025\/06\/WhatsApp-Image-2025-06-18-at-20.25.11-1024x768.jpeg 1024w, https:\/\/www.esoz-projekty.cz\/wp-content\/uploads\/2025\/06\/WhatsApp-Image-2025-06-18-at-20.25.11-300x225.jpeg 300w, https:\/\/www.esoz-projekty.cz\/wp-content\/uploads\/2025\/06\/WhatsApp-Image-2025-06-18-at-20.25.11-768x576.jpeg 768w, https:\/\/www.esoz-projekty.cz\/wp-content\/uploads\/2025\/06\/WhatsApp-Image-2025-06-18-at-20.25.11-1536x1152.jpeg 1536w, https:\/\/www.esoz-projekty.cz\/wp-content\/uploads\/2025\/06\/WhatsApp-Image-2025-06-18-at-20.25.11-1440x1080.jpeg 1440w, https:\/\/www.esoz-projekty.cz\/wp-content\/uploads\/2025\/06\/WhatsApp-Image-2025-06-18-at-20.25.11.jpeg 1600w\" sizes=\"(max-width: 1024px) 100vw, 1024px\" \/>   <\/a>\n<\/div>\n                    <div class=\"col-padding col-padding-xs\">\n                        <h3 class=\"post-title space-bottom-small\">\n                            <a href=\"https:\/\/www.esoz-projekty.cz\/?p=1510\" rel=\"bookmark\">\n                                \u017d\u00e1ci na zku\u0161enou v&nbsp;Trnav\u011b                            <\/a>\n                        <\/h3>\n                        <p>Jako \u017e\u00e1ci St\u0159edn\u00ed odborn\u00e9 \u0161koly ESOZ Chomutov, obor\u016f Bezpe\u010dnostn\u011b pr\u00e1vn\u00ed \u010dinnost a Obchodn\u00ed akademie. jsme dva t\u00fddny v&nbsp;m\u011bs\u00edci \u010dervnu 2025 v&nbsp;r\u00e1mci Erasmu vykon\u00e1vali odbornou st\u00e1\u017e na M\u011bstsk\u00e9m \u00fa\u0159ad\u011b Trnava a[&hellip;]<\/p>\n                        <a class=\"read-more link\" href=\"https:\/\/www.esoz-projekty.cz\/?p=1510\">\n                            Read more                        <\/a>\n                    <\/div>\n                <\/div>\n            <\/div>\n                    <div id=\"post-1554\" class=\"col-sm-6 col-md-3 space-bottom space-bottom-xs\">\n                <div class=\"post-content card y-move bordered\">\n                    <div class=\"post-thumbnail\">\n   <a href=\"https:\/\/www.esoz-projekty.cz\/?p=1554\" class=\"post-list-item-thumb \">\n      <img width=\"1024\" height=\"1365\" src=\"https:\/\/www.esoz-projekty.cz\/wp-content\/uploads\/2021\/11\/WhatsApp-Image-2021-11-08-at-10.49.41-1-1024x1365.jpeg\" class=\"attachment-post-thumbnail size-post-thumbnail wp-post-image\" alt=\"\" loading=\"lazy\" srcset=\"https:\/\/www.esoz-projekty.cz\/wp-content\/uploads\/2021\/11\/WhatsApp-Image-2021-11-08-at-10.49.41-1-1024x1365.jpeg 1024w, https:\/\/www.esoz-projekty.cz\/wp-content\/uploads\/2021\/11\/WhatsApp-Image-2021-11-08-at-10.49.41-1-225x300.jpeg 225w, https:\/\/www.esoz-projekty.cz\/wp-content\/uploads\/2021\/11\/WhatsApp-Image-2021-11-08-at-10.49.41-1-768x1024.jpeg 768w, https:\/\/www.esoz-projekty.cz\/wp-content\/uploads\/2021\/11\/WhatsApp-Image-2021-11-08-at-10.49.41-1-1152x1536.jpeg 1152w, https:\/\/www.esoz-projekty.cz\/wp-content\/uploads\/2021\/11\/WhatsApp-Image-2021-11-08-at-10.49.41-1-810x1080.jpeg 810w, https:\/\/www.esoz-projekty.cz\/wp-content\/uploads\/2021\/11\/WhatsApp-Image-2021-11-08-at-10.49.41-1.jpeg 1368w\" sizes=\"(max-width: 1024px) 100vw, 1024px\" \/>   <\/a>\n<\/div>\n                    <div class=\"col-padding col-padding-xs\">\n                        <h3 class=\"post-title space-bottom-small\">\n                            <a href=\"https:\/\/www.esoz-projekty.cz\/?p=1554\" rel=\"bookmark\">\n                                Projekt Energie pod pokli\u010dkou 2025 op\u011bt startuje: \u0161koly se mohou zapojit                            <\/a>\n                        <\/h3>\n                        <p>I v&nbsp;leto\u0161n\u00edm roce se p\u0159ipravuje realizace vzd\u011bl\u00e1vac\u00edho projektu\u00a0Energie pod pokli\u010dkou 2025, kter\u00fd je zam\u011b\u0159en na environment\u00e1ln\u00ed vzd\u011bl\u00e1v\u00e1n\u00ed, v\u00fdchovu a osv\u011btu v&nbsp;oblasti energie, jej\u00edho vyu\u017e\u00edv\u00e1n\u00ed a udr\u017eitelnosti. Projekt navazuje na p\u0159edchoz\u00ed[&hellip;]<\/p>\n                        <a class=\"read-more link\" href=\"https:\/\/www.esoz-projekty.cz\/?p=1554\">\n                            Read more                        <\/a>\n                    <\/div>\n                <\/div>\n            <\/div>\n            <\/div>\n    <\/div><\/div> <div  class=\"row\"><div  class=\"text-center\"> <a  class=\"button color1 outline\" data-attr-shortcode=\"href:mesmerize_blog_link\" href=\"https:\/\/www.esoz-projekty.cz\/?page_id=783\" data-icon=\"\">Na\u010d\u00edst star\u0161\u00ed p\u0159\u00edsp\u011bvky<\/a><\/div> <\/div><\/div><\/div><div  data-label=\"Cta\" data-id=\"cta--1\" data-export-id=\"cta-blue-section\" data-category=\"cta\" class=\"cta-blue-section content-section content-section-spacing-medium bg-color1 white-text\" id=\"cta-1\"><div  class=\"gridContainer\"> <div  class=\"row middle-xs\"><div  class=\"col-sm-8 space-bottom-xs\" data-type=\"column\">  <p  class=\"\">Strategie internacionalizace St\u0159edn\u00ed odborn\u00e9 \u0161koly energetick\u00e9 a stavebn\u00ed,&nbsp;Obchodn\u00ed akademie a St\u0159edn\u00ed zdravotnick\u00e9 \u0161koly, Chomutov&nbsp;pro obdob\u00ed do 2024+<\/p><\/div> <div  class=\"col-sm-4 end-sm\" data-type=\"column\"> <a class=\"button color7\" href=\"https:\/\/www.esoz-projekty.cz\/wp-content\/uploads\/2020\/08\/Z%C3%A1sady-internacionalizace.pdf\" target=\"_self\" data-cp-link=\"1\" data-icon=\"\" rel=\"noopener noreferrer\">prohl\u00e9dnout Z\u00e1sady (pdf)<\/a><\/div> <\/div><\/div> <\/div><div  data-label=\"Clients\" data-id=\"clients--1\" data-export-id=\"clients-4\" data-category=\"clients\" class=\"clients-4 content-section content-section-spacing-small content-relative\" id=\"clients-1\" style=\"background-color: rgb(255, 255, 255);\"><div  class=\"\">  <div  data-type=\"row\" class=\"row spaced-cols middle-xs center-xs space-bottom padding-lr\">  <div  class=\"col-xs-6 col-sm-2\"> <img  src=\"http:\/\/www.esoz-projekty.cz\/wp-content\/uploads\/2018\/07\/cropped-logo-uk.png\" class=\"\" alt=\"\" title=\"cropped-logo-uk.png\"><\/div> <div  class=\"col-xs-6 col-sm-2\"> <img  src=\"http:\/\/www.esoz-projekty.cz\/wp-content\/uploads\/2018\/07\/United20Energy.jpg\" class=\"\" alt=\"\" title=\"UnitedEnergy\"><\/div><div  class=\"col-xs-6 col-sm-2\"> <img  src=\"http:\/\/www.esoz-projekty.cz\/wp-content\/uploads\/2018\/06\/cropped-logo_chomutov.jpg\" class=\"\" alt=\"\" title=\"cropped-logo_chomutov.jpg\"><\/div>   <div  class=\"col-xs-6 col-sm-2\"> <img  src=\"http:\/\/www.esoz-projekty.cz\/wp-content\/uploads\/2018\/02\/logo_er.png\" class=\"\" alt=\"\" title=\"logo_er\"><\/div> <div  class=\"col-xs-6 col-sm-2\"> <img  src=\"http:\/\/www.esoz-projekty.cz\/wp-content\/uploads\/2018\/02\/cropped-SNCZ2020-1.jpg\" class=\"\" alt=\"\" title=\"cropped-SNCZ2020-1.jpg\"><\/div><div  class=\"col-xs-6 col-sm-2\"> <img  src=\"http:\/\/www.esoz-projekty.cz\/wp-content\/uploads\/2018\/10\/vet_webbanner_transparentblue.png\" class=\"\" alt=\"\" title=\"vet_webbanner_transparentblue\"><\/div><div  class=\"col-xs-6 col-sm-2\"> <img  src=\"http:\/\/www.esoz-projekty.cz\/wp-content\/uploads\/2018\/02\/Erasmus.jpg\" class=\"\" alt=\"\" title=\"Erasmus+\"><\/div><div  class=\"col-xs-6 col-sm-2\"> <img  src=\"http:\/\/www.esoz-projekty.cz\/wp-content\/uploads\/2018\/06\/cropped-eu-1.png\" class=\"\" alt=\"\" title=\"cropped-eu-1.png\"><\/div><div  class=\"col-xs-6 col-sm-2\"> <img  src=\"http:\/\/www.esoz-projekty.cz\/wp-content\/uploads\/2018\/07\/logolink600.jpg\" class=\"\" alt=\"\" title=\"logolink600\"><\/div><div  class=\"col-xs-6 col-sm-2\"> <img  src=\"http:\/\/www.esoz-projekty.cz\/wp-content\/uploads\/2020\/06\/cropped-KeyMob_new.png\" class=\"\" alt=\"\" title=\"cropped-KeyMob_new.png\"><\/div><\/div><\/div> <\/div><div  data-label=\"Kontakt\" data-id=\"contact--1\" data-export-id=\"contact-4\" data-category=\"contact\" class=\"contact-4 content-section\" id=\"kontakt\" style=\"background-color: rgb(245, 250, 253);\"><div  class=\"\"> <div  class=\"row\"><div  class=\"col-xs-12 no-gutter-col\"> <div  data-content-shortcode=\"mesmerize_maps address=&quot;Chomutov Na Pruhone 4800&quot; zoom=&quot;80&quot;\" data-editable=\"true\" class=\"\">        <div class=\"mesmerize-google-maps\" style=\"width:100%\">\n            <iframe style=\"width:100%; height:100%;min-height:inherit;display:block;\" src=\"https:\/\/maps.google.com\/maps?q=Chomutov%20Na%20Pruhone%204800&#038;z=17&#038;output=embed&#038;iwloc=near\"><\/iframe>\n        <\/div>\n    <\/div><\/div> <\/div><\/div> <\/div>","protected":false},"excerpt":{"rendered":"<p>ERASMUS+ Kompetence 4.0Podpis Deklarace o partnerstv\u00ed s&nbsp;\u010cEZInformace o projektu Konrad Zuse hled\u00ed p\u0159es hranice Na\u010d\u00edst star\u0161\u00ed p\u0159\u00edsp\u011bvky Strategie internacionalizace St\u0159edn\u00ed odborn\u00e9 \u0161koly energetick\u00e9 a stavebn\u00ed,&nbsp;Obchodn\u00ed akademie a St\u0159edn\u00ed zdravotnick\u00e9 \u0161koly, Chomutov&nbsp;pro obdob\u00ed do 2024+ prohl\u00e9dnout Z\u00e1sady (pdf)<\/p>\n","protected":false},"author":2,"featured_media":0,"parent":0,"menu_order":0,"comment_status":"closed","ping_status":"closed","template":"page-templates\/homepage.php","meta":[],"_links":{"self":[{"href":"https:\/\/www.esoz-projekty.cz\/index.php?rest_route=\/wp\/v2\/pages\/782"}],"collection":[{"href":"https:\/\/www.esoz-projekty.cz\/index.php?rest_route=\/wp\/v2\/pages"}],"about":[{"href":"https:\/\/www.esoz-projekty.cz\/index.php?rest_route=\/wp\/v2\/types\/page"}],"author":[{"embeddable":true,"href":"https:\/\/www.esoz-projekty.cz\/index.php?rest_route=\/wp\/v2\/users\/2"}],"replies":[{"embeddable":true,"href":"https:\/\/www.esoz-projekty.cz\/index.php?rest_route=%2Fwp%2Fv2%2Fcomments&post=782"}],"version-history":[{"count":45,"href":"https:\/\/www.esoz-projekty.cz\/index.php?rest_route=\/wp\/v2\/pages\/782\/revisions"}],"predecessor-version":[{"id":1333,"href":"https:\/\/www.esoz-projekty.cz\/index.php?rest_route=\/wp\/v2\/pages\/782\/revisions\/1333"}],"wp:attachment":[{"href":"https:\/\/www.esoz-projekty.cz\/index.php?rest_route=%2Fwp%2Fv2%2Fmedia&parent=782"}],"curies":[{"name":"wp","href":"https:\/\/api.w.org\/{rel}","templated":true}]}}